{"id":20235,"date":"2025-07-25T11:21:15","date_gmt":"2025-07-25T11:21:15","guid":{"rendered":"https:\/\/boreait.com\/hr\/?post_type=product&#038;p=20235"},"modified":"2026-01-09T12:57:31","modified_gmt":"2026-01-09T12:57:31","slug":"fujitsu-siemens-esprimo-mobile-v5535-okvir-zaslona-6051b0190101","status":"publish","type":"product","link":"https:\/\/boreait.com\/hr\/product\/fujitsu-siemens-esprimo-mobile-v5535-okvir-zaslona-6051b0190101\/","title":{"rendered":"Fujitsu Siemens Esprimo Mobile V5535 okvir zaslona 6051B0190101"},"content":{"rendered":"<p>Unaprijedite izgled i izdr\u017eljivost svog prijenosnog ra\u010dunala Fujitsu Siemens Esprimo Mobile V5535 s okvirom zaslona Fujitsu Siemens Esprimo Mobile 6051B0190101. Izra\u0111en kako bi pru\u017eio i estetsko pobolj\u0161anje i strukturnu potporu, ovaj originalni okvir zaslona osigurava besprijekorno pristajanje i pobolj\u0161anu za\u0161titu zaslona za va\u0161e prijenosno ra\u010dunalo.<\/p>\n<p>Dizajniran da odgovara stilu i specifikacijama va\u0161eg prijenosnog ra\u010dunala Esprimo Mobile, ovaj okvir s okvirom pobolj\u0161ava cjelokupni izgled va\u0161eg ure\u0111aja. Besprijekorno okru\u017euje zaslon prijenosnog ra\u010dunala, daju\u0107i mu dotjeran i profesionalan izgled.<\/p>\n<p>Osim estetike, ovaj okvir okvira ima i klju\u010dnu za\u0161titnu funkciju. \u0160titi zaslon va\u0161eg prijenosnog ra\u010dunala od vanjskih utjecaja, sprje\u010davaju\u0107i potencijalno o\u0161te\u0107enje. Bilo da ste profesionalac u pokretu ili student u u\u017eurbanom okru\u017eenju, ovaj okvir s okvirom \u0161titi zaslon va\u0161eg prijenosnog ra\u010dunala od svakodnevnog habanja.<\/p>\n<p>Instalacija je jednostavna, zahvaljuju\u0107i dizajnu koji je uskla\u0111en s originalnim komponentama va\u0161eg prijenosnog ra\u010dunala. Odabirom autenti\u010dnih dijelova ula\u017eete u izgled i za\u0161titu svog prijenosnog ra\u010dunala.<\/p>\n<p>Nadogradite izgled prijenosnog ra\u010dunala i za\u0161titu zaslona pomo\u0107u Fujitsu Siemens Esprimo Mobile Screen Bezel Frame. U\u017eivajte u elegantnom i profesionalnom izgledu dok istovremeno \u0161titite zaslon prijenosnog ra\u010dunala od mogu\u0107ih o\u0161te\u0107enja.<\/p>\n<p>Prije kupnje provjerite kompatibilnost s odre\u0111enim modelom prijenosnog ra\u010dunala.<\/p>\n","protected":false},"excerpt":{"rendered":"<p>Pobolj\u0161ajte izgled i za\u0161titu svog prijenosnog ra\u010dunala Fujitsu Siemens Esprimo Mobile V5535 s okvirom zaslona Fujitsu Siemens Esprimo Mobile. U\u017eivajte u dotjeranom izgledu i za\u0161titi zaslona bez kompromisa u stilu.<\/p>\n","protected":false},"featured_media":20288,"template":"","meta":[],"product_brand":[],"product_cat":[51],"product_tag":[63],"class_list":{"0":"post-20235","1":"product","2":"type-product","3":"status-publish","4":"has-post-thumbnail","6":"product_cat-laptop-housing","7":"product_tag-fujitsu","9":"first","10":"instock","11":"taxable","12":"shipping-taxable","13":"purchasable","14":"product-type-simple"},"_links":{"self":[{"href":"https:\/\/boreait.com\/hr\/wp-json\/wp\/v2\/product\/20235","targetHints":{"allow":["GET"]}}],"collection":[{"href":"https:\/\/boreait.com\/hr\/wp-json\/wp\/v2\/product"}],"about":[{"href":"https:\/\/boreait.com\/hr\/wp-json\/wp\/v2\/types\/product"}],"wp:featuredmedia":[{"embeddable":true,"href":"https:\/\/boreait.com\/hr\/wp-json\/wp\/v2\/media\/20288"}],"wp:attachment":[{"href":"https:\/\/boreait.com\/hr\/wp-json\/wp\/v2\/media?parent=20235"}],"wp:term":[{"taxonomy":"product_brand","embeddable":true,"href":"https:\/\/boreait.com\/hr\/wp-json\/wp\/v2\/product_brand?post=20235"},{"taxonomy":"product_cat","embeddable":true,"href":"https:\/\/boreait.com\/hr\/wp-json\/wp\/v2\/product_cat?post=20235"},{"taxonomy":"product_tag","embeddable":true,"href":"https:\/\/boreait.com\/hr\/wp-json\/wp\/v2\/product_tag?post=20235"}],"curies":[{"name":"wp","href":"https:\/\/api.w.org\/{rel}","templated":true}]}}