{"id":20213,"date":"2025-07-25T11:20:55","date_gmt":"2025-07-25T11:20:55","guid":{"rendered":"https:\/\/boreait.com\/hr\/?post_type=product&#038;p=20213"},"modified":"2026-01-09T12:54:16","modified_gmt":"2026-01-09T12:54:16","slug":"1gb-hynix-hymp112s64cp6-y5-ab-pc2-5300s-555-12-prijenosno-racunalo-so-dimm-ram-memorija","status":"publish","type":"product","link":"https:\/\/boreait.com\/hr\/product\/1gb-hynix-hymp112s64cp6-y5-ab-pc2-5300s-555-12-prijenosno-racunalo-so-dimm-ram-memorija\/","title":{"rendered":"1GB Hynix HYMP112S64CP6-Y5 AB PC2-5300S-555-12 prijenosno ra\u010dunalo SO-DIMM RAM memorija"},"content":{"rendered":"<p>Nadogradite performanse svog prijenosnog ra\u010dunala s 1 GB Hynix HYMP112S64CP6-Y5 AB PC2-5300S-555-12 prijenosnog ra\u010dunala SO-DIMM memorijskim RAM-om. Dizajniran za pove\u0107anje memorijskog kapaciteta i brzine va\u0161eg prijenosnog ra\u010dunala, ovaj originalni Hynix memorijski modul osigurava nesmetan multitasking i pobolj\u0161ane ukupne performanse.<\/p>\n<p>Proizveden od strane Hynixa, pouzdanog imena u memorijskoj tehnologiji, ovaj 1GB SO-DIMM RAM modul dizajniran je za kompatibilnost i pouzdanost. To je bitna komponenta za pobolj\u0161anje sposobnosti va\u0161eg prijenosnog ra\u010dunala za rukovanje vi\u0161e aplikacija, pokretanje zahtjevnog softvera i rje\u0161avanje zadataka koji zahtijevaju veliku koli\u010dinu memorije.<\/p>\n<p>S kapacitetom od 1 GB, ovaj memorijski modul zna\u010dajno pove\u0107ava memoriju va\u0161eg prijenosnog ra\u010dunala, omogu\u0107uju\u0107i vam rad s ve\u0107im datotekama, pokretanje vi\u0161e aplikacija istovremeno i iskusiti br\u017eu obradu podataka. Bez obzira jeste li profesionalac koji se bavi slo\u017eenim zadacima ili povremeni korisnik koji \u017eeli pobolj\u0161ati brzinu prijenosnog ra\u010dunala, ova nadogradnja RAM-a pru\u017ea izvedbu koja vam je potrebna.<\/p>\n<p>Instalacija je jednostavna, zahvaljuju\u0107i industrijskom standardu SO-DIMM formata. Odabirom originalne Hynix memorije ula\u017eete u kvalitetu i pouzdanost nadogradnje memorije va\u0161eg prijenosnog ra\u010dunala.<\/p>\n<p>Poja\u010dajte performanse svog prijenosnog ra\u010dunala s 1 GB Hynix HYMP112S64CP6-Y5 AB PC2-5300S-555-12 prijenosnog ra\u010dunala SO-DIMM memorijskim RAM-om. Do\u017eivite glatkiju multitasking, br\u017eu obradu podataka i pobolj\u0161ane ukupne performanse na va\u0161em prijenosnom ra\u010dunalu.<\/p>\n<p>Prije kupnje provjerite kompatibilnost s odre\u0111enim modelom prijenosnog ra\u010dunala.<\/p>\n","protected":false},"excerpt":{"rendered":"<p>Nadogradite performanse svog prijenosnog ra\u010dunala s 1 GB Hynix HYMP112S64CP6-Y5 AB PC2-5300S-555-12 prijenosnog ra\u010dunala SO-DIMM memorijskim RAM-om. Iskusite glatkiju multitasking i br\u017eu obradu podataka.<\/p>\n","protected":false},"featured_media":20281,"template":"","meta":[],"product_brand":[],"product_cat":[76,71],"product_tag":[],"class_list":{"0":"post-20213","1":"product","2":"type-product","3":"status-publish","4":"has-post-thumbnail","6":"product_cat-ddr2","7":"product_cat-ram-memory","9":"first","10":"instock","11":"taxable","12":"shipping-taxable","13":"purchasable","14":"product-type-simple"},"_links":{"self":[{"href":"https:\/\/boreait.com\/hr\/wp-json\/wp\/v2\/product\/20213","targetHints":{"allow":["GET"]}}],"collection":[{"href":"https:\/\/boreait.com\/hr\/wp-json\/wp\/v2\/product"}],"about":[{"href":"https:\/\/boreait.com\/hr\/wp-json\/wp\/v2\/types\/product"}],"wp:featuredmedia":[{"embeddable":true,"href":"https:\/\/boreait.com\/hr\/wp-json\/wp\/v2\/media\/20281"}],"wp:attachment":[{"href":"https:\/\/boreait.com\/hr\/wp-json\/wp\/v2\/media?parent=20213"}],"wp:term":[{"taxonomy":"product_brand","embeddable":true,"href":"https:\/\/boreait.com\/hr\/wp-json\/wp\/v2\/product_brand?post=20213"},{"taxonomy":"product_cat","embeddable":true,"href":"https:\/\/boreait.com\/hr\/wp-json\/wp\/v2\/product_cat?post=20213"},{"taxonomy":"product_tag","embeddable":true,"href":"https:\/\/boreait.com\/hr\/wp-json\/wp\/v2\/product_tag?post=20213"}],"curies":[{"name":"wp","href":"https:\/\/api.w.org\/{rel}","templated":true}]}}