{"id":20206,"date":"2025-07-25T11:20:54","date_gmt":"2025-07-25T11:20:54","guid":{"rendered":"https:\/\/boreait.com\/hr\/?post_type=product&#038;p=20206"},"modified":"2025-07-25T11:21:44","modified_gmt":"2025-07-25T11:21:44","slug":"straznja-maska-za-hp-elitebook-840-g1-14-lcd-730949-001-m164","status":"publish","type":"product","link":"https:\/\/boreait.com\/hr\/product\/straznja-maska-za-hp-elitebook-840-g1-14-lcd-730949-001-m164\/","title":{"rendered":"Stra\u017enja maska za HP EliteBook 840 G1 14&#8243; LCD 730949-001 m164"},"content":{"rendered":"<p>Unaprijedite izgled i za\u0161titu va\u0161eg HP EliteBook 840 G1 sa 14&#8243; LCD stra\u017enjim poklopcem (730949-001 m164). Dizajniran da besprijekorno pristaje uz va\u0161e prijenosno ra\u010dunalo, ovaj originalni stra\u017enji poklopac pru\u017ea i stil i izdr\u017eljivost, osiguravaju\u0107i da va\u0161e prijenosno ra\u010dunalo ostane za\u0161ti\u0107eno dok izgleda elegantno i profesionalno.<\/p>\n<p>Proizveden od strane HP-a, pouzdanog imena u ra\u010dunalnoj tehnologiji, ovaj stra\u017enji poklopac dizajniran je posebno za EliteBook 840 G1. Ima izrez za LCD zaslon od 14&#8243; koji osigurava precizno pristajanje na zaslon va\u0161eg prijenosnog ra\u010dunala. Stra\u017enji poklopac izra\u0111en je od visokokvalitetnih materijala kako bi izdr\u017eao svakodnevnu upotrebu i za\u0161titio va\u0161e prijenosno ra\u010dunalo od manjih udaraca i ogrebotina.<\/p>\n<p>Zamjena stra\u017enjeg poklopca je jednostavan postupak. Odabirom autenti\u010dnog HP-ovog dijela ula\u017eete u kvalitetu i kompatibilnost koju va\u0161e prijenosno ra\u010dunalo zaslu\u017euje.<\/p>\n<p>Pobolj\u0161ajte estetiku i za\u0161titu svog HP EliteBook 840 G1 sa 14&#8243; LCD stra\u017enjim poklopcem (730949-001 m164). Neka va\u0161e prijenosno ra\u010dunalo izgleda o\u0161tro dok istovremeno ostaje za\u0161ti\u0107eno od svakodnevnog tro\u0161enja i habanja.<\/p>\n<p>Prije kupnje provjerite kompatibilnost s odre\u0111enim modelom prijenosnog ra\u010dunala.<\/p>\n","protected":false},"excerpt":{"rendered":"<p>Pobolj\u0161ajte izgled i za\u0161titu svog HP EliteBook 840 G1 sa 14&#8243; LCD stra\u017enjim poklopcem (730949-001 m164). Neka va\u0161e prijenosno ra\u010dunalo izgleda elegantno i profesionalno dok ga \u0161titite od svakodnevnog habanja.<\/p>\n","protected":false},"featured_media":20264,"template":"","meta":[],"product_brand":[],"product_cat":[51],"product_tag":[60],"class_list":{"0":"post-20206","1":"product","2":"type-product","3":"status-publish","4":"has-post-thumbnail","6":"product_cat-laptop-housing","7":"product_tag-hp","9":"first","10":"instock","11":"taxable","12":"shipping-taxable","13":"purchasable","14":"product-type-simple"},"_links":{"self":[{"href":"https:\/\/boreait.com\/hr\/wp-json\/wp\/v2\/product\/20206","targetHints":{"allow":["GET"]}}],"collection":[{"href":"https:\/\/boreait.com\/hr\/wp-json\/wp\/v2\/product"}],"about":[{"href":"https:\/\/boreait.com\/hr\/wp-json\/wp\/v2\/types\/product"}],"wp:featuredmedia":[{"embeddable":true,"href":"https:\/\/boreait.com\/hr\/wp-json\/wp\/v2\/media\/20264"}],"wp:attachment":[{"href":"https:\/\/boreait.com\/hr\/wp-json\/wp\/v2\/media?parent=20206"}],"wp:term":[{"taxonomy":"product_brand","embeddable":true,"href":"https:\/\/boreait.com\/hr\/wp-json\/wp\/v2\/product_brand?post=20206"},{"taxonomy":"product_cat","embeddable":true,"href":"https:\/\/boreait.com\/hr\/wp-json\/wp\/v2\/product_cat?post=20206"},{"taxonomy":"product_tag","embeddable":true,"href":"https:\/\/boreait.com\/hr\/wp-json\/wp\/v2\/product_tag?post=20206"}],"curies":[{"name":"wp","href":"https:\/\/api.w.org\/{rel}","templated":true}]}}