{"id":20179,"date":"2025-07-25T11:20:33","date_gmt":"2025-07-25T11:20:33","guid":{"rendered":"https:\/\/boreait.com\/hr\/?post_type=product&#038;p=20179"},"modified":"2025-07-25T11:21:19","modified_gmt":"2025-07-25T11:21:19","slug":"dell-latitude-e5570-baza-prijenosnog-racunala-s-donjom-kutijom-kucista-c16xc-0c16xc-cn-0c16xc","status":"publish","type":"product","link":"https:\/\/boreait.com\/hr\/product\/dell-latitude-e5570-baza-prijenosnog-racunala-s-donjom-kutijom-kucista-c16xc-0c16xc-cn-0c16xc\/","title":{"rendered":"Dell Latitude E5570 baza prijenosnog ra\u010dunala s donjom kutijom ku\u0107i\u0161ta C16XC 0C16XC CN-0C16XC"},"content":{"rendered":"<p>Nadogradite osnovno ku\u0107i\u0161te ku\u0107i\u0161ta va\u0161eg prijenosnog ra\u010dunala Dell Latitude E5570 s osnovnim ku\u0107i\u0161tem ku\u0107i\u0161ta prijenosnog ra\u010dunala Dell Latitude E5570 (C16XC). Dizajnirano da pru\u017ei izdr\u017eljivost i za\u0161titu unutarnjih komponenti va\u0161eg prijenosnog ra\u010dunala, ovo originalno ku\u0107i\u0161te Dell nudi besprijekorno pristajanje i pouzdane performanse.<\/p>\n<p>Proizvedeno od strane Dell-a, pouzdanog lidera u tehnologiji prijenosnih ra\u010dunala, ku\u0107i\u0161te C16XC dizajnirano je da zadovolji najvi\u0161e standarde kvalitete. Osigurava da su unutarnje komponente va\u0161eg prijenosnog ra\u010dunala za\u0161ti\u0107ene od vanjskih elemenata, odr\u017eavaju\u0107i integritet i dugovje\u010dnost va\u0161eg ure\u0111aja.<\/p>\n<p>Bilo da mijenjate o\u0161te\u0107eno ku\u0107i\u0161te ili \u017eelite pobolj\u0161ati za\u0161titu svog prijenosnog ra\u010dunala, C16XC je idealan izbor. Dizajniran je za savr\u0161eno uskla\u0111ivanje s originalnim komponentama va\u0161eg prijenosnog ra\u010dunala, omogu\u0107uju\u0107i postupak instalacije bez muke.<\/p>\n<p>Nadogradite svoje prijenosno ra\u010dunalo Dell Latitude E5570 s Dell Latitude E5570 baznim ku\u0107i\u0161tem ku\u0107i\u0161ta za prijenosno ra\u010dunalo (C16XC) i osigurajte sigurnost i izdr\u017eljivost svog vrijednog ure\u0111aja. Za\u0161titite svoje ulaganje i u\u017eivajte u bezbri\u017enosti koja dolazi s originalnom Dell kvalitetom.<\/p>\n<p>Prije kupnje provjerite kompatibilnost s odre\u0111enim modelom prijenosnog ra\u010dunala.<\/p>\n","protected":false},"excerpt":{"rendered":"<p>Pobolj\u0161ajte za\u0161titu i izdr\u017eljivost svog prijenosnog ra\u010dunala Dell Latitude E5570 s ku\u0107i\u0161tem ku\u0107i\u0161ta baze prijenosnog ra\u010dunala Dell Latitude E5570 (C16XC). U\u017eivajte u besprijekornom pristajanju i pouzdanoj izvedbi.<\/p>\n","protected":false},"featured_media":20246,"template":"","meta":[],"product_brand":[],"product_cat":[51],"product_tag":[52],"class_list":{"0":"post-20179","1":"product","2":"type-product","3":"status-publish","4":"has-post-thumbnail","6":"product_cat-laptop-housing","7":"product_tag-dell","9":"first","10":"instock","11":"taxable","12":"shipping-taxable","13":"purchasable","14":"product-type-simple"},"_links":{"self":[{"href":"https:\/\/boreait.com\/hr\/wp-json\/wp\/v2\/product\/20179","targetHints":{"allow":["GET"]}}],"collection":[{"href":"https:\/\/boreait.com\/hr\/wp-json\/wp\/v2\/product"}],"about":[{"href":"https:\/\/boreait.com\/hr\/wp-json\/wp\/v2\/types\/product"}],"wp:featuredmedia":[{"embeddable":true,"href":"https:\/\/boreait.com\/hr\/wp-json\/wp\/v2\/media\/20246"}],"wp:attachment":[{"href":"https:\/\/boreait.com\/hr\/wp-json\/wp\/v2\/media?parent=20179"}],"wp:term":[{"taxonomy":"product_brand","embeddable":true,"href":"https:\/\/boreait.com\/hr\/wp-json\/wp\/v2\/product_brand?post=20179"},{"taxonomy":"product_cat","embeddable":true,"href":"https:\/\/boreait.com\/hr\/wp-json\/wp\/v2\/product_cat?post=20179"},{"taxonomy":"product_tag","embeddable":true,"href":"https:\/\/boreait.com\/hr\/wp-json\/wp\/v2\/product_tag?post=20179"}],"curies":[{"name":"wp","href":"https:\/\/api.w.org\/{rel}","templated":true}]}}