{"id":20177,"date":"2025-07-25T11:20:32","date_gmt":"2025-07-25T11:20:32","guid":{"rendered":"https:\/\/boreait.com\/hr\/?post_type=product&#038;p=20177"},"modified":"2025-07-25T11:21:13","modified_gmt":"2025-07-25T11:21:13","slug":"originalni-lenovo-thinkpad-t460s-14-in-sklop-osnovnog-kucista-sm10h22117","status":"publish","type":"product","link":"https:\/\/boreait.com\/hr\/product\/originalni-lenovo-thinkpad-t460s-14-in-sklop-osnovnog-kucista-sm10h22117\/","title":{"rendered":"Originalni Lenovo ThinkPad T460s 14 in. &#8211; Sklop osnovnog ku\u0107i\u0161ta &#8211; SM10H22117"},"content":{"rendered":"<p>Podignite estetiku i za\u0161titu svog prijenosnog ra\u010dunala od 14 in\u010da Lenovo ThinkPad T460s s originalnim osnovnim sklopom ku\u0107i\u0161ta Lenovo ThinkPad T460s (Broj dijela: SM10H22117). Ovaj autenti\u010dni sklop osnovnog ku\u0107i\u0161ta dizajniran je da besprijekorno pristaje va\u0161em prijenosnom ra\u010dunalu, nude\u0107i i funkcionalnost i elegantan izgled.<\/p>\n<p>Proizveo Lenovo, pouzdano ime u tehnologiji prijenosnih ra\u010dunala, ovaj sklop osnovnog ku\u0107i\u0161ta izra\u0111en je prema najvi\u0161im standardima kvalitete. Ne samo da slu\u017ei kao za\u0161titni poklopac za unutarnje dijelove va\u0161eg prijenosnog ra\u010dunala, ve\u0107 tako\u0111er pobolj\u0161ava cjelokupni izgled va\u0161eg ThinkPad T460s.<\/p>\n<p>Instalacija je bez muke, a svoj postoje\u0107i sklop osnovnog ku\u0107i\u0161ta mo\u017eete lako zamijeniti ovim originalnim dijelom. Ovaj sklop osnovnog ku\u0107i\u0161ta posebno je dizajniran za 14-in\u010dni model ThinkPad T460s, osiguravaju\u0107i savr\u0161eno pristajanje i kompatibilnost.<\/p>\n<p>Nadogradite izgled i za\u0161titu prijenosnog ra\u010dunala s originalnim sklopom osnovnog ku\u0107i\u0161ta Lenovo ThinkPad T460s od 14 in\u010da (Broj dijela: SM10H22117). U\u017eivajte u osvje\u017eenom i profesionalnom izgledu dok \u010duvate svoje prijenosno ra\u010dunalo od svakodnevnog habanja.<\/p>\n<p>Prije kupnje provjerite kompatibilnost s odre\u0111enim modelom prijenosnog ra\u010dunala.<\/p>\n","protected":false},"excerpt":{"rendered":"<p>Pobolj\u0161ajte izgled i za\u0161titu svog prijenosnog ra\u010dunala Lenovo ThinkPad T460s od 14 in\u010da s originalnim sklopom osnovnog ku\u0107i\u0161ta Lenovo ThinkPad T460s (Broj dijela: SM10H22117). Nadogradite estetiku svog prijenosnog ra\u010dunala i za\u0161titite ga od svakodnevnog habanja.<\/p>\n","protected":false},"featured_media":20231,"template":"","meta":[],"product_brand":[],"product_cat":[51],"product_tag":[61],"class_list":{"0":"post-20177","1":"product","2":"type-product","3":"status-publish","4":"has-post-thumbnail","6":"product_cat-laptop-housing","7":"product_tag-lenovo","9":"first","10":"instock","11":"taxable","12":"shipping-taxable","13":"purchasable","14":"product-type-simple"},"_links":{"self":[{"href":"https:\/\/boreait.com\/hr\/wp-json\/wp\/v2\/product\/20177","targetHints":{"allow":["GET"]}}],"collection":[{"href":"https:\/\/boreait.com\/hr\/wp-json\/wp\/v2\/product"}],"about":[{"href":"https:\/\/boreait.com\/hr\/wp-json\/wp\/v2\/types\/product"}],"wp:featuredmedia":[{"embeddable":true,"href":"https:\/\/boreait.com\/hr\/wp-json\/wp\/v2\/media\/20231"}],"wp:attachment":[{"href":"https:\/\/boreait.com\/hr\/wp-json\/wp\/v2\/media?parent=20177"}],"wp:term":[{"taxonomy":"product_brand","embeddable":true,"href":"https:\/\/boreait.com\/hr\/wp-json\/wp\/v2\/product_brand?post=20177"},{"taxonomy":"product_cat","embeddable":true,"href":"https:\/\/boreait.com\/hr\/wp-json\/wp\/v2\/product_cat?post=20177"},{"taxonomy":"product_tag","embeddable":true,"href":"https:\/\/boreait.com\/hr\/wp-json\/wp\/v2\/product_tag?post=20177"}],"curies":[{"name":"wp","href":"https:\/\/api.w.org\/{rel}","templated":true}]}}