{"id":20176,"date":"2025-07-25T11:20:32","date_gmt":"2025-07-25T11:20:32","guid":{"rendered":"https:\/\/boreait.com\/hr\/?post_type=product&#038;p=20176"},"modified":"2025-07-25T11:21:10","modified_gmt":"2025-07-25T11:21:10","slug":"hp-elitebook-820-g1-series-783215-001-oslonac-za-ruku-za-prijenosno-racunalo","status":"publish","type":"product","link":"https:\/\/boreait.com\/hr\/product\/hp-elitebook-820-g1-series-783215-001-oslonac-za-ruku-za-prijenosno-racunalo\/","title":{"rendered":"HP EliteBook 820 G1 Series 783215-001 Oslonac za ruku za prijenosno ra\u010dunalo"},"content":{"rendered":"<p>Pobolj\u0161ajte izgled i funkcionalnost svog prijenosnog ra\u010dunala HP EliteBook 820 G1 serije s HP 783215-001 osloncem za dlanove za prijenosno ra\u010dunalo. Dizajniran za pru\u017eanje udobnog odmori\u0161ta za dlanove i za\u0161titu unutarnjih komponenti va\u0161eg prijenosnog ra\u010dunala, ovaj originalni HP-ov oslonac za dlanove osigurava i stil i izdr\u017eljivost.<\/p>\n<p>Proizveden za seriju EliteBook 820 G1 od strane HP-a, pouzdanog lidera u ra\u010dunalnoj tehnologiji, 783215-001 naslon za ruku za prijenosno ra\u010dunalo dizajniran je za savr\u0161eno pristajanje i besprijekornu integraciju s va\u0161im prijenosnim ra\u010dunalom. Ne samo da doprinosi estetici va\u0161eg prijenosnog ra\u010dunala, ve\u0107 tako\u0111er pru\u017ea prakti\u010dan odmor za dlanove za produ\u017eene sesije tipkanja.<\/p>\n<p>Instalacija je jednostavna, a oslonac za dlan dolazi sa svim potrebnim komponentama za nadogradnju bez muke. Odabirom ovog originalnog HP oslonca za dlanove ula\u017eete u estetiku i za\u0161titu svog prijenosnog ra\u010dunala.<\/p>\n<p>Pobolj\u0161ajte izgled i upotrebljivost svog prijenosnog ra\u010dunala s naslonom za ruku za prijenosno ra\u010dunalo HP EliteBook 820 G1 Series 783215-001. U\u017eivajte u udobnom odmori\u0161tu za dlanove i dodatnoj za\u0161titi za svoje prijenosno ra\u010dunalo. Pobolj\u0161ajte svoje ra\u010dunalno iskustvo s ovim elegantnim i funkcionalnim osloncem za dlan.<\/p>\n<p>Prije kupnje provjerite kompatibilnost s odre\u0111enim modelom prijenosnog ra\u010dunala.<\/p>\n","protected":false},"excerpt":{"rendered":"<p>Pobolj\u0161ajte svoje HP EliteBook 820 G1 Series prijenosno ra\u010dunalo s HP 783215-001 osloncem za dlanove za prijenosno ra\u010dunalo. U\u017eivajte u udobnom odmori\u0161tu za dlanove i dodatnoj za\u0161titi za unutarnje komponente va\u0161eg prijenosnog ra\u010dunala.<\/p>\n","protected":false},"featured_media":20229,"template":"","meta":[],"product_brand":[],"product_cat":[51],"product_tag":[60],"class_list":{"0":"post-20176","1":"product","2":"type-product","3":"status-publish","4":"has-post-thumbnail","6":"product_cat-laptop-housing","7":"product_tag-hp","9":"first","10":"instock","11":"taxable","12":"shipping-taxable","13":"purchasable","14":"product-type-simple"},"_links":{"self":[{"href":"https:\/\/boreait.com\/hr\/wp-json\/wp\/v2\/product\/20176","targetHints":{"allow":["GET"]}}],"collection":[{"href":"https:\/\/boreait.com\/hr\/wp-json\/wp\/v2\/product"}],"about":[{"href":"https:\/\/boreait.com\/hr\/wp-json\/wp\/v2\/types\/product"}],"wp:featuredmedia":[{"embeddable":true,"href":"https:\/\/boreait.com\/hr\/wp-json\/wp\/v2\/media\/20229"}],"wp:attachment":[{"href":"https:\/\/boreait.com\/hr\/wp-json\/wp\/v2\/media?parent=20176"}],"wp:term":[{"taxonomy":"product_brand","embeddable":true,"href":"https:\/\/boreait.com\/hr\/wp-json\/wp\/v2\/product_brand?post=20176"},{"taxonomy":"product_cat","embeddable":true,"href":"https:\/\/boreait.com\/hr\/wp-json\/wp\/v2\/product_cat?post=20176"},{"taxonomy":"product_tag","embeddable":true,"href":"https:\/\/boreait.com\/hr\/wp-json\/wp\/v2\/product_tag?post=20176"}],"curies":[{"name":"wp","href":"https:\/\/api.w.org\/{rel}","templated":true}]}}