{"id":20175,"date":"2025-07-25T11:20:32","date_gmt":"2025-07-25T11:20:32","guid":{"rendered":"https:\/\/boreait.com\/hr\/?post_type=product&#038;p=20175"},"modified":"2025-07-25T11:21:08","modified_gmt":"2025-07-25T11:21:08","slug":"dc-jack-za-thinkpad-t440p-t440-dc30100kz00-04x5443","status":"publish","type":"product","link":"https:\/\/boreait.com\/hr\/product\/dc-jack-za-thinkpad-t440p-t440-dc30100kz00-04x5443\/","title":{"rendered":"DC Jack za ThinkPad T440P T440 DC30100KZ00 04X5443"},"content":{"rendered":"<p>Pobolj\u0161ajte povezivost napajanja va\u0161eg ThinkPad T440P s DC uti\u010dnicom za ThinkPad T440P T440 DC30100KZ00 04X5443. Dizajniran za pru\u017eanje pouzdane veze s napajanjem, ovaj originalni DC priklju\u010dak osigurava besprijekornu integraciju i pouzdano punjenje va\u0161eg prijenosnog ra\u010dunala.<\/p>\n<p>Proizveden za ThinkPad T440P, ovaj DC priklju\u010dak zadovoljava najvi\u0161e standarde kvalitete. To je bitna komponenta koja povezuje va\u0161e prijenosno ra\u010dunalo s adapterom za napajanje, omogu\u0107uju\u0107i u\u010dinkovito punjenje i rad. Ako imate problema s povezivanjem s napajanjem, zamjena DC uti\u010dnice mo\u017ee pomo\u0107i u vra\u0107anju funkcionalnosti prijenosnog ra\u010dunala.<\/p>\n<p>Instalacija je jednostavna zahvaljuju\u0107i kompatibilnosti s modelom ThinkPad T440P. Odabirom autenti\u010dnih Lenovo dijelova ula\u017eete u kvalitetu i pouzdanost povezivanja napajanja va\u0161eg prijenosnog ra\u010dunala.<\/p>\n<p>Osigurajte da va\u0161 ThinkPad T440P dobije pouzdano napajanje s DC uti\u010dnicom za ThinkPad T440P T440 DC30100KZ00 04X5443. U\u017eivajte u neprekinutoj upotrebi prijenosnog ra\u010dunala i u\u010dinkovitom punjenju, odr\u017eavaju\u0107i svoje prijenosno ra\u010dunalo napajanim kada vam je najpotrebnije.<\/p>\n<p>Prije kupnje provjerite kompatibilnost s va\u0161im modelom ThinkPad T440P.<\/p>\n","protected":false},"excerpt":{"rendered":"<p>Pobolj\u0161ajte povezivost napajanja va\u0161eg ThinkPad T440P s DC uti\u010dnicom za ThinkPad T440P T440 DC30100KZ00 04X5443. Osigurajte pouzdano punjenje i nesmetano kori\u0161tenje prijenosnog ra\u010dunala.<\/p>\n","protected":false},"featured_media":20228,"template":"","meta":[],"product_brand":[],"product_cat":[62],"product_tag":[61],"class_list":{"0":"post-20175","1":"product","2":"type-product","3":"status-publish","4":"has-post-thumbnail","6":"product_cat-motherboards-board-parts","7":"product_tag-lenovo","9":"first","10":"instock","11":"taxable","12":"shipping-taxable","13":"purchasable","14":"product-type-simple"},"_links":{"self":[{"href":"https:\/\/boreait.com\/hr\/wp-json\/wp\/v2\/product\/20175","targetHints":{"allow":["GET"]}}],"collection":[{"href":"https:\/\/boreait.com\/hr\/wp-json\/wp\/v2\/product"}],"about":[{"href":"https:\/\/boreait.com\/hr\/wp-json\/wp\/v2\/types\/product"}],"wp:featuredmedia":[{"embeddable":true,"href":"https:\/\/boreait.com\/hr\/wp-json\/wp\/v2\/media\/20228"}],"wp:attachment":[{"href":"https:\/\/boreait.com\/hr\/wp-json\/wp\/v2\/media?parent=20175"}],"wp:term":[{"taxonomy":"product_brand","embeddable":true,"href":"https:\/\/boreait.com\/hr\/wp-json\/wp\/v2\/product_brand?post=20175"},{"taxonomy":"product_cat","embeddable":true,"href":"https:\/\/boreait.com\/hr\/wp-json\/wp\/v2\/product_cat?post=20175"},{"taxonomy":"product_tag","embeddable":true,"href":"https:\/\/boreait.com\/hr\/wp-json\/wp\/v2\/product_tag?post=20175"}],"curies":[{"name":"wp","href":"https:\/\/api.w.org\/{rel}","templated":true}]}}