{"id":20146,"date":"2025-07-25T11:20:10","date_gmt":"2025-07-25T11:20:10","guid":{"rendered":"https:\/\/boreait.com\/hr\/?post_type=product&#038;p=20146"},"modified":"2025-07-25T11:20:57","modified_gmt":"2025-07-25T11:20:57","slug":"originalni-sklop-naslona-za-dlanove-serije-lenovo-thinkpad-t440-t440s-t450-am0sr000300","status":"publish","type":"product","link":"https:\/\/boreait.com\/hr\/product\/originalni-sklop-naslona-za-dlanove-serije-lenovo-thinkpad-t440-t440s-t450-am0sr000300\/","title":{"rendered":"Originalni sklop naslona za dlanove serije Lenovo ThinkPad T440 T440s T450 AM0SR000300"},"content":{"rendered":"<p>Pobolj\u0161ajte svoje prijenosno ra\u010dunalo Lenovo ThinkPad T440, T440s ili T450 originalnim sklopom oslonca za dlanove serije Lenovo ThinkPad T440 T440s T450 AM0SR000300. Izra\u0111en da pobolj\u0161a izdr\u017eljivost i upotrebljivost va\u0161eg prijenosnog ra\u010dunala, ovaj originalni sklop naslona za dlan tvrtke Lenovo osigurava besprijekornu integraciju i osvje\u017eeni izgled va\u0161eg prijenosnog ra\u010dunala.<\/p>\n<p>Proizveden od strane Lenovo, pouzdanog imena u ra\u010dunalnoj tehnologiji, AM0SR000300 sklop oslonca za dlan dizajniran je za pru\u017eanje pouzdane podr\u0161ke za dlan i zape\u0161\u0107e. Ne samo da \u0161titi unutarnje komponente va\u0161eg prijenosnog ra\u010dunala, ve\u0107 nudi i ugodno iskustvo tipkanja i navigacije.<\/p>\n<p>Bez obzira jeste li profesionalac u pokretu ili student kojem je potrebno \u010dvrsto prijenosno ra\u010dunalo, ovaj sklop oslonca za dlanove pove\u0107ava upotrebljivost va\u0161eg prijenosnog ra\u010dunala. Njegov precizni in\u017eenjering osigurava savr\u0161eno pristajanje uz va\u0161e prijenosno ra\u010dunalo i uklju\u010duje potrebne komponente za jednostavnu instalaciju.<\/p>\n<p>Instalacija je jednostavna, zahvaljuju\u0107i dizajnu koji je uskla\u0111en s originalnim komponentama va\u0161eg prijenosnog ra\u010dunala. Odabirom autenti\u010dnih Lenovo dijelova ula\u017eete u kvalitetu, izdr\u017eljivost i pouzdanost oslonca za dlan va\u0161eg prijenosnog ra\u010dunala.<\/p>\n<p>Osvje\u017eite i za\u0161titite svoje prijenosno ra\u010dunalo originalnim Lenovo ThinkPad T440 T440s T450 Series sklopom naslona za dlan AM0SR000300. U\u017eivajte u pobolj\u0161anoj izdr\u017eljivosti, udobnoj podr\u0161ci za dlan i zape\u0161\u0107e i osvje\u017eenom izgledu va\u0161eg prijenosnog ra\u010dunala ThinkPad T-serije. Unaprijedite svoje ra\u010dunalno iskustvo s ovim pouzdanim i u\u010dinkovitim sklopom oslonca za dlan.<\/p>\n<p>Prije kupnje provjerite kompatibilnost s odre\u0111enim modelom prijenosnog ra\u010dunala.<\/p>\n","protected":false},"excerpt":{"rendered":"<p>Pobolj\u0161ajte svoje prijenosno ra\u010dunalo Lenovo ThinkPad T440, T440s ili T450 originalnim sklopom oslonca za dlanove serije Lenovo ThinkPad T440 T440s T450 AM0SR000300. U\u017eivajte u pobolj\u0161anoj izdr\u017eljivosti, udobnoj podr\u0161ci za dlan i zape\u0161\u0107e i osvje\u017eenom izgledu va\u0161eg prijenosnog ra\u010dunala.<\/p>\n","protected":false},"featured_media":20219,"template":"","meta":[],"product_brand":[],"product_cat":[51],"product_tag":[61],"class_list":{"0":"post-20146","1":"product","2":"type-product","3":"status-publish","4":"has-post-thumbnail","6":"product_cat-laptop-housing","7":"product_tag-lenovo","9":"first","10":"instock","11":"taxable","12":"shipping-taxable","13":"purchasable","14":"product-type-simple"},"_links":{"self":[{"href":"https:\/\/boreait.com\/hr\/wp-json\/wp\/v2\/product\/20146","targetHints":{"allow":["GET"]}}],"collection":[{"href":"https:\/\/boreait.com\/hr\/wp-json\/wp\/v2\/product"}],"about":[{"href":"https:\/\/boreait.com\/hr\/wp-json\/wp\/v2\/types\/product"}],"wp:featuredmedia":[{"embeddable":true,"href":"https:\/\/boreait.com\/hr\/wp-json\/wp\/v2\/media\/20219"}],"wp:attachment":[{"href":"https:\/\/boreait.com\/hr\/wp-json\/wp\/v2\/media?parent=20146"}],"wp:term":[{"taxonomy":"product_brand","embeddable":true,"href":"https:\/\/boreait.com\/hr\/wp-json\/wp\/v2\/product_brand?post=20146"},{"taxonomy":"product_cat","embeddable":true,"href":"https:\/\/boreait.com\/hr\/wp-json\/wp\/v2\/product_cat?post=20146"},{"taxonomy":"product_tag","embeddable":true,"href":"https:\/\/boreait.com\/hr\/wp-json\/wp\/v2\/product_tag?post=20146"}],"curies":[{"name":"wp","href":"https:\/\/api.w.org\/{rel}","templated":true}]}}