{"id":20145,"date":"2025-07-25T11:20:10","date_gmt":"2025-07-25T11:20:10","guid":{"rendered":"https:\/\/boreait.com\/hr\/?post_type=product&#038;p=20145"},"modified":"2025-07-25T11:20:53","modified_gmt":"2025-07-25T11:20:53","slug":"hp-elitebook-840-g1-g2-gornji-poklopac-za-oslonac-za-ruku-730964-001","status":"publish","type":"product","link":"https:\/\/boreait.com\/hr\/product\/hp-elitebook-840-g1-g2-gornji-poklopac-za-oslonac-za-ruku-730964-001\/","title":{"rendered":"HP Elitebook 840 G1 G2 gornji poklopac za oslonac za ruku 730964-001"},"content":{"rendered":"<p>Pobolj\u0161ajte izdr\u017eljivost i estetiku svog HP Elitebook 840 G1 ili G2 prijenosnog ra\u010dunala s HP Elitebook 840 G1 G2 gornjim poklopcem za oslonac za dlan (broj dijela: 730964-001). Izra\u0111en da pru\u017ei za\u0161titu i osvje\u017een izgled, ovaj originalni poklopac za gornji dio ku\u0107i\u0161ta oslonca za dlan dizajniran je za besprijekornu integraciju s va\u0161im prijenosnim ra\u010dunalom.<\/p>\n<p>Proizveden od strane HP-a, pouzdanog lidera u ra\u010dunalnoj tehnologiji, 730964-001 poklopac za oslonac za dlanove osigurava savr\u0161eno pristajanje i zadr\u017eava originalnu estetiku dizajna va\u0161eg Elitebooka 840 G1 ili G2. Nudi dodatni sloj za\u0161tite od svakodnevnog habanja, \u0161to ga \u010dini idealnim za profesionalnu i osobnu upotrebu.<\/p>\n<p>Instalacija je jednostavna, zahvaljuju\u0107i preciznom dizajnu koji je uskla\u0111en s originalnim komponentama va\u0161eg prijenosnog ra\u010dunala. Odabirom autenti\u010dnih HP-ovih dijelova ula\u017eete u kvalitetu, izdr\u017eljivost i izgled svog prijenosnog ra\u010dunala.<\/p>\n<p>Pobolj\u0161ajte izdr\u017eljivost i estetiku svog prijenosnog ra\u010dunala s HP Elitebook 840 G1 G2 gornjim poklopcem za oslonac za dlan (broj dijela: 730964-001). U\u017eivajte u dodatnoj za\u0161titi i osvje\u017eenom izgledu, osiguravaju\u0107i da \u0107e va\u0161e prijenosno ra\u010dunalo ostati u vrhunskom stanju.<\/p>\n<p>Prije kupnje provjerite kompatibilnost s odre\u0111enim modelom prijenosnog ra\u010dunala.<\/p>\n","protected":false},"excerpt":{"rendered":"<p>Pobolj\u0161ajte izdr\u017eljivost i estetiku svog HP Elitebook 840 G1 ili G2 prijenosnog ra\u010dunala s HP Elitebook 840 G1 G2 gornjim poklopcem za oslonac za dlan (broj dijela: 730964-001). U\u017eivajte u dodatnoj za\u0161titi i osvje\u017eenom izgledu va\u0161eg prijenosnog ra\u010dunala.<\/p>\n","protected":false},"featured_media":20204,"template":"","meta":[],"product_brand":[],"product_cat":[51],"product_tag":[60],"class_list":{"0":"post-20145","1":"product","2":"type-product","3":"status-publish","4":"has-post-thumbnail","6":"product_cat-laptop-housing","7":"product_tag-hp","9":"first","10":"instock","11":"taxable","12":"shipping-taxable","13":"purchasable","14":"product-type-simple"},"_links":{"self":[{"href":"https:\/\/boreait.com\/hr\/wp-json\/wp\/v2\/product\/20145","targetHints":{"allow":["GET"]}}],"collection":[{"href":"https:\/\/boreait.com\/hr\/wp-json\/wp\/v2\/product"}],"about":[{"href":"https:\/\/boreait.com\/hr\/wp-json\/wp\/v2\/types\/product"}],"wp:featuredmedia":[{"embeddable":true,"href":"https:\/\/boreait.com\/hr\/wp-json\/wp\/v2\/media\/20204"}],"wp:attachment":[{"href":"https:\/\/boreait.com\/hr\/wp-json\/wp\/v2\/media?parent=20145"}],"wp:term":[{"taxonomy":"product_brand","embeddable":true,"href":"https:\/\/boreait.com\/hr\/wp-json\/wp\/v2\/product_brand?post=20145"},{"taxonomy":"product_cat","embeddable":true,"href":"https:\/\/boreait.com\/hr\/wp-json\/wp\/v2\/product_cat?post=20145"},{"taxonomy":"product_tag","embeddable":true,"href":"https:\/\/boreait.com\/hr\/wp-json\/wp\/v2\/product_tag?post=20145"}],"curies":[{"name":"wp","href":"https:\/\/api.w.org\/{rel}","templated":true}]}}