{"id":20141,"date":"2025-07-25T11:20:09","date_gmt":"2025-07-25T11:20:09","guid":{"rendered":"https:\/\/boreait.com\/hr\/?post_type=product&#038;p=20141"},"modified":"2025-07-25T11:20:46","modified_gmt":"2025-07-25T11:20:46","slug":"oslonac-za-ruku-za-hp-elitebook-840-g1-730964-001","status":"publish","type":"product","link":"https:\/\/boreait.com\/hr\/product\/oslonac-za-ruku-za-hp-elitebook-840-g1-730964-001\/","title":{"rendered":"Oslonac za ruku za HP EliteBook 840 G1 &#8211; 730964-001"},"content":{"rendered":"<p>Pobolj\u0161ajte svoje prijenosno ra\u010dunalo HP EliteBook 840 G1 s originalnim osloncem za dlan od 14 in\u010da (broj dijela: 730964-001). Izra\u0111en za optimizaciju upotrebljivosti i udobnosti va\u0161eg prijenosnog ra\u010dunala.<\/p>\n<p>Proizveden od strane HP-a, pouzdanog lidera u ra\u010dunalnoj tehnologiji, ovaj naslon za dlan dizajniran je posebno za model EliteBook 840 G1, osiguravaju\u0107i savr\u0161eno pristajanje i kompatibilnost.<\/p>\n<p>Nadogradite estetiku i funkcionalnost svog prijenosnog ra\u010dunala s ovim originalnim osloncem za dlanove, koji tako\u0111er pru\u017ea udobno mjesto za odmor za va\u0161a zape\u0161\u0107a tijekom tipkanja. Uklju\u010duje sve potrebne komponente za jednostavnu instalaciju, omogu\u0107uju\u0107i vam brzu zamjenu postoje\u0107eg oslonca za dlan sa sklopom 730964-001.<\/p>\n<p>Ula\u017eite u kvalitetu i pouzdanost autenti\u010dnih HP-ovih dijelova kako biste osigurali da va\u0161e prijenosno ra\u010dunalo zadr\u017ei svoje performanse i udobnost. Unaprijedite svoje ra\u010dunalno iskustvo s originalnim osloncem za dlan od 14 in\u010da\u00a0 za HP EliteBook 840 G1 i u\u017eivajte u pobolj\u0161anoj navigaciji i pobolj\u0161anoj udobnosti tijekom produ\u017eene upotrebe.<\/p>\n<p>Prije kupnje provjerite kompatibilnost s odre\u0111enim modelom prijenosnog ra\u010dunala.<\/p>\n","protected":false},"excerpt":{"rendered":"<p>Pobolj\u0161ajte svoje prijenosno ra\u010dunalo HP EliteBook 840 G1 s originalnim osloncem za dlan od 14 in\u010da (Broj dijela: 730964-001). U\u017eivajte u pobolj\u0161anoj navigaciji i pobolj\u0161anoj udobnosti tijekom du\u017eeg kori\u0161tenja.<\/p>\n","protected":false},"featured_media":20196,"template":"","meta":[],"product_brand":[],"product_cat":[51],"product_tag":[60],"class_list":{"0":"post-20141","1":"product","2":"type-product","3":"status-publish","4":"has-post-thumbnail","6":"product_cat-laptop-housing","7":"product_tag-hp","9":"first","10":"instock","11":"taxable","12":"shipping-taxable","13":"purchasable","14":"product-type-simple"},"_links":{"self":[{"href":"https:\/\/boreait.com\/hr\/wp-json\/wp\/v2\/product\/20141","targetHints":{"allow":["GET"]}}],"collection":[{"href":"https:\/\/boreait.com\/hr\/wp-json\/wp\/v2\/product"}],"about":[{"href":"https:\/\/boreait.com\/hr\/wp-json\/wp\/v2\/types\/product"}],"wp:featuredmedia":[{"embeddable":true,"href":"https:\/\/boreait.com\/hr\/wp-json\/wp\/v2\/media\/20196"}],"wp:attachment":[{"href":"https:\/\/boreait.com\/hr\/wp-json\/wp\/v2\/media?parent=20141"}],"wp:term":[{"taxonomy":"product_brand","embeddable":true,"href":"https:\/\/boreait.com\/hr\/wp-json\/wp\/v2\/product_brand?post=20141"},{"taxonomy":"product_cat","embeddable":true,"href":"https:\/\/boreait.com\/hr\/wp-json\/wp\/v2\/product_cat?post=20141"},{"taxonomy":"product_tag","embeddable":true,"href":"https:\/\/boreait.com\/hr\/wp-json\/wp\/v2\/product_tag?post=20141"}],"curies":[{"name":"wp","href":"https:\/\/api.w.org\/{rel}","templated":true}]}}