{"id":20138,"date":"2025-07-25T11:20:09","date_gmt":"2025-07-25T11:20:09","guid":{"rendered":"https:\/\/boreait.com\/hr\/?post_type=product&#038;p=20138"},"modified":"2025-07-25T11:20:39","modified_gmt":"2025-07-25T11:20:39","slug":"hp-zbook-15-g2-15-6-oslonac-za-ruku-za-prijenosno-racunalo-ap0tj000100-734281-001","status":"publish","type":"product","link":"https:\/\/boreait.com\/hr\/product\/hp-zbook-15-g2-15-6-oslonac-za-ruku-za-prijenosno-racunalo-ap0tj000100-734281-001\/","title":{"rendered":"HP ZBook 15 G2 15.6&#8243; oslonac za ruku za prijenosno ra\u010dunalo AP0TJ000100 734281-001"},"content":{"rendered":"<p>Pobolj\u0161ajte funkcionalnost i sigurnost svog prijenosnog ra\u010dunala HP ZBook 15 G2 s naslonom za ruku za prijenosno ra\u010dunalo HP ZBook 15 G2 15,6&#8243;\u00a0 AP0TJ000100 734281-001.<\/p>\n<p>Instalacija je jednostavna, zahvaljuju\u0107i OEM dizajnu koji je savr\u0161eno uskla\u0111en s originalnim komponentama va\u0161eg prijenosnog ra\u010dunala. Odabirom autenti\u010dnih HP-ovih dijelova ula\u017eete u kvalitetu, funkcionalnost i sigurnost svog prijenosnog ra\u010dunala.<\/p>\n<p>Pobolj\u0161ajte funkcionalnost i sigurnost svog prijenosnog ra\u010dunala uz HP ZBook 15 G2 15,6&#8243; oslonac za dlanove za prijenosno ra\u010dunalo\u00a0 AP0TJ000100 734281-001. Pobolj\u0161ajte svoje iskustvo rada s ovim pouzdanim i u\u010dinkovitim sklopom oslonca za dlanove.<\/p>\n<p>Prije kupnje provjerite kompatibilnost s odre\u0111enim modelom prijenosnog ra\u010dunala.<\/p>\n","protected":false},"excerpt":{"rendered":"<p>Pobolj\u0161ajte svoje prijenosno ra\u010dunalo HP ZBook 15 G2 s osloncem za ruku za prijenosno ra\u010dunalo HP ZBook 15 G2 15,6&#8243;\u00a0 AP0TJ000100 734281-001.<\/p>\n","protected":false},"featured_media":20190,"template":"","meta":[],"product_brand":[],"product_cat":[51],"product_tag":[60],"class_list":{"0":"post-20138","1":"product","2":"type-product","3":"status-publish","4":"has-post-thumbnail","6":"product_cat-laptop-housing","7":"product_tag-hp","9":"first","10":"instock","11":"taxable","12":"shipping-taxable","13":"purchasable","14":"product-type-simple"},"_links":{"self":[{"href":"https:\/\/boreait.com\/hr\/wp-json\/wp\/v2\/product\/20138","targetHints":{"allow":["GET"]}}],"collection":[{"href":"https:\/\/boreait.com\/hr\/wp-json\/wp\/v2\/product"}],"about":[{"href":"https:\/\/boreait.com\/hr\/wp-json\/wp\/v2\/types\/product"}],"wp:featuredmedia":[{"embeddable":true,"href":"https:\/\/boreait.com\/hr\/wp-json\/wp\/v2\/media\/20190"}],"wp:attachment":[{"href":"https:\/\/boreait.com\/hr\/wp-json\/wp\/v2\/media?parent=20138"}],"wp:term":[{"taxonomy":"product_brand","embeddable":true,"href":"https:\/\/boreait.com\/hr\/wp-json\/wp\/v2\/product_brand?post=20138"},{"taxonomy":"product_cat","embeddable":true,"href":"https:\/\/boreait.com\/hr\/wp-json\/wp\/v2\/product_cat?post=20138"},{"taxonomy":"product_tag","embeddable":true,"href":"https:\/\/boreait.com\/hr\/wp-json\/wp\/v2\/product_tag?post=20138"}],"curies":[{"name":"wp","href":"https:\/\/api.w.org\/{rel}","templated":true}]}}