{"id":20113,"date":"2025-07-25T11:19:48","date_gmt":"2025-07-25T11:19:48","guid":{"rendered":"https:\/\/boreait.com\/hr\/?post_type=product&#038;p=20113"},"modified":"2026-01-09T12:47:15","modified_gmt":"2026-01-09T12:47:15","slug":"originalni-hp-elitebook-840-g1-14-lcd-poklopac-za-prijenosno-racunalo-730949-001","status":"publish","type":"product","link":"https:\/\/boreait.com\/hr\/product\/originalni-hp-elitebook-840-g1-14-lcd-poklopac-za-prijenosno-racunalo-730949-001\/","title":{"rendered":"Originalni HP EliteBook 840 G1 14 &#8211; LCD poklopac za prijenosno ra\u010dunalo 730949-001"},"content":{"rendered":"<p>Unaprijedite izgled i za\u0161titu svog prijenosnog ra\u010dunala HP EliteBook 840 G1 s originalnim poklopcem za LCD prijenosno ra\u010dunalo HP EliteBook 840 G1 od 14&#8243; (730949-001). Dizajniran da besprijekorno pristaje va\u0161em prijenosnom ra\u010dunalu, ovaj originalni HP zamjenski poklopac nudi i funkcionalnost i estetiku, osiguravaju\u0107i da va\u0161e prijenosno ra\u010dunalo ostane za\u0161ti\u0107eno dok izgleda elegantno.<\/p>\n<p>Proizveden od strane HP-a, pouzdanog imena u ra\u010dunalnoj tehnologiji, ovaj originalni LCD poklopac (730949-001) dizajniran je posebno za EliteBook 840 G1, osiguravaju\u0107i savr\u0161eno pristajanje. Izra\u0111en imaju\u0107i na umu izdr\u017eljivost, pru\u017ea za\u0161titu od ogrebotina, ogrebotina i manjih udaraca, a istovremeno odr\u017eava profesionalni izgled prijenosnog ra\u010dunala.<\/p>\n<p>Bez obzira na to jeste li profesionalac u pokretu ili student s pretrpanim rasporedom, ovaj originalni HP poklopac je neophodan za za\u0161titu zaslona va\u0161eg prijenosnog ra\u010dunala. Njegov elegantan i pojednostavljen dizajn nadopunjuje estetiku EliteBooka, \u010dine\u0107i ga elegantnim dodatkom va\u0161em prijenosnom ra\u010dunalu.<\/p>\n<p>Instalacija je bez muke, zahvaljuju\u0107i dizajnu koji je savr\u0161eno uskla\u0111en s originalnim komponentama va\u0161eg prijenosnog ra\u010dunala. Odabirom autenti\u010dnih HP-ovih dijelova ula\u017eete u kvalitetu, pouzdanost i vizualnu privla\u010dnost svog EliteBook 840 G1.<\/p>\n<p>Za\u0161titite i osvje\u017eite izgled svog prijenosnog ra\u010dunala s originalnim poklopcem za LCD prijenosno ra\u010dunalo HP EliteBook 840 G1 od 14&#8243; (730949-001). Do\u017eivite pobolj\u0161anu za\u0161titu, stil i izdr\u017eljivost dok zadr\u017eavate profesionalni izgled svog EliteBooka.<\/p>\n<p>Prije kupnje provjerite kompatibilnost s odre\u0111enim modelom prijenosnog ra\u010dunala.<\/p>\n","protected":false},"excerpt":{"rendered":"<p>Za\u0161titite i osvje\u017eite izgled svog prijenosnog ra\u010dunala HP EliteBook 840 G1 s originalnim poklopcem za LCD prijenosno ra\u010dunalo HP EliteBook 840 G1 od 14&#8243; (730949-001). Do\u017eivite pobolj\u0161anu za\u0161titu i stil za svoje prijenosno ra\u010dunalo.<\/p>\n","protected":false},"featured_media":20165,"template":"","meta":[],"product_brand":[],"product_cat":[51],"product_tag":[60],"class_list":{"0":"post-20113","1":"product","2":"type-product","3":"status-publish","4":"has-post-thumbnail","6":"product_cat-laptop-housing","7":"product_tag-hp","9":"first","10":"instock","11":"taxable","12":"shipping-taxable","13":"purchasable","14":"product-type-simple"},"_links":{"self":[{"href":"https:\/\/boreait.com\/hr\/wp-json\/wp\/v2\/product\/20113","targetHints":{"allow":["GET"]}}],"collection":[{"href":"https:\/\/boreait.com\/hr\/wp-json\/wp\/v2\/product"}],"about":[{"href":"https:\/\/boreait.com\/hr\/wp-json\/wp\/v2\/types\/product"}],"wp:featuredmedia":[{"embeddable":true,"href":"https:\/\/boreait.com\/hr\/wp-json\/wp\/v2\/media\/20165"}],"wp:attachment":[{"href":"https:\/\/boreait.com\/hr\/wp-json\/wp\/v2\/media?parent=20113"}],"wp:term":[{"taxonomy":"product_brand","embeddable":true,"href":"https:\/\/boreait.com\/hr\/wp-json\/wp\/v2\/product_brand?post=20113"},{"taxonomy":"product_cat","embeddable":true,"href":"https:\/\/boreait.com\/hr\/wp-json\/wp\/v2\/product_cat?post=20113"},{"taxonomy":"product_tag","embeddable":true,"href":"https:\/\/boreait.com\/hr\/wp-json\/wp\/v2\/product_tag?post=20113"}],"curies":[{"name":"wp","href":"https:\/\/api.w.org\/{rel}","templated":true}]}}