{"id":20112,"date":"2025-07-25T11:19:48","date_gmt":"2025-07-25T11:19:48","guid":{"rendered":"https:\/\/boreait.com\/hr\/?post_type=product&#038;p=20112"},"modified":"2025-07-25T11:20:27","modified_gmt":"2025-07-25T11:20:27","slug":"straznja-maska-toshiba-satellite-a300d-13r-tsa33bl5lc","status":"publish","type":"product","link":"https:\/\/boreait.com\/hr\/product\/straznja-maska-toshiba-satellite-a300d-13r-tsa33bl5lc\/","title":{"rendered":"Stra\u017enja maska Toshiba Satellite A300D-13R TSA33BL5LC"},"content":{"rendered":"<p>Pobolj\u0161ajte estetiku i za\u0161titu svog prijenosnog ra\u010dunala Toshiba Satellite A300D-13R sa stra\u017enjim poklopcem TSA33BL5LC. Izra\u0111en da savr\u0161eno pristaje va\u0161em prijenosnom ra\u010dunalu, ovaj originalni Toshiba stra\u017enji poklopac ne samo da dodaje da\u0161ak stila, ve\u0107 i \u0161titi unutarnje komponente va\u0161eg prijenosnog ra\u010dunala od pra\u0161ine i manjih udaraca.<\/p>\n<p>Proizveden od strane Toshibe, pouzdanog imena u tehnologiji prijenosnih ra\u010dunala, ovaj stra\u017enji poklopac dizajniran je da zadovolji standarde visoke kvalitete koje o\u010dekujete. Precizno je dizajniran kako bi osigurao besprijekorno pristajanje uz va\u0161 Toshiba Satellite A300D-13R, nude\u0107i elegantan i jedinstven izgled.<\/p>\n<p>Instaliranje stra\u017enjeg poklopca je jednostavno. Odabirom ovog originalnog Toshiba proizvoda ula\u017eete u estetiku i za\u0161titu svog prijenosnog ra\u010dunala.<\/p>\n<p>Nadogradite izgled i za\u0161titu svog Toshiba Satellite A300D-13R stra\u017enjim poklopcem TSA33BL5LC. U\u017eivajte u osvje\u017eenom izgledu i dodatnoj za\u0161titi unutarnjih komponenti va\u0161eg prijenosnog ra\u010dunala.<\/p>\n<p>Prije kupnje provjerite kompatibilnost s odre\u0111enim modelom prijenosnog ra\u010dunala.<\/p>\n","protected":false},"excerpt":{"rendered":"<p>Pobolj\u0161ajte izgled i za\u0161titu svog Toshiba Satellite A300D-13R sa stra\u017enjim poklopcem TSA33BL5LC. U\u017eivajte u osvje\u017eenom izgledu i dodatnoj obrani od pra\u0161ine i manjih udaraca.<\/p>\n","protected":false},"featured_media":20162,"template":"","meta":[],"product_brand":[],"product_cat":[51],"product_tag":[69],"class_list":{"0":"post-20112","1":"product","2":"type-product","3":"status-publish","4":"has-post-thumbnail","6":"product_cat-laptop-housing","7":"product_tag-toshiba","9":"first","10":"instock","11":"taxable","12":"shipping-taxable","13":"purchasable","14":"product-type-simple"},"_links":{"self":[{"href":"https:\/\/boreait.com\/hr\/wp-json\/wp\/v2\/product\/20112","targetHints":{"allow":["GET"]}}],"collection":[{"href":"https:\/\/boreait.com\/hr\/wp-json\/wp\/v2\/product"}],"about":[{"href":"https:\/\/boreait.com\/hr\/wp-json\/wp\/v2\/types\/product"}],"wp:featuredmedia":[{"embeddable":true,"href":"https:\/\/boreait.com\/hr\/wp-json\/wp\/v2\/media\/20162"}],"wp:attachment":[{"href":"https:\/\/boreait.com\/hr\/wp-json\/wp\/v2\/media?parent=20112"}],"wp:term":[{"taxonomy":"product_brand","embeddable":true,"href":"https:\/\/boreait.com\/hr\/wp-json\/wp\/v2\/product_brand?post=20112"},{"taxonomy":"product_cat","embeddable":true,"href":"https:\/\/boreait.com\/hr\/wp-json\/wp\/v2\/product_cat?post=20112"},{"taxonomy":"product_tag","embeddable":true,"href":"https:\/\/boreait.com\/hr\/wp-json\/wp\/v2\/product_tag?post=20112"}],"curies":[{"name":"wp","href":"https:\/\/api.w.org\/{rel}","templated":true}]}}