{"id":20111,"date":"2025-07-25T11:19:48","date_gmt":"2025-07-25T11:19:48","guid":{"rendered":"https:\/\/boreait.com\/hr\/?post_type=product&#038;p=20111"},"modified":"2026-01-09T12:46:53","modified_gmt":"2026-01-09T12:46:53","slug":"hp-pavilion-dv6-3000-15-4-lcd-straznji-gornji-poklopac-srebrni-3jlx6lctp40","status":"publish","type":"product","link":"https:\/\/boreait.com\/hr\/product\/hp-pavilion-dv6-3000-15-4-lcd-straznji-gornji-poklopac-srebrni-3jlx6lctp40\/","title":{"rendered":"HP Pavilion DV6-3000 15.4 LCD stra\u017enji gornji poklopac srebrni 3JLX6LCTP40"},"content":{"rendered":"<p>Pove\u0107ajte vizualnu privla\u010dnost i za\u0161titu svog prijenosnog ra\u010dunala HP Pavilion DV6-3000 s HP Pavilion DV6-3000 15.4 LCD stra\u017enjim gornjim poklopcem u elegantnoj srebrnoj boji (3JLX6LCTP40). Izra\u0111en kako bi pobolj\u0161ao estetiku i izdr\u017eljivost va\u0161eg prijenosnog ra\u010dunala, ovaj originalni gornji poklopac nudi besprijekorno pristajanje i pouzdanu za\u0161titu za va\u0161 ure\u0111aj.<\/p>\n<p>Proizveden za HP-ovu seriju Pavilion DV6-3000, ovaj gornji poklopac dizajniran je tako da to\u010dno odgovara specifikacijama va\u0161eg modela prijenosnog ra\u010dunala. Ne samo da dodaje da\u0161ak stila svojom srebrnom zavr\u0161nom obradom, ve\u0107 i \u0161titi zaslon va\u0161eg prijenosnog ra\u010dunala od pra\u0161ine, ogrebotina i manjih udaraca.<\/p>\n<p>Instalacija je bez muke, zahvaljuju\u0107i preciznom dizajnu koji je savr\u0161eno uskla\u0111en s originalnim komponentama va\u0161eg prijenosnog ra\u010dunala. Odabirom autenti\u010dnih HP-ovih dijelova ula\u017eete u kvalitetu, estetiku i izdr\u017eljivost svog prijenosnog ra\u010dunala.<\/p>\n<p>Nadogradite izgled i za\u0161titu svog prijenosnog ra\u010dunala sa HP Pavilion DV6-3000 15.4 LCD stra\u017enjim gornjim poklopcem u srebrnoj boji (3JLX6LCTP40). U\u017eivajte u pobolj\u0161anom vizualnom iskustvu i za\u0161titite zaslon svog prijenosnog ra\u010dunala sa stilom.<\/p>\n<p>Prije kupnje provjerite kompatibilnost s odre\u0111enim modelom prijenosnog ra\u010dunala.<\/p>\n","protected":false},"excerpt":{"rendered":"<p>Pobolj\u0161ajte estetiku i za\u0161titu svog prijenosnog ra\u010dunala HP Pavilion DV6-3000 s HP Pavilion DV6-3000 15.4 LCD stra\u017enjim gornjim poklopcem u srebrnoj boji (3JLX6LCTP40).<\/p>\n","protected":false},"featured_media":20160,"template":"","meta":[],"product_brand":[],"product_cat":[51],"product_tag":[60],"class_list":{"0":"post-20111","1":"product","2":"type-product","3":"status-publish","4":"has-post-thumbnail","6":"product_cat-laptop-housing","7":"product_tag-hp","9":"first","10":"instock","11":"taxable","12":"shipping-taxable","13":"purchasable","14":"product-type-simple"},"_links":{"self":[{"href":"https:\/\/boreait.com\/hr\/wp-json\/wp\/v2\/product\/20111","targetHints":{"allow":["GET"]}}],"collection":[{"href":"https:\/\/boreait.com\/hr\/wp-json\/wp\/v2\/product"}],"about":[{"href":"https:\/\/boreait.com\/hr\/wp-json\/wp\/v2\/types\/product"}],"wp:featuredmedia":[{"embeddable":true,"href":"https:\/\/boreait.com\/hr\/wp-json\/wp\/v2\/media\/20160"}],"wp:attachment":[{"href":"https:\/\/boreait.com\/hr\/wp-json\/wp\/v2\/media?parent=20111"}],"wp:term":[{"taxonomy":"product_brand","embeddable":true,"href":"https:\/\/boreait.com\/hr\/wp-json\/wp\/v2\/product_brand?post=20111"},{"taxonomy":"product_cat","embeddable":true,"href":"https:\/\/boreait.com\/hr\/wp-json\/wp\/v2\/product_cat?post=20111"},{"taxonomy":"product_tag","embeddable":true,"href":"https:\/\/boreait.com\/hr\/wp-json\/wp\/v2\/product_tag?post=20111"}],"curies":[{"name":"wp","href":"https:\/\/api.w.org\/{rel}","templated":true}]}}