{"id":20110,"date":"2025-07-25T11:19:48","date_gmt":"2025-07-25T11:19:48","guid":{"rendered":"https:\/\/boreait.com\/hr\/?post_type=product&#038;p=20110"},"modified":"2026-01-09T12:46:31","modified_gmt":"2026-01-09T12:46:31","slug":"3aax6lc00s0-straznji-poklopac-lcd-a-hp-pavilion-g4-1000","status":"publish","type":"product","link":"https:\/\/boreait.com\/hr\/product\/3aax6lc00s0-straznji-poklopac-lcd-a-hp-pavilion-g4-1000\/","title":{"rendered":"3AAX6LC00S0 STRA\u017dNJI POKLOPAC LCD-A HP PAVILION G4-1000-"},"content":{"rendered":"<p>Pobolj\u0161ajte izgled i za\u0161titu svog prijenosnog ra\u010dunala HP Pavilion G4-1000 s 3AAX6LC00S0 LCD stra\u017enjim poklopcem. Dizajniran da savr\u0161eno pristaje, ovaj originalni HP stra\u017enji poklopac osigurava sigurnu i besprijekornu zamjenu za o\u0161te\u0107eni ili istro\u0161eni poklopac va\u0161eg prijenosnog ra\u010dunala.<\/p>\n<p>Proizveden od strane HP-a, pouzdanog imena u ra\u010dunalnoj tehnologiji, 3AAX6LC00S0 LCD stra\u017enji poklopac napravljen je da zadovolji najvi\u0161e standarde kvalitete. Ne samo da pobolj\u0161ava estetiku va\u0161eg prijenosnog ra\u010dunala, ve\u0107 tako\u0111er pru\u017ea bitnu za\u0161titu za LCD zaslon i unutarnje komponente.<\/p>\n<p>Instalacija je bez muke, zahvaljuju\u0107i preciznom in\u017eenjeringu koji odgovara originalnim komponentama va\u0161eg prijenosnog ra\u010dunala. Odabirom autenti\u010dnih HP-ovih dijelova ula\u017eete u kvalitetu, izdr\u017eljivost i savr\u0161eno pristajanje va\u0161em prijenosnom ra\u010dunalu.<\/p>\n<p>Nadogradite izgled i za\u0161titu prijenosnog ra\u010dunala s 3AAX6LC00S0 LCD stra\u017enjim poklopcem za HP Pavilion G4-1000. U\u017eivajte u osvje\u017eenom izgledu i pouzdanoj za\u0161titi za zaslon i unutarnje komponente va\u0161eg prijenosnog ra\u010dunala.<\/p>\n<p>Prije kupnje provjerite kompatibilnost s odre\u0111enim modelom prijenosnog ra\u010dunala.<\/p>\n","protected":false},"excerpt":{"rendered":"<p>Pobolj\u0161ajte izgled i za\u0161titu svog prijenosnog ra\u010dunala HP Pavilion G4-1000 s 3AAX6LC00S0 LCD stra\u017enjim poklopcem. U\u017eivajte u osvje\u017eenom izgledu i pouzdanoj za\u0161titi za zaslon i unutarnje komponente va\u0161eg prijenosnog ra\u010dunala.<\/p>\n","protected":false},"featured_media":20158,"template":"","meta":[],"product_brand":[],"product_cat":[51],"product_tag":[60],"class_list":{"0":"post-20110","1":"product","2":"type-product","3":"status-publish","4":"has-post-thumbnail","6":"product_cat-laptop-housing","7":"product_tag-hp","9":"first","10":"instock","11":"taxable","12":"shipping-taxable","13":"purchasable","14":"product-type-simple"},"_links":{"self":[{"href":"https:\/\/boreait.com\/hr\/wp-json\/wp\/v2\/product\/20110","targetHints":{"allow":["GET"]}}],"collection":[{"href":"https:\/\/boreait.com\/hr\/wp-json\/wp\/v2\/product"}],"about":[{"href":"https:\/\/boreait.com\/hr\/wp-json\/wp\/v2\/types\/product"}],"wp:featuredmedia":[{"embeddable":true,"href":"https:\/\/boreait.com\/hr\/wp-json\/wp\/v2\/media\/20158"}],"wp:attachment":[{"href":"https:\/\/boreait.com\/hr\/wp-json\/wp\/v2\/media?parent=20110"}],"wp:term":[{"taxonomy":"product_brand","embeddable":true,"href":"https:\/\/boreait.com\/hr\/wp-json\/wp\/v2\/product_brand?post=20110"},{"taxonomy":"product_cat","embeddable":true,"href":"https:\/\/boreait.com\/hr\/wp-json\/wp\/v2\/product_cat?post=20110"},{"taxonomy":"product_tag","embeddable":true,"href":"https:\/\/boreait.com\/hr\/wp-json\/wp\/v2\/product_tag?post=20110"}],"curies":[{"name":"wp","href":"https:\/\/api.w.org\/{rel}","templated":true}]}}