{"id":20107,"date":"2025-07-25T11:19:47","date_gmt":"2025-07-25T11:19:47","guid":{"rendered":"https:\/\/boreait.com\/hr\/?post_type=product&#038;p=20107"},"modified":"2025-07-25T11:20:18","modified_gmt":"2025-07-25T11:20:18","slug":"originalni-asus-x553-lvds-lcd-led-video-zaslon-zaslon-kabel-wedge-1422-01ww0as-40pin","status":"publish","type":"product","link":"https:\/\/boreait.com\/hr\/product\/originalni-asus-x553-lvds-lcd-led-video-zaslon-zaslon-kabel-wedge-1422-01ww0as-40pin\/","title":{"rendered":"Originalni Asus X553 LVDS LCD LED video zaslon Zaslon kabel Wedge 1422-01WW0AS 40pin"},"content":{"rendered":"<p>Pobolj\u0161ajte performanse zaslona va\u0161eg prijenosnog ra\u010dunala s originalnim Asus X553 LVDS LCD LED zaslonom za video zaslon s klinom 1422-01WW0AS 40pin. Dizajniran da optimizira povezivost zaslona va\u0161eg prijenosnog ra\u010dunala, ovaj originalni kabel osigurava besprijekornu integraciju i pobolj\u0161anu vizualnu kvalitetu za pobolj\u0161ano ra\u010dunalno iskustvo.<\/p>\n<p>Proizveden da zadovolji najvi\u0161e standarde kvalitete i pouzdanosti, originalni X553 LVDS kabel dizajniran je za sigurnu i u\u010dinkovitu vezu izme\u0111u mati\u010dne plo\u010de va\u0161eg prijenosnog ra\u010dunala i LCD zaslona. Sa svojim 40-pin dizajnom, kompatibilan je s nizom prijenosnih ra\u010dunala, osiguravaju\u0107i svestranu upotrebu.<\/p>\n<p>Bilo da mijenjate o\u0161te\u0107eni kabel ili \u017eelite pobolj\u0161ati kvalitetu prikaza, ovaj originalni kabel pru\u017ea izvedbu i pouzdanost koja vam je potrebna. Podr\u017eava zaslone visoke razlu\u010divosti i osigurava da zaslon va\u0161eg prijenosnog ra\u010dunala funkcionira kako treba.<\/p>\n<p>Instalacija je jednostavna, zahvaljuju\u0107i preciznom dizajnu koji je savr\u0161eno uskla\u0111en s originalnim komponentama va\u0161eg prijenosnog ra\u010dunala. Odabirom autenti\u010dnog kabela ula\u017eete u kvalitetu i dugovje\u010dnost povezivosti zaslona prijenosnog ra\u010dunala.<\/p>\n<p>Nadogradite povezivost zaslona svog prijenosnog ra\u010dunala s originalnim X553 LVDS LCD LED zaslonom za video zaslon s klinom 1422-01WW0AS 40pin. U\u017eivajte u pobolj\u0161anoj vizualnoj kvaliteti, podr\u0161ci za prikaz visoke razlu\u010divosti i pouzdanoj vezi. Unaprijedite svoje ra\u010dunalno iskustvo s ovim pouzdanim i u\u010dinkovitim kabelom.<\/p>\n","protected":false},"excerpt":{"rendered":"<p>Pobolj\u0161ajte povezivost zaslona svog prijenosnog ra\u010dunala s Asusovim originalnim X553 LVDS LCD LED zaslonskim kabelom 1422-01WW0AS 40pin. U\u017eivajte u pobolj\u0161anoj vizualnoj kvaliteti i pouzdanoj vezi.<\/p>\n","protected":false},"featured_media":20155,"template":"","meta":[],"product_brand":[],"product_cat":[55],"product_tag":[65],"class_list":{"0":"post-20107","1":"product","2":"type-product","3":"status-publish","4":"has-post-thumbnail","6":"product_cat-cables","7":"product_tag-asus","9":"first","10":"instock","11":"taxable","12":"shipping-taxable","13":"purchasable","14":"product-type-simple"},"_links":{"self":[{"href":"https:\/\/boreait.com\/hr\/wp-json\/wp\/v2\/product\/20107","targetHints":{"allow":["GET"]}}],"collection":[{"href":"https:\/\/boreait.com\/hr\/wp-json\/wp\/v2\/product"}],"about":[{"href":"https:\/\/boreait.com\/hr\/wp-json\/wp\/v2\/types\/product"}],"wp:featuredmedia":[{"embeddable":true,"href":"https:\/\/boreait.com\/hr\/wp-json\/wp\/v2\/media\/20155"}],"wp:attachment":[{"href":"https:\/\/boreait.com\/hr\/wp-json\/wp\/v2\/media?parent=20107"}],"wp:term":[{"taxonomy":"product_brand","embeddable":true,"href":"https:\/\/boreait.com\/hr\/wp-json\/wp\/v2\/product_brand?post=20107"},{"taxonomy":"product_cat","embeddable":true,"href":"https:\/\/boreait.com\/hr\/wp-json\/wp\/v2\/product_cat?post=20107"},{"taxonomy":"product_tag","embeddable":true,"href":"https:\/\/boreait.com\/hr\/wp-json\/wp\/v2\/product_tag?post=20107"}],"curies":[{"name":"wp","href":"https:\/\/api.w.org\/{rel}","templated":true}]}}