{"id":20105,"date":"2025-07-25T11:19:47","date_gmt":"2025-07-25T11:19:47","guid":{"rendered":"https:\/\/boreait.com\/hr\/?post_type=product&#038;p=20105"},"modified":"2025-07-25T11:20:16","modified_gmt":"2025-07-25T11:20:16","slug":"straznja-maska-za-samsung-galaxy-tab-note-10-1-sm-p600","status":"publish","type":"product","link":"https:\/\/boreait.com\/hr\/product\/straznja-maska-za-samsung-galaxy-tab-note-10-1-sm-p600\/","title":{"rendered":"Stra\u017enja maska za Samsung Galaxy Tab Note 10.1 SM-P600"},"content":{"rendered":"<p>Pobolj\u0161ajte izgled i za\u0161titu va\u0161eg Samsung Galaxy Tab Note 10.1 SM-P600 sa stra\u017enjim poklopcem Samsung Galaxy Tab Note 10.1 SM-P600. Ova originalna zamjena stra\u017enjeg poklopca dizajnirana je kako bi dobro pristajala i osigurala cjelovitost konstrukcije va\u0161eg tableta.<\/p>\n<p>Proizveden od strane Samsunga, pouzdanog imena u mobilnoj tehnologiji, ovaj zamjenski stra\u017enji poklopac projektiran je tako da odgovara originalnim specifikacijama va\u0161eg tableta SM-P600. Nudi savr\u0161eno pristajanje i odr\u017eava elegantnu estetiku va\u0161eg ure\u0111aja dok pru\u017ea dodatnu za\u0161titu.<\/p>\n<p>Zamjena stra\u017enjeg poklopca je jednostavan postupak. Odabirom ove originalne Samsungove zamjene ula\u017eete u kvalitetu i integritet svog tableta.<\/p>\n<p>Za\u0161titite svoj Samsung Galaxy Tab Note 10.1 SM-P600 i zadr\u017eite njegov izvorni izgled sa stra\u017enjim poklopcem za Samsung Galaxy Tab Note 10.1 SM-P600. U\u017eivajte u miru znaju\u0107i da je va\u0161 tablet za\u0161ti\u0107en autenti\u010dnim Samsungovim zamjenskim poklopcem.<\/p>\n<p>Prije kupnje provjerite kompatibilnost s odre\u0111enim modelom tableta.<\/p>\n","protected":false},"excerpt":{"rendered":"<p>Pobolj\u0161ajte za\u0161titu i estetiku svog Samsung Galaxy Tab Note 10.1 SM-P600 sa stra\u017enjim poklopcem Samsung Galaxy Tab Note 10.1 SM-P600. U\u017eivajte u udobnom pristajanju i dodatnoj za\u0161titi za svoj tablet.<\/p>\n","protected":false},"featured_media":20152,"template":"","meta":[],"product_brand":[],"product_cat":[51],"product_tag":[83],"class_list":{"0":"post-20105","1":"product","2":"type-product","3":"status-publish","4":"has-post-thumbnail","6":"product_cat-laptop-housing","7":"product_tag-samsung","9":"first","10":"instock","11":"taxable","12":"shipping-taxable","13":"purchasable","14":"product-type-simple"},"_links":{"self":[{"href":"https:\/\/boreait.com\/hr\/wp-json\/wp\/v2\/product\/20105","targetHints":{"allow":["GET"]}}],"collection":[{"href":"https:\/\/boreait.com\/hr\/wp-json\/wp\/v2\/product"}],"about":[{"href":"https:\/\/boreait.com\/hr\/wp-json\/wp\/v2\/types\/product"}],"wp:featuredmedia":[{"embeddable":true,"href":"https:\/\/boreait.com\/hr\/wp-json\/wp\/v2\/media\/20152"}],"wp:attachment":[{"href":"https:\/\/boreait.com\/hr\/wp-json\/wp\/v2\/media?parent=20105"}],"wp:term":[{"taxonomy":"product_brand","embeddable":true,"href":"https:\/\/boreait.com\/hr\/wp-json\/wp\/v2\/product_brand?post=20105"},{"taxonomy":"product_cat","embeddable":true,"href":"https:\/\/boreait.com\/hr\/wp-json\/wp\/v2\/product_cat?post=20105"},{"taxonomy":"product_tag","embeddable":true,"href":"https:\/\/boreait.com\/hr\/wp-json\/wp\/v2\/product_tag?post=20105"}],"curies":[{"name":"wp","href":"https:\/\/api.w.org\/{rel}","templated":true}]}}