{"id":20082,"date":"2025-07-25T11:19:25","date_gmt":"2025-07-25T11:19:25","guid":{"rendered":"https:\/\/boreait.com\/hr\/?post_type=product&#038;p=20082"},"modified":"2025-07-25T11:20:13","modified_gmt":"2025-07-25T11:20:13","slug":"straznja-kamera-samsung-galaxy-note-10-1-2014-sm-p600","status":"publish","type":"product","link":"https:\/\/boreait.com\/hr\/product\/straznja-kamera-samsung-galaxy-note-10-1-2014-sm-p600\/","title":{"rendered":"Stra\u017enja kamera Samsung Galaxy Note 10.1 2014 SM P600"},"content":{"rendered":"<p>Pobolj\u0161ajte svoje fotografsko iskustvo sa stra\u017enjom kamerom Samsung Galaxy Note 10.1 2014 SM P600. Dizajniran za snimanje zadivljuju\u0107ih trenutaka s precizno\u0161\u0107u i jasno\u0107om, ovaj originalni Samsung modul kamere osigurava iznimnu kvalitetu slike za va\u0161 tablet.<\/p>\n<p>Proizveden od strane Samsunga, pouzdanog lidera u mobilnoj tehnologiji, stra\u017enja kamera za Galaxy Note 10.1 2014 SM P600 dizajnirana je za pru\u017eanje izvanrednih fotografskih performansi. Bez obzira snimate li fotografije krajolika, ljudi ili objekata, ovaj modul kamere pru\u017ea o\u0161tre i \u017eivopisne rezultate.<\/p>\n<p>Instalacija je jednostavna i besprijekorno se uskla\u0111uje s originalnim komponentama va\u0161eg tableta.\u00a0 Odabirom autenti\u010dnih dijelova tvrtke Samsung ula\u017eete u kvalitetu i pouzdanost mogu\u0107nosti kamere va\u0161eg tableta.<\/p>\n<p>Nadogradite svoju fotografsku igru sa stra\u017enjom kamerom Samsung Galaxy Note 10.1 2014 SM P600. Snimite dragocjene trenutke uz zapanjuju\u0107e detalje i jasno\u0107u. Pove\u0107ajte mogu\u0107nosti snimanja slike na svom tabletu s ovim pouzdanim i u\u010dinkovitim modulom kamere.<\/p>\n<p>Prije kupnje provjerite kompatibilnost s odre\u0111enim modelom tableta.<\/p>\n","protected":false},"excerpt":{"rendered":"<p>Pove\u0107ajte fotografske mogu\u0107nosti svog tableta sa stra\u017enjom kamerom Samsung Galaxy Note 10.1 2014 SM P600. Snimite zapanjuju\u0107e trenutke s precizno\u0161\u0107u i jasno\u0107om.<\/p>\n","protected":false},"featured_media":20149,"template":"","meta":[],"product_brand":[],"product_cat":[58],"product_tag":[83],"class_list":{"0":"post-20082","1":"product","2":"type-product","3":"status-publish","4":"has-post-thumbnail","6":"product_cat-laptop-camera","7":"product_tag-samsung","9":"first","10":"instock","11":"taxable","12":"shipping-taxable","13":"purchasable","14":"product-type-simple"},"_links":{"self":[{"href":"https:\/\/boreait.com\/hr\/wp-json\/wp\/v2\/product\/20082","targetHints":{"allow":["GET"]}}],"collection":[{"href":"https:\/\/boreait.com\/hr\/wp-json\/wp\/v2\/product"}],"about":[{"href":"https:\/\/boreait.com\/hr\/wp-json\/wp\/v2\/types\/product"}],"wp:featuredmedia":[{"embeddable":true,"href":"https:\/\/boreait.com\/hr\/wp-json\/wp\/v2\/media\/20149"}],"wp:attachment":[{"href":"https:\/\/boreait.com\/hr\/wp-json\/wp\/v2\/media?parent=20082"}],"wp:term":[{"taxonomy":"product_brand","embeddable":true,"href":"https:\/\/boreait.com\/hr\/wp-json\/wp\/v2\/product_brand?post=20082"},{"taxonomy":"product_cat","embeddable":true,"href":"https:\/\/boreait.com\/hr\/wp-json\/wp\/v2\/product_cat?post=20082"},{"taxonomy":"product_tag","embeddable":true,"href":"https:\/\/boreait.com\/hr\/wp-json\/wp\/v2\/product_tag?post=20082"}],"curies":[{"name":"wp","href":"https:\/\/api.w.org\/{rel}","templated":true}]}}