{"id":20081,"date":"2025-07-25T11:19:25","date_gmt":"2025-07-25T11:19:25","guid":{"rendered":"https:\/\/boreait.com\/hr\/?post_type=product&#038;p=20081"},"modified":"2025-07-25T11:20:12","modified_gmt":"2025-07-25T11:20:12","slug":"flat-flexsamsung-galaxy-note-10-1-sm-p600-p605-usb-mikro-konektor-za-punjenje-uticnica","status":"publish","type":"product","link":"https:\/\/boreait.com\/hr\/product\/flat-flexsamsung-galaxy-note-10-1-sm-p600-p605-usb-mikro-konektor-za-punjenje-uticnica\/","title":{"rendered":"FLAT FLEX+SAMSUNG GALAXY NOTE 10.1 SM-P600 P605 USB MIKRO KONEKTOR ZA PUNJENJE Uti\u010dnica"},"content":{"rendered":"<p>Pobolj\u0161ajte mogu\u0107nosti punjenja va\u0161eg Samsung Galaxy Note 10.1 SM-P600 ili P605 pomo\u0107u FLAT FLEX USB mikro konektora za punjenje. Izra\u0111en za optimizaciju funkcije punjenja va\u0161eg tableta, ovaj originalni mikro konektor osigurava besprijekornu integraciju i u\u010dinkovito punjenje za pobolj\u0161ano iskustvo ure\u0111aja.<\/p>\n<p>Dizajniran za kompatibilnost sa Samsung Galaxy Note 10.1 SM-P600 i P605, ovaj mikro konektor pru\u017ea pouzdanu i sigurnu vezu za punjenje va\u0161eg tableta. To je savr\u0161en zamjenski dio ako imate problema s punjenjem zbog o\u0161te\u0107enog ili istro\u0161enog konektora.<\/p>\n<p>Instalacija je jednostavna, \u0161to vam omogu\u0107uje da s lako\u0107om zamijenite stari ili neispravni mikro konektor. Nadogradite mogu\u0107nosti punjenja svog tableta pomo\u0107u FLAT FLEX+SAMSUNG GALAXY NOTE 10.1 SM-P600 P605 USB MIKRO KONEKTORA ZA PUNJENJE. U\u017eivajte u u\u010dinkovitom punjenju, sigurnoj vezi i obnovljenom iskustvu punjenja za va\u0161 Samsung Galaxy Note 10.1.<\/p>\n<p>Prije kupnje provjerite kompatibilnost s odre\u0111enim modelom tableta.<\/p>\n","protected":false},"excerpt":{"rendered":"<p>Pobolj\u0161ajte punjenje za svoj Samsung Galaxy Note 10.1 SM-P600 ili P605 pomo\u0107u FLAT FLEX USB mikro konektora za punjenje. U\u017eivajte u u\u010dinkovitom punjenju i sigurnoj vezi.<\/p>\n","protected":false},"featured_media":20148,"template":"","meta":[],"product_brand":[],"product_cat":[55],"product_tag":[83],"class_list":{"0":"post-20081","1":"product","2":"type-product","3":"status-publish","4":"has-post-thumbnail","6":"product_cat-cables","7":"product_tag-samsung","9":"first","10":"instock","11":"taxable","12":"shipping-taxable","13":"purchasable","14":"product-type-simple"},"_links":{"self":[{"href":"https:\/\/boreait.com\/hr\/wp-json\/wp\/v2\/product\/20081","targetHints":{"allow":["GET"]}}],"collection":[{"href":"https:\/\/boreait.com\/hr\/wp-json\/wp\/v2\/product"}],"about":[{"href":"https:\/\/boreait.com\/hr\/wp-json\/wp\/v2\/types\/product"}],"wp:featuredmedia":[{"embeddable":true,"href":"https:\/\/boreait.com\/hr\/wp-json\/wp\/v2\/media\/20148"}],"wp:attachment":[{"href":"https:\/\/boreait.com\/hr\/wp-json\/wp\/v2\/media?parent=20081"}],"wp:term":[{"taxonomy":"product_brand","embeddable":true,"href":"https:\/\/boreait.com\/hr\/wp-json\/wp\/v2\/product_brand?post=20081"},{"taxonomy":"product_cat","embeddable":true,"href":"https:\/\/boreait.com\/hr\/wp-json\/wp\/v2\/product_cat?post=20081"},{"taxonomy":"product_tag","embeddable":true,"href":"https:\/\/boreait.com\/hr\/wp-json\/wp\/v2\/product_tag?post=20081"}],"curies":[{"name":"wp","href":"https:\/\/api.w.org\/{rel}","templated":true}]}}