{"id":20080,"date":"2025-07-25T11:19:25","date_gmt":"2025-07-25T11:19:25","guid":{"rendered":"https:\/\/boreait.com\/hr\/?post_type=product&#038;p=20080"},"modified":"2025-07-25T11:20:11","modified_gmt":"2025-07-25T11:20:11","slug":"kabel-flex-citac-kartice-sim-i-micro-sd-za-samsung-galaxy-note-10-1-p600-p605","status":"publish","type":"product","link":"https:\/\/boreait.com\/hr\/product\/kabel-flex-citac-kartice-sim-i-micro-sd-za-samsung-galaxy-note-10-1-p600-p605\/","title":{"rendered":"Kabel Flex \u010cita\u010d kartice SIM i Micro SD za Samsung Galaxy Note 10.1 P600 P605"},"content":{"rendered":"<p>Pobolj\u0161ajte funkcionalnost svog Samsung Galaxy Note 10.1 P600 P605 tableta s Cable Flex Reader karticom SIM i Micro SD. Ovaj originalni savitljivi kabelski \u010dita\u010d dizajniran je kako bi vam pru\u017eio pro\u0161irene mogu\u0107nosti povezivanja, omogu\u0107uju\u0107i vam kori\u0161tenje SIM kartice i mikro SD kartice s va\u0161im ure\u0111ajem.<\/p>\n<p>Proizveden za kompatibilnost sa Samsung Galaxy Note 10.1 P600 P605, ovaj savitljivi kabelski \u010dita\u010d osigurava besprijekorno pristajanje i ispravnu funkcionalnost. Omogu\u0107uje vam umetanje SIM kartice, pro\u0161iruju\u0107i mogu\u0107nosti povezivanja, i mikro SD kartice, pru\u017eaju\u0107i dodatnu pohranu za va\u0161e datoteke, fotografije i videozapise.<\/p>\n<p>Bez obzira trebate li mobilni pristup podacima, dodatni kapacitet za pohranu ili svestranost u upravljanju podacima va\u0161eg tableta, ovaj kabelski \u010dita\u010d nudi prakti\u010dnost i fleksibilnost koju tra\u017eite. To je bitna komponenta za korisnike koji \u017eele maksimalno iskoristiti svoj Galaxy Note 10.1 P600 P605 tablet.<\/p>\n<p>Instalacija je jednostavna i mo\u017ee se izvesti uz osnovne tehni\u010dke vje\u0161tine. Pobolj\u0161ajte mogu\u0107nosti svog Samsung Galaxy Note 10.1 P600 P605 tableta s Cable Flex Reader karticom SIM i Micro SD. U\u017eivajte u pro\u0161irenim mogu\u0107nostima povezivanja i pohrane, \u010dine\u0107i va\u0161 tablet svestranijim i prilago\u0111enijim va\u0161im potrebama.<\/p>\n<p>Prije kupnje provjerite kompatibilnost s odre\u0111enim modelom tableta.<\/p>\n","protected":false},"excerpt":{"rendered":"<p>Pobolj\u0161ajte funkcionalnost svog Samsung Galaxy Note 10.1 P600 P605 tableta s Cable Flex Reader karticom SIM i Micro SD. U\u017eivajte u pro\u0161irenim mogu\u0107nostima povezivanja i pohrane.<\/p>\n","protected":false},"featured_media":20147,"template":"","meta":[],"product_brand":[],"product_cat":[62],"product_tag":[83],"class_list":{"0":"post-20080","1":"product","2":"type-product","3":"status-publish","4":"has-post-thumbnail","6":"product_cat-motherboards-board-parts","7":"product_tag-samsung","9":"first","10":"instock","11":"taxable","12":"shipping-taxable","13":"purchasable","14":"product-type-simple"},"_links":{"self":[{"href":"https:\/\/boreait.com\/hr\/wp-json\/wp\/v2\/product\/20080","targetHints":{"allow":["GET"]}}],"collection":[{"href":"https:\/\/boreait.com\/hr\/wp-json\/wp\/v2\/product"}],"about":[{"href":"https:\/\/boreait.com\/hr\/wp-json\/wp\/v2\/types\/product"}],"wp:featuredmedia":[{"embeddable":true,"href":"https:\/\/boreait.com\/hr\/wp-json\/wp\/v2\/media\/20147"}],"wp:attachment":[{"href":"https:\/\/boreait.com\/hr\/wp-json\/wp\/v2\/media?parent=20080"}],"wp:term":[{"taxonomy":"product_brand","embeddable":true,"href":"https:\/\/boreait.com\/hr\/wp-json\/wp\/v2\/product_brand?post=20080"},{"taxonomy":"product_cat","embeddable":true,"href":"https:\/\/boreait.com\/hr\/wp-json\/wp\/v2\/product_cat?post=20080"},{"taxonomy":"product_tag","embeddable":true,"href":"https:\/\/boreait.com\/hr\/wp-json\/wp\/v2\/product_tag?post=20080"}],"curies":[{"name":"wp","href":"https:\/\/api.w.org\/{rel}","templated":true}]}}