{"id":20079,"date":"2025-07-25T11:19:25","date_gmt":"2025-07-25T11:19:25","guid":{"rendered":"https:\/\/boreait.com\/hr\/?post_type=product&#038;p=20079"},"modified":"2025-07-25T11:20:08","modified_gmt":"2025-07-25T11:20:08","slug":"samsung-galaxy-note-10-1-edition-p600-zvucnici-wifi-antena","status":"publish","type":"product","link":"https:\/\/boreait.com\/hr\/product\/samsung-galaxy-note-10-1-edition-p600-zvucnici-wifi-antena\/","title":{"rendered":"Samsung Galaxy Note 10.1 Edition P600 zvu\u010dnici + WIFI antena"},"content":{"rendered":"<p>Pobolj\u0161ajte audio iskustvo svog Samsung Galaxy Note 10.1 Edition P600 tableta sa Samsung Galaxy Note 10.1 Edition P600 zvu\u010dnikom. Dizajniran da podigne kvalitetu zvuka va\u0161eg tableta, ovaj originalni zvu\u010dnik osigurava jasan i \u017eivahan zvuk za pobolj\u0161ano multimedijsko iskustvo. Tako\u0111er uklju\u010duje WIFI antenu.<\/p>\n<p>Proizveden od strane Samsunga, pouzdanog lidera u tehnologiji, Galaxy Note 10.1 Edition P600 zvu\u010dnik dizajniran je za pru\u017eanje pouzdane i impresivne audio izvedbe. Bilo da gledate videozapise, igrate igrice ili u\u017eivate u omiljenoj glazbi, ovaj zvu\u010dnik pobolj\u0161ava audio mogu\u0107nosti va\u0161eg tableta.<\/p>\n<p>Instalacija je jednostavna, \u0161to vam omogu\u0107uje da s lako\u0107om zamijenite postoje\u0107i zvu\u010dnik. Nadogradite audio iskustvo svog tableta sa Samsung Galaxy Note 10.1 Edition P600 zvu\u010dnikom. U\u017eivajte u pobolj\u0161anoj jasno\u0107i zvuka, impresivnom zvuku i boljem multimedijskom iskustvu na svom tabletu Galaxy Note 10.1 Edition P600.<\/p>\n<p>Prije kupnje provjerite kompatibilnost s odre\u0111enim modelom tableta.<\/p>\n","protected":false},"excerpt":{"rendered":"<p>Pobolj\u0161ajte kvalitetu zvuka va\u0161eg Samsung Galaxy Note 10.1 Edition P600 tableta sa Samsung Galaxy Note 10.1 Edition P600 zvu\u010dnikom. U\u017eivajte u pobolj\u0161anoj jasno\u0107i zvuka za svoj multimedijski sadr\u017eaj.<\/p>\n","protected":false},"featured_media":20137,"template":"","meta":[],"product_brand":[],"product_cat":[53],"product_tag":[83],"class_list":{"0":"post-20079","1":"product","2":"type-product","3":"status-publish","4":"has-post-thumbnail","6":"product_cat-laptop-speakers","7":"product_tag-samsung","9":"first","10":"instock","11":"taxable","12":"shipping-taxable","13":"purchasable","14":"product-type-simple"},"_links":{"self":[{"href":"https:\/\/boreait.com\/hr\/wp-json\/wp\/v2\/product\/20079","targetHints":{"allow":["GET"]}}],"collection":[{"href":"https:\/\/boreait.com\/hr\/wp-json\/wp\/v2\/product"}],"about":[{"href":"https:\/\/boreait.com\/hr\/wp-json\/wp\/v2\/types\/product"}],"wp:featuredmedia":[{"embeddable":true,"href":"https:\/\/boreait.com\/hr\/wp-json\/wp\/v2\/media\/20137"}],"wp:attachment":[{"href":"https:\/\/boreait.com\/hr\/wp-json\/wp\/v2\/media?parent=20079"}],"wp:term":[{"taxonomy":"product_brand","embeddable":true,"href":"https:\/\/boreait.com\/hr\/wp-json\/wp\/v2\/product_brand?post=20079"},{"taxonomy":"product_cat","embeddable":true,"href":"https:\/\/boreait.com\/hr\/wp-json\/wp\/v2\/product_cat?post=20079"},{"taxonomy":"product_tag","embeddable":true,"href":"https:\/\/boreait.com\/hr\/wp-json\/wp\/v2\/product_tag?post=20079"}],"curies":[{"name":"wp","href":"https:\/\/api.w.org\/{rel}","templated":true}]}}