{"id":20078,"date":"2025-07-25T11:19:25","date_gmt":"2025-07-25T11:19:25","guid":{"rendered":"https:\/\/boreait.com\/hr\/?post_type=product&#038;p=20078"},"modified":"2026-01-09T12:44:35","modified_gmt":"2026-01-09T12:44:35","slug":"touch-stylus-pen-stylus-pencil-za-samsung-galaxy-note-10-1-tablet-p600","status":"publish","type":"product","link":"https:\/\/boreait.com\/hr\/product\/touch-stylus-pen-stylus-pencil-za-samsung-galaxy-note-10-1-tablet-p600\/","title":{"rendered":"Touch Stylus Pen Stylus Pencil Za Samsung Galaxy Note 10.1 Tablet P600"},"content":{"rendered":"<p>Podignite svoju digitalnu kreativnost s Touch Stylus olovkom za Samsung Galaxy Note 10.1 Tablet P600. Dizajnirana za preciznost i brz odziv, ova stilus olovka nudi besprijekorno iskustvo crtanja i pisanja na va\u0161em tabletu, \u0161to je \u010dini alatom koji moraju imati umjetnici, bilje\u017enici i profesionalci.<\/p>\n<p>Izra\u0111ena od visokokvalitetnih materijala, ova stilus olovka napravljena je da traje i pru\u017ea udoban zahvat za produljenu upotrebu. Dizajn s finim vrhovima osigurava to\u010dan i detaljan unos, bilo da skicirate, vodite bilje\u0161ke ili se kre\u0107ete su\u010deljem svog tableta.<\/p>\n<p>Stylus olovka je kompatibilna sa Samsung Galaxy Note 10.1 Tablet P600, nude\u0107i prirodan i intuitivan na\u010din interakcije s va\u0161im ure\u0111ajem. Savr\u0161eno je za stvaranje digitalne umjetnosti, ozna\u010davanje dokumenata ili jednostavno pregledavanje weba s precizno\u0161\u0107u.<\/p>\n<p>Iskusite prakti\u010dnost stilus olovke koja se osje\u0107a kao prava olovka ili pero u va\u0161oj ruci. To je svestran alat koji pobolj\u0161ava funkcionalnost va\u0161eg tableta i osloba\u0111a va\u0161u kreativnost.<\/p>\n<p>Nadogradite svoje digitalno iskustvo s Touch Stylus Pen za Samsung Galaxy Note 10.1 Tablet P600. Otklju\u010dajte nove mogu\u0107nosti, bilo da ste umjetnik, student ili profesionalac. U\u010dinite interakciju s tabletom intuitivnijom i preciznijom s ovom pisaljkom.<\/p>\n<p>Prije kupnje provjerite kompatibilnost s odre\u0111enim modelom tableta.<\/p>\n","protected":false},"excerpt":{"rendered":"<p>Pobolj\u0161ajte svoju digitalnu kreativnost s Touch Stylus olovkom za Samsung Galaxy Note 10.1 Tablet P600. U\u017eivajte u preciznom crtanju, bilje\u017eenju i navigaciji na svom tabletu.<\/p>\n","protected":false},"featured_media":20136,"template":"","meta":[],"product_brand":[],"product_cat":[62],"product_tag":[83],"class_list":{"0":"post-20078","1":"product","2":"type-product","3":"status-publish","4":"has-post-thumbnail","6":"product_cat-motherboards-board-parts","7":"product_tag-samsung","9":"first","10":"instock","11":"taxable","12":"shipping-taxable","13":"purchasable","14":"product-type-simple"},"_links":{"self":[{"href":"https:\/\/boreait.com\/hr\/wp-json\/wp\/v2\/product\/20078","targetHints":{"allow":["GET"]}}],"collection":[{"href":"https:\/\/boreait.com\/hr\/wp-json\/wp\/v2\/product"}],"about":[{"href":"https:\/\/boreait.com\/hr\/wp-json\/wp\/v2\/types\/product"}],"wp:featuredmedia":[{"embeddable":true,"href":"https:\/\/boreait.com\/hr\/wp-json\/wp\/v2\/media\/20136"}],"wp:attachment":[{"href":"https:\/\/boreait.com\/hr\/wp-json\/wp\/v2\/media?parent=20078"}],"wp:term":[{"taxonomy":"product_brand","embeddable":true,"href":"https:\/\/boreait.com\/hr\/wp-json\/wp\/v2\/product_brand?post=20078"},{"taxonomy":"product_cat","embeddable":true,"href":"https:\/\/boreait.com\/hr\/wp-json\/wp\/v2\/product_cat?post=20078"},{"taxonomy":"product_tag","embeddable":true,"href":"https:\/\/boreait.com\/hr\/wp-json\/wp\/v2\/product_tag?post=20078"}],"curies":[{"name":"wp","href":"https:\/\/api.w.org\/{rel}","templated":true}]}}