{"id":20074,"date":"2025-07-25T11:19:25","date_gmt":"2025-07-25T11:19:25","guid":{"rendered":"https:\/\/boreait.com\/hr\/?post_type=product&#038;p=20074"},"modified":"2025-07-25T11:19:57","modified_gmt":"2025-07-25T11:19:57","slug":"okvir-zaslona-hp-elitebook-840-g1-730952-001","status":"publish","type":"product","link":"https:\/\/boreait.com\/hr\/product\/okvir-zaslona-hp-elitebook-840-g1-730952-001\/","title":{"rendered":"Okvir zaslona HP EliteBook 840 G1 730952-001"},"content":{"rendered":"<p>Unaprijedite izgled i funkcionalnost svog prijenosnog ra\u010dunala HP EliteBook 840 G1 s okvirom okvira zaslona HP EliteBook 840 G1 730952-001. Dizajniran kako bi pru\u017eio ugla\u0111enu i za\u0161titnu zavr\u0161nicu zaslona va\u0161eg prijenosnog ra\u010dunala, ovaj originalni okvir s okvirom osigurava besprijekornu integraciju i pobolj\u0161anu izdr\u017eljivost za pobolj\u0161ano ra\u010dunalno iskustvo.<\/p>\n<p>Proizveden od strane HP-a, pouzdanog lidera u ra\u010dunalnoj tehnologiji, okvir okvira zaslona HP EliteBook 840 G1 730952-001 dizajniran je da savr\u0161eno pristaje zaslonu va\u0161eg prijenosnog ra\u010dunala. Ne samo da pobolj\u0161ava estetiku va\u0161eg prijenosnog ra\u010dunala, ve\u0107 nudi i za\u0161titu osjetljivom LCD zaslonu, \u0161tite\u0107i ga od pra\u0161ine i manjih udaraca.<\/p>\n<p>Bez obzira jeste li profesionalac kojemu je cilj elegantan i profesionalan izgled ili korisnik koji \u017eeli osvje\u017eiti izgled svog prijenosnog ra\u010dunala, ovaj okvir okvira savr\u0161eno je rje\u0161enje. Nadopunjuje cjelokupan dizajn va\u0161eg EliteBook 840 G1, \u010dine\u0107i da izgleda kao nov.<\/p>\n<p>Instalacija je jednostavna zahvaljuju\u0107i preciznom dizajnu koji je uskla\u0111en s originalnim komponentama va\u0161eg prijenosnog ra\u010dunala. Odabirom autenti\u010dnih HP-ovih dijelova ula\u017eete u kvalitetu i pouzdanost izgleda i za\u0161tite prijenosnog ra\u010dunala.<\/p>\n<p>Pobolj\u0161ajte izgled i funkcionalnost svog HP EliteBook 840 G1 s okvirom okvira zaslona HP EliteBook 840 G1 730952-001. U\u017eivajte u osvje\u017eenom i ugla\u0111enom izgledu prijenosnog ra\u010dunala dok istovremeno \u0161titite svoj vrijedan zaslon. Nadogradite svoje ra\u010dunalno iskustvo ovim pouzdanim i elegantnim okvirom s okvirom.<\/p>\n<p>Prije kupnje provjerite kompatibilnost s odre\u0111enim modelom prijenosnog ra\u010dunala.<\/p>\n","protected":false},"excerpt":{"rendered":"<p>Pobolj\u0161ajte izgled i za\u0161titu prijenosnog ra\u010dunala HP EliteBook 840 G1 s okvirom okvira zaslona HP EliteBook 840 G1 730952-001. U\u017eivajte u osvje\u017eenom i ugla\u0111enom izgledu prijenosnog ra\u010dunala.<\/p>\n","protected":false},"featured_media":20128,"template":"","meta":[],"product_brand":[],"product_cat":[51],"product_tag":[60],"class_list":{"0":"post-20074","1":"product","2":"type-product","3":"status-publish","4":"has-post-thumbnail","6":"product_cat-laptop-housing","7":"product_tag-hp","9":"first","10":"instock","11":"taxable","12":"shipping-taxable","13":"purchasable","14":"product-type-simple"},"_links":{"self":[{"href":"https:\/\/boreait.com\/hr\/wp-json\/wp\/v2\/product\/20074","targetHints":{"allow":["GET"]}}],"collection":[{"href":"https:\/\/boreait.com\/hr\/wp-json\/wp\/v2\/product"}],"about":[{"href":"https:\/\/boreait.com\/hr\/wp-json\/wp\/v2\/types\/product"}],"wp:featuredmedia":[{"embeddable":true,"href":"https:\/\/boreait.com\/hr\/wp-json\/wp\/v2\/media\/20128"}],"wp:attachment":[{"href":"https:\/\/boreait.com\/hr\/wp-json\/wp\/v2\/media?parent=20074"}],"wp:term":[{"taxonomy":"product_brand","embeddable":true,"href":"https:\/\/boreait.com\/hr\/wp-json\/wp\/v2\/product_brand?post=20074"},{"taxonomy":"product_cat","embeddable":true,"href":"https:\/\/boreait.com\/hr\/wp-json\/wp\/v2\/product_cat?post=20074"},{"taxonomy":"product_tag","embeddable":true,"href":"https:\/\/boreait.com\/hr\/wp-json\/wp\/v2\/product_tag?post=20074"}],"curies":[{"name":"wp","href":"https:\/\/api.w.org\/{rel}","templated":true}]}}