{"id":20073,"date":"2025-07-25T11:19:25","date_gmt":"2025-07-25T11:19:25","guid":{"rendered":"https:\/\/boreait.com\/hr\/?post_type=product&#038;p=20073"},"modified":"2025-07-25T11:19:55","modified_gmt":"2025-07-25T11:19:55","slug":"dell-latitude-e5450-0cyj3r-cyj3r-kuciste-okvira-lcd-zaslon","status":"publish","type":"product","link":"https:\/\/boreait.com\/hr\/product\/dell-latitude-e5450-0cyj3r-cyj3r-kuciste-okvira-lcd-zaslon\/","title":{"rendered":"Dell Latitude E5450 0CYJ3R CYJ3R Ku\u0107i\u0161te okvira LCD zaslon"},"content":{"rendered":"<p>Pobolj\u0161ajte zaslon prijenosnog ra\u010dunala Dell Latitude E5450 s 0CYJ3R CYJ3R LCD zaslonom s ku\u0107i\u0161tem ku\u0107i\u0161ta. Dizajnirano da pru\u017ei strukturnu potporu i za\u0161titu za LCD zaslon va\u0161eg prijenosnog ra\u010dunala, ovo originalno ku\u0107i\u0161te s okvirom osigurava sigurnu i besprijekornu zamjenu zaslona.<\/p>\n<p>Proizvedeno od strane Dell-a, pouzdanog lidera u tehnologiji prijenosnih ra\u010dunala, 0CYJ3R CYJ3R okvirno ku\u0107i\u0161te dizajnirano je kako bi savr\u0161eno odgovaralo ekranu va\u0161eg Latitude E5450 prijenosnog ra\u010dunala. Pru\u017ea klju\u010dnu potporu, osiguravaju\u0107i da va\u0161 LCD zaslon ostane sigurno na mjestu dok je rizik od o\u0161te\u0107enja minimalan.<\/p>\n<p>Bilo da mijenjate o\u0161te\u0107eno ku\u0107i\u0161te okvira ili nadogra\u0111ujete zaslon prijenosnog ra\u010dunala, ovaj originalni Dell dio nudi strukturalni integritet i izdr\u017eljivost koji su potrebni va\u0161em prijenosnom ra\u010dunalu.<\/p>\n<p>Nadogradite i za\u0161titite zaslon prijenosnog ra\u010dunala Dell Latitude E5450 s 0CYJ3R CYJ3R LCD zaslonom s ku\u0107i\u0161tem ku\u0107i\u0161ta. U\u017eivajte u sigurnom i pouzdanom ku\u0107i\u0161tu za svoj LCD zaslon, osiguravaju\u0107i da zaslon va\u0161eg prijenosnog ra\u010dunala ostane u optimalnom stanju.<\/p>\n<p>Prije kupnje provjerite kompatibilnost s odre\u0111enim modelom prijenosnog ra\u010dunala.<\/p>\n","protected":false},"excerpt":{"rendered":"<p>Pobolj\u0161ajte i za\u0161titite zaslon svog prijenosnog ra\u010dunala Dell Latitude E5450 s LCD zaslonom 0CYJ3R CYJ3R okvirnog ku\u0107i\u0161ta. Osigurajte sigurnu i besprijekornu zamjenu zaslona.<\/p>\n","protected":false},"featured_media":20126,"template":"","meta":[],"product_brand":[],"product_cat":[51],"product_tag":[52],"class_list":{"0":"post-20073","1":"product","2":"type-product","3":"status-publish","4":"has-post-thumbnail","6":"product_cat-laptop-housing","7":"product_tag-dell","9":"first","10":"instock","11":"taxable","12":"shipping-taxable","13":"purchasable","14":"product-type-simple"},"_links":{"self":[{"href":"https:\/\/boreait.com\/hr\/wp-json\/wp\/v2\/product\/20073","targetHints":{"allow":["GET"]}}],"collection":[{"href":"https:\/\/boreait.com\/hr\/wp-json\/wp\/v2\/product"}],"about":[{"href":"https:\/\/boreait.com\/hr\/wp-json\/wp\/v2\/types\/product"}],"wp:featuredmedia":[{"embeddable":true,"href":"https:\/\/boreait.com\/hr\/wp-json\/wp\/v2\/media\/20126"}],"wp:attachment":[{"href":"https:\/\/boreait.com\/hr\/wp-json\/wp\/v2\/media?parent=20073"}],"wp:term":[{"taxonomy":"product_brand","embeddable":true,"href":"https:\/\/boreait.com\/hr\/wp-json\/wp\/v2\/product_brand?post=20073"},{"taxonomy":"product_cat","embeddable":true,"href":"https:\/\/boreait.com\/hr\/wp-json\/wp\/v2\/product_cat?post=20073"},{"taxonomy":"product_tag","embeddable":true,"href":"https:\/\/boreait.com\/hr\/wp-json\/wp\/v2\/product_tag?post=20073"}],"curies":[{"name":"wp","href":"https:\/\/api.w.org\/{rel}","templated":true}]}}