{"id":20069,"date":"2025-07-25T11:19:25","date_gmt":"2025-07-25T11:19:25","guid":{"rendered":"https:\/\/boreait.com\/hr\/?post_type=product&#038;p=20069"},"modified":"2025-07-25T11:19:44","modified_gmt":"2025-07-25T11:19:44","slug":"8gb-kit-micron-mt18jsf25672pdz-1g4f1dd-pc3-10600r-ddr3-2rx8","status":"publish","type":"product","link":"https:\/\/boreait.com\/hr\/product\/8gb-kit-micron-mt18jsf25672pdz-1g4f1dd-pc3-10600r-ddr3-2rx8\/","title":{"rendered":"8GB Kit Micron MT18JSF25672PDZ-1G4F1DD PC3-10600R DDR3 2Rx8"},"content":{"rendered":"<p>Pobolj\u0161ajte performanse va\u0161eg stolnog ra\u010dunala s kompletom od 8 GB Micron MT18JSF25672PDZ-1G4F1DD PC3-10600R DDR3 2Rx8 DESKTOP RAM MEMORIJE. Dizajniran za pove\u0107anje brzine i odziva va\u0161e radne povr\u0161ine, ovaj originalni Micron RAM kit pru\u017ea besprijekoran multitasking i glatkija ra\u010dunalna iskustva.<\/p>\n<p>Proizveden od strane Microna, pouzdanog imena u memorijskoj tehnologiji, ovaj RAM komplet sastoji se od dva modula od 4 GB, koji se pridr\u017eavaju standarda PC3-10600R DDR3. S ukupnim kapacitetom od 8 GB, ovaj komplet pru\u017ea zna\u010dajno pove\u0107anje performansi, omogu\u0107uju\u0107i vam da u\u010dinkovitije pokre\u0107ete aplikacije i s lako\u0107om obavljate vi\u0161e zadataka.<\/p>\n<p>Instalacija je bez muke, zahvaljuju\u0107i standardnom DIMM formatu. Nadogradnjom na ovaj originalni Micron RAM komplet ula\u017eete u pobolj\u0161anu reakciju sustava, br\u017ei pristup podacima i pobolj\u0161ane mogu\u0107nosti multitaskinga.<\/p>\n<p>Nadogradite performanse svog stolnog ra\u010dunala s kompletom od 8 GB Micron MT18JSF25672PDZ-1G4F1DD PC3-10600R DDR3 2Rx8 DESKTOP RAM MEMORIJE. Do\u017eivite novu razinu brzine i pouzdanosti za svoje ra\u010dunalne zadatke. Pove\u0107ajte produktivnost, pojednostavite tijek rada i u\u017eivajte u prednostima moderne memorijske tehnologije na va\u0161em stolnom ra\u010dunalu.<\/p>\n<p>Prije kupnje provjerite kompatibilnost s odre\u0111enim modelom mati\u010dne plo\u010de stolnog ra\u010dunala.<\/p>\n","protected":false},"excerpt":{"rendered":"<p>Nadogradite performanse svog stolnog ra\u010dunala s kompletom od 8 GB Micron MT18JSF25672PDZ-1G4F1DD PC3-10600R DDR3 2Rx8 DESKTOP RAM MEMORIJE. U\u017eivajte u br\u017eem pristupu podacima i pobolj\u0161anim mogu\u0107nostima multitaskinga.<\/p>\n","protected":false},"featured_media":20100,"template":"","meta":[],"product_brand":[],"product_cat":[72,71],"product_tag":[],"class_list":{"0":"post-20069","1":"product","2":"type-product","3":"status-publish","4":"has-post-thumbnail","6":"product_cat-ddr3-ddr3l","7":"product_cat-ram-memory","9":"first","10":"instock","11":"taxable","12":"shipping-taxable","13":"purchasable","14":"product-type-simple"},"_links":{"self":[{"href":"https:\/\/boreait.com\/hr\/wp-json\/wp\/v2\/product\/20069","targetHints":{"allow":["GET"]}}],"collection":[{"href":"https:\/\/boreait.com\/hr\/wp-json\/wp\/v2\/product"}],"about":[{"href":"https:\/\/boreait.com\/hr\/wp-json\/wp\/v2\/types\/product"}],"wp:featuredmedia":[{"embeddable":true,"href":"https:\/\/boreait.com\/hr\/wp-json\/wp\/v2\/media\/20100"}],"wp:attachment":[{"href":"https:\/\/boreait.com\/hr\/wp-json\/wp\/v2\/media?parent=20069"}],"wp:term":[{"taxonomy":"product_brand","embeddable":true,"href":"https:\/\/boreait.com\/hr\/wp-json\/wp\/v2\/product_brand?post=20069"},{"taxonomy":"product_cat","embeddable":true,"href":"https:\/\/boreait.com\/hr\/wp-json\/wp\/v2\/product_cat?post=20069"},{"taxonomy":"product_tag","embeddable":true,"href":"https:\/\/boreait.com\/hr\/wp-json\/wp\/v2\/product_tag?post=20069"}],"curies":[{"name":"wp","href":"https:\/\/api.w.org\/{rel}","templated":true}]}}