{"id":19966,"date":"2025-07-25T11:17:56","date_gmt":"2025-07-25T11:17:56","guid":{"rendered":"https:\/\/boreait.com\/hr\/?post_type=product&#038;p=19966"},"modified":"2025-07-25T11:18:55","modified_gmt":"2025-07-25T11:18:55","slug":"oem-hp-lite-on-ts-l632nhpmh-cd-dvd-prepisivi-pogon-445953-fc0-c1-y3-q2","status":"publish","type":"product","link":"https:\/\/boreait.com\/hr\/product\/oem-hp-lite-on-ts-l632nhpmh-cd-dvd-prepisivi-pogon-445953-fc0-c1-y3-q2\/","title":{"rendered":"OEM HP Lite-On TS-L632NHPMH CD DVD prepisivi pogon 445953-FC0 C1-Y3-q2"},"content":{"rendered":"<p>Pove\u0107ajte multimedijske mogu\u0107nosti svog prijenosnog ra\u010dunala s OEM HP Lite-On TS-L632NHPMH CD DVD pogonom za ponovno upisivanje 445953-FC0 C1-Y3-q2. Dizajniran za pobolj\u0161anje opti\u010dke pohrane i reprodukcije va\u0161eg prijenosnog ra\u010dunala, ovaj originalni opti\u010dki pogon osigurava besprijekornu integraciju i pobolj\u0161anu svestranost za pobolj\u0161ano ra\u010dunalno iskustvo.<\/p>\n<p>Proizveden od strane Lite-On za HP, pouzdanog lidera u ra\u010dunalnoj tehnologiji, OEM HP Lite-On TS-L632NHPMH CD DVD pogon 445953-FC0 C1-Y3-q2 dizajniran je za pru\u017eanje pouzdanih mogu\u0107nosti \u010ditanja i pisanja CD-a i DVD-a. Kao bitna komponenta internih sustava va\u0161eg prijenosnog ra\u010dunala, ovaj pogon igra klju\u010dnu ulogu u pro\u0161irenju mogu\u0107nosti pohrane i zabave.<\/p>\n<p>Bilo da trebate \u010ditati ili pisati CD-ove ili DVD-ove, ovaj pogon nudi pogodnost i u\u010dinkovitost koju tra\u017eite. Omogu\u0107uje vam gledanje filmova, slu\u0161anje glazbe, snimanje diskova s podacima i instaliranje softvera, \u0161to ga \u010dini idealnim za profesionalnu i osobnu upotrebu.<\/p>\n<p>Instalacija je jednostavna zahvaljuju\u0107i OEM dizajnu koji je uskla\u0111en s originalnim komponentama va\u0161eg prijenosnog ra\u010dunala. Odabirom autenti\u010dnih HP-ovih dijelova ula\u017eete u kvalitetu i pouzdanost opti\u010dke pohrane i reprodukcije va\u0161eg prijenosnog ra\u010dunala.<\/p>\n<p>Nadogradite multimedijske mogu\u0107nosti svog prijenosnog ra\u010dunala s OEM HP Lite-On TS-L632NHPMH CD DVD pogonom za ponovno upisivanje 445953-FC0 C1-Y3-q2. U\u017eivajte u pro\u0161irenim mogu\u0107nostima pohrane, raznovrsnoj reprodukciji medija i u\u010dinkovitom pisanju podataka na svom prijenosnom ra\u010dunalu. Pobolj\u0161ajte svoje ra\u010dunalno iskustvo s ovim pouzdanim i u\u010dinkovitim opti\u010dkim pogonom.<\/p>\n","protected":false},"excerpt":{"rendered":"<p>Pobolj\u0161ajte opti\u010dku pohranu i mogu\u0107nosti reprodukcije va\u0161eg prijenosnog ra\u010dunala s OEM HP Lite-On TS-L632NHPMH CD DVD pogonom za ponovno upisivanje 445953-FC0 C1-Y3-q2. U\u017eivajte u svestranoj medijskoj funkcionalnosti i u\u010dinkovitom pisanju podataka.<\/p>\n","protected":false},"featured_media":20034,"template":"","meta":[],"product_brand":[],"product_cat":[62],"product_tag":[60],"class_list":{"0":"post-19966","1":"product","2":"type-product","3":"status-publish","4":"has-post-thumbnail","6":"product_cat-motherboards-board-parts","7":"product_tag-hp","9":"first","10":"instock","11":"taxable","12":"shipping-taxable","13":"purchasable","14":"product-type-simple"},"_links":{"self":[{"href":"https:\/\/boreait.com\/hr\/wp-json\/wp\/v2\/product\/19966","targetHints":{"allow":["GET"]}}],"collection":[{"href":"https:\/\/boreait.com\/hr\/wp-json\/wp\/v2\/product"}],"about":[{"href":"https:\/\/boreait.com\/hr\/wp-json\/wp\/v2\/types\/product"}],"wp:featuredmedia":[{"embeddable":true,"href":"https:\/\/boreait.com\/hr\/wp-json\/wp\/v2\/media\/20034"}],"wp:attachment":[{"href":"https:\/\/boreait.com\/hr\/wp-json\/wp\/v2\/media?parent=19966"}],"wp:term":[{"taxonomy":"product_brand","embeddable":true,"href":"https:\/\/boreait.com\/hr\/wp-json\/wp\/v2\/product_brand?post=19966"},{"taxonomy":"product_cat","embeddable":true,"href":"https:\/\/boreait.com\/hr\/wp-json\/wp\/v2\/product_cat?post=19966"},{"taxonomy":"product_tag","embeddable":true,"href":"https:\/\/boreait.com\/hr\/wp-json\/wp\/v2\/product_tag?post=19966"}],"curies":[{"name":"wp","href":"https:\/\/api.w.org\/{rel}","templated":true}]}}