{"id":19965,"date":"2025-07-25T11:17:56","date_gmt":"2025-07-25T11:17:56","guid":{"rendered":"https:\/\/boreait.com\/hr\/?post_type=product&#038;p=19965"},"modified":"2025-07-25T11:18:53","modified_gmt":"2025-07-25T11:18:53","slug":"cp633788-01-sata-dvd-rw-pogon-uj8e2","status":"publish","type":"product","link":"https:\/\/boreait.com\/hr\/product\/cp633788-01-sata-dvd-rw-pogon-uj8e2\/","title":{"rendered":"cp633788-01 SATA DVD RW pogon UJ8E2"},"content":{"rendered":"<p>Nadogradite mogu\u0107nosti opti\u010dke pohrane va\u0161eg prijenosnog ra\u010dunala s cp633788-01 SATA DVD RW pogonom UJ8E2. Izra\u0111en da optimizira sposobnost va\u0161eg prijenosnog ra\u010dunala za \u010ditanje i pisanje DVD-ova, ovaj originalni DVD RW pogon osigurava besprijekornu integraciju i pobolj\u0161anu funkcionalnost za pobolj\u0161ano ra\u010dunalno iskustvo.<\/p>\n<p>Proizveden od strane Panasonica, pouzdanog lidera u ra\u010dunalnoj tehnologiji, cp633788-01 SATA DVD RW pogon UJ8E2 dizajniran je za pru\u017eanje pouzdane funkcije opti\u010dke pohrane. Kao bitna komponenta internih sustava va\u0161eg prijenosnog ra\u010dunala, ovaj pogon ima klju\u010dnu ulogu u omogu\u0107avanju pristupa, stvaranja i pohranjivanja podataka na DVD-ove s lako\u0107om.<\/p>\n<p>Bilo da trebate gledati DVD-ove, stvarati sigurnosne kopije diskova ili instalirati softver, ovaj DVD RW pogon nudi pogodnost i u\u010dinkovitost koju tra\u017eite. \u010cita i zapisuje razne DVD formate, pru\u017eaju\u0107i vam svestrane opcije za upravljanje va\u0161im digitalnim sadr\u017eajem.<\/p>\n","protected":false},"excerpt":{"rendered":"<p>Pobolj\u0161ajte mogu\u0107nosti opti\u010dke pohrane svog prijenosnog ra\u010dunala s cp633788-01 SATA DVD RW pogonom UJ8E2. U\u017eivajte u svestranoj DVD funkcionalnosti za gledanje, stvaranje i pohranu podataka.<\/p>\n","protected":false},"featured_media":20032,"template":"","meta":[],"product_brand":[],"product_cat":[62],"product_tag":[],"class_list":{"0":"post-19965","1":"product","2":"type-product","3":"status-publish","4":"has-post-thumbnail","6":"product_cat-motherboards-board-parts","8":"first","9":"instock","10":"taxable","11":"shipping-taxable","12":"purchasable","13":"product-type-simple"},"_links":{"self":[{"href":"https:\/\/boreait.com\/hr\/wp-json\/wp\/v2\/product\/19965","targetHints":{"allow":["GET"]}}],"collection":[{"href":"https:\/\/boreait.com\/hr\/wp-json\/wp\/v2\/product"}],"about":[{"href":"https:\/\/boreait.com\/hr\/wp-json\/wp\/v2\/types\/product"}],"wp:featuredmedia":[{"embeddable":true,"href":"https:\/\/boreait.com\/hr\/wp-json\/wp\/v2\/media\/20032"}],"wp:attachment":[{"href":"https:\/\/boreait.com\/hr\/wp-json\/wp\/v2\/media?parent=19965"}],"wp:term":[{"taxonomy":"product_brand","embeddable":true,"href":"https:\/\/boreait.com\/hr\/wp-json\/wp\/v2\/product_brand?post=19965"},{"taxonomy":"product_cat","embeddable":true,"href":"https:\/\/boreait.com\/hr\/wp-json\/wp\/v2\/product_cat?post=19965"},{"taxonomy":"product_tag","embeddable":true,"href":"https:\/\/boreait.com\/hr\/wp-json\/wp\/v2\/product_tag?post=19965"}],"curies":[{"name":"wp","href":"https:\/\/api.w.org\/{rel}","templated":true}]}}