{"id":19942,"date":"2025-07-25T11:17:34","date_gmt":"2025-07-25T11:17:34","guid":{"rendered":"https:\/\/boreait.com\/hr\/?post_type=product&#038;p=19942"},"modified":"2025-07-25T11:18:32","modified_gmt":"2025-07-25T11:18:32","slug":"hp-ts-l633-laptop-cd-rw-dvdrw-pogon-sata-disk-pogon-za-toshiba-satellite-l305","status":"publish","type":"product","link":"https:\/\/boreait.com\/hr\/product\/hp-ts-l633-laptop-cd-rw-dvdrw-pogon-sata-disk-pogon-za-toshiba-satellite-l305\/","title":{"rendered":"HP TS-L633 Laptop CD-RW DVD+RW pogon SATA disk pogon za Toshiba Satellite L305"},"content":{"rendered":"<p>Nadogradite mogu\u0107nosti pohrane i zabave va\u0161eg prijenosnog ra\u010dunala s CD-RW DVD+RW pogonom za prijenosno ra\u010dunalo TS-L633. Izra\u0111en za pobolj\u0161anje funkcionalnosti opti\u010dkog pogona va\u0161eg prijenosnog ra\u010dunala, ovaj originalni pogon osigurava besprijekornu integraciju i pobolj\u0161anu svestranost za pobolj\u0161ano ra\u010dunalno iskustvo. Plasti\u010dni okvir je kompatibilan s Toshiba Satellite L305-S5894, L305-S5956, L300 L305 A300 A305, itd.<\/p>\n<p>Proizveden za Toshibu, pouzdanog lidera u ra\u010dunalnoj tehnologiji, CD-RW DVD+RW pogon za prijenosna ra\u010dunala TS-L633 projektiran je da pru\u017ei pouzdane mogu\u0107nosti \u010ditanja i pisanja diskova. Kao bitna komponenta internih sustava va\u0161eg prijenosnog ra\u010dunala, ovaj pogon igra klju\u010dnu ulogu u pro\u0161irenju va\u0161ih mogu\u0107nosti pohrane i izbora zabave.<\/p>\n<p>Bilo da trebate \u010ditati ili pisati CD-ove ili DVD-ove, gledati filmove, instalirati softver ili stvarati sigurnosne kopije diskova, ovaj pogon nudi pogodnost i u\u010dinkovitost koju tra\u017eite. U\u017eivajte u br\u017eem pristupu podacima, visokokvalitetnoj reprodukciji medija i pouzdanom snimanju diskova za va\u0161e prijenosno ra\u010dunalo.<\/p>\n<p>Instalacija je jednostavna zahvaljuju\u0107i SATA su\u010delju koje je uskla\u0111eno s originalnim komponentama va\u0161eg prijenosnog ra\u010dunala. Odabirom autenti\u010dnih dijelova ula\u017eete u kvalitetu i pouzdanost opti\u010dkog pogona va\u0161eg prijenosnog ra\u010dunala.<\/p>\n<p>Nadogradite opti\u010dki pogon va\u0161eg prijenosnog ra\u010dunala s TS-L633 prijenosnim CD-RW DVD+RW pogonom. U\u017eivajte u pobolj\u0161anim mogu\u0107nostima \u010ditanja i pisanja diskova, visokokvalitetnoj reprodukciji medija i pouzdanom snimanju diskova na va\u0161em prijenosnom ra\u010dunalu. Unaprijedite svoje ra\u010dunalno iskustvo s ovim pouzdanim i u\u010dinkovitim pogonom.<\/p>\n<p>Prije kupnje provjerite kompatibilnost s odre\u0111enim modelom prijenosnog ra\u010dunala.<\/p>\n","protected":false},"excerpt":{"rendered":"<p>Pobolj\u0161ajte funkcionalnost opti\u010dkog pogona va\u0161eg prijenosnog ra\u010dunala s\u00a0 TS-L633 prijenosnim CD-RW DVD+RW pogonom. U\u017eivajte u br\u017eem pristupu podacima, visokokvalitetnoj reprodukciji medija i pouzdanom snimanju diskova.<\/p>\n","protected":false},"featured_media":20005,"template":"","meta":[],"product_brand":[],"product_cat":[62],"product_tag":[69],"class_list":{"0":"post-19942","1":"product","2":"type-product","3":"status-publish","4":"has-post-thumbnail","6":"product_cat-motherboards-board-parts","7":"product_tag-toshiba","9":"first","10":"instock","11":"taxable","12":"shipping-taxable","13":"purchasable","14":"product-type-simple"},"_links":{"self":[{"href":"https:\/\/boreait.com\/hr\/wp-json\/wp\/v2\/product\/19942","targetHints":{"allow":["GET"]}}],"collection":[{"href":"https:\/\/boreait.com\/hr\/wp-json\/wp\/v2\/product"}],"about":[{"href":"https:\/\/boreait.com\/hr\/wp-json\/wp\/v2\/types\/product"}],"wp:featuredmedia":[{"embeddable":true,"href":"https:\/\/boreait.com\/hr\/wp-json\/wp\/v2\/media\/20005"}],"wp:attachment":[{"href":"https:\/\/boreait.com\/hr\/wp-json\/wp\/v2\/media?parent=19942"}],"wp:term":[{"taxonomy":"product_brand","embeddable":true,"href":"https:\/\/boreait.com\/hr\/wp-json\/wp\/v2\/product_brand?post=19942"},{"taxonomy":"product_cat","embeddable":true,"href":"https:\/\/boreait.com\/hr\/wp-json\/wp\/v2\/product_cat?post=19942"},{"taxonomy":"product_tag","embeddable":true,"href":"https:\/\/boreait.com\/hr\/wp-json\/wp\/v2\/product_tag?post=19942"}],"curies":[{"name":"wp","href":"https:\/\/api.w.org\/{rel}","templated":true}]}}