{"id":19941,"date":"2025-07-25T11:17:34","date_gmt":"2025-07-25T11:17:34","guid":{"rendered":"https:\/\/boreait.com\/hr\/?post_type=product&#038;p=19941"},"modified":"2026-01-09T12:38:12","modified_gmt":"2026-01-09T12:38:12","slug":"panasonic-model-uj8fb-dvd-rw-sata-pogon-za-lenovo-z40-70","status":"publish","type":"product","link":"https:\/\/boreait.com\/hr\/product\/panasonic-model-uj8fb-dvd-rw-sata-pogon-za-lenovo-z40-70\/","title":{"rendered":"PANASONIC MODEL UJ8FB DVD-RW SATA pogon za Lenovo Z40-70"},"content":{"rendered":"<p>Nadogradite pohranu i medijske mogu\u0107nosti prijenosnog ra\u010dunala Lenovo Z40-70 s PANASONIC MODEL UJ8FB DVD-RW SATA pogonom. Izra\u0111en za optimiziranje funkcionalnosti opti\u010dkog pogona va\u0161eg prijenosnog ra\u010dunala, ovaj originalni DVD-RW pogon nudi besprijekornu integraciju i pobolj\u0161anu svestranost za pobolj\u0161ano ra\u010dunalno iskustvo.<\/p>\n<p>Proizveden od strane PANASONIC-a, pouzdanog imena u tehnologiji opti\u010dkih pogona, PANASONIC MODEL UJ8FB DVD-RW SATA pogon dizajniran je za pru\u017eanje pouzdanih mogu\u0107nosti \u010ditanja i pisanja DVD-a i CD-a. Kao bitna komponenta internih sustava va\u0161eg prijenosnog ra\u010dunala, ovaj pogon igra klju\u010dnu ulogu u pro\u0161irenju va\u0161ih mogu\u0107nosti pohrane i medija.<\/p>\n<p>Bilo da trebate gledati DVD-ove, instalirati softver ili snimati datoteke na CD-ove i DVD-ove, ovaj pogon nudi pogodnost i u\u010dinkovitost koju tra\u017eite. SATA su\u010delje osigurava brzu i pouzdanu vezu s va\u0161im prijenosnim ra\u010dunalom, omogu\u0107uju\u0107i vam pristup i stvaranje opti\u010dkih medija bez napora.<\/p>\n<p>Instalacija je jednostavna, uklju\u010duje prednju plo\u010du, mo\u017ee se lako pri\u010dvrstiti na ku\u0107i\u0161te prijenosnog ra\u010dunala.\u00a0 Odabirom autenti\u010dnih PANASONIC dijelova ula\u017eete u kvalitetu i pouzdanost opti\u010dkog pogona va\u0161eg prijenosnog ra\u010dunala.<\/p>\n<p>Nadogradite opti\u010dki pogon va\u0161eg prijenosnog ra\u010dunala s PANASONIC MODEL UJ8FB DVD-RW SATA pogonom. U\u017eivajte u pouzdanim mogu\u0107nostima \u010ditanja i pisanja DVD-a i CD-a, pro\u0161irenim mogu\u0107nostima pohrane i raznovrsnim medijskim funkcijama na va\u0161em Lenovo Z40-70. Unaprijedite svoje ra\u010dunalno iskustvo s ovim pouzdanim i u\u010dinkovitim pogonom.<\/p>\n<p>Prije kupnje provjerite kompatibilnost s odre\u0111enim modelom prijenosnog ra\u010dunala.<\/p>\n","protected":false},"excerpt":{"rendered":"<p>Nadogradite opti\u010dki pogon prijenosnog ra\u010dunala Lenovo Z40-70 s PANASONIC MODEL UJ8FB DVD-RW SATA pogonom. U\u017eivajte u pouzdanim mogu\u0107nostima \u010ditanja i pisanja DVD-a i CD-a za svestranu funkcionalnost medija.<\/p>\n","protected":false},"featured_media":20003,"template":"","meta":[],"product_brand":[],"product_cat":[62],"product_tag":[61],"class_list":{"0":"post-19941","1":"product","2":"type-product","3":"status-publish","4":"has-post-thumbnail","6":"product_cat-motherboards-board-parts","7":"product_tag-lenovo","9":"first","10":"instock","11":"taxable","12":"shipping-taxable","13":"purchasable","14":"product-type-simple"},"_links":{"self":[{"href":"https:\/\/boreait.com\/hr\/wp-json\/wp\/v2\/product\/19941","targetHints":{"allow":["GET"]}}],"collection":[{"href":"https:\/\/boreait.com\/hr\/wp-json\/wp\/v2\/product"}],"about":[{"href":"https:\/\/boreait.com\/hr\/wp-json\/wp\/v2\/types\/product"}],"wp:featuredmedia":[{"embeddable":true,"href":"https:\/\/boreait.com\/hr\/wp-json\/wp\/v2\/media\/20003"}],"wp:attachment":[{"href":"https:\/\/boreait.com\/hr\/wp-json\/wp\/v2\/media?parent=19941"}],"wp:term":[{"taxonomy":"product_brand","embeddable":true,"href":"https:\/\/boreait.com\/hr\/wp-json\/wp\/v2\/product_brand?post=19941"},{"taxonomy":"product_cat","embeddable":true,"href":"https:\/\/boreait.com\/hr\/wp-json\/wp\/v2\/product_cat?post=19941"},{"taxonomy":"product_tag","embeddable":true,"href":"https:\/\/boreait.com\/hr\/wp-json\/wp\/v2\/product_tag?post=19941"}],"curies":[{"name":"wp","href":"https:\/\/api.w.org\/{rel}","templated":true}]}}