{"id":19936,"date":"2025-07-25T11:17:33","date_gmt":"2025-07-25T11:17:33","guid":{"rendered":"https:\/\/boreait.com\/hr\/?post_type=product&#038;p=19936"},"modified":"2025-07-25T11:18:16","modified_gmt":"2025-07-25T11:18:16","slug":"hp-pavilion-g6-dvd-uj8d1-657534-tc2-opticki-pogon-i-okvir-sata","status":"publish","type":"product","link":"https:\/\/boreait.com\/hr\/product\/hp-pavilion-g6-dvd-uj8d1-657534-tc2-opticki-pogon-i-okvir-sata\/","title":{"rendered":"HP Pavilion G6 DVD UJ8D1 657534-TC2 opti\u010dki pogon i okvir SATA"},"content":{"rendered":"<p>Pove\u0107ajte multimedijske mogu\u0107nosti svog prijenosnog ra\u010dunala HP Pavilion G6 s HP Pavilion G6 DVD UJ8D1 657534-TC2 opti\u010dkim pogonom &amp; Okvir SATA &#8211; 12,7 mm. Dizajniran da pobolj\u0161a zabavne zna\u010dajke va\u0161eg prijenosnog ra\u010dunala, ovaj originalni opti\u010dki pogon i set okvira osigurava besprijekornu integraciju i pobolj\u0161anu funkcionalnost za oboga\u0107eno ra\u010dunalno iskustvo.<\/p>\n<p>Proizveo HP, pouzdani lider u ra\u010dunalnoj tehnologiji, HP Pavilion G6 DVD UJ8D1 657534-TC2 opti\u010dki pogon &amp; Bezel SATA dizajniran je za pouzdano \u010ditanje i pisanje opti\u010dkih medija. Kao bitne komponente internih sustava va\u0161eg prijenosnog ra\u010dunala, ovaj pogon i sklop okvira igraju klju\u010dnu ulogu u pro\u0161irenju va\u0161ih multimedijskih mogu\u0107nosti.<\/p>\n<p>Bilo da gledate DVD-ove, instalirate softver ili snimate podatke na CD-ove ili DVD-ove, ovaj opti\u010dki pogon nudi pogodnost i u\u010dinkovitost koju tra\u017eite. U\u017eivajte u besprijekornom multimedijskom iskustvu i svestranosti \u010ditanja i pisanja opti\u010dkih medija za razli\u010dite svrhe.<\/p>\n<p>Instalacija je jednostavna zahvaljuju\u0107i dizajnu koji je uskla\u0111en s originalnim komponentama va\u0161eg prijenosnog ra\u010dunala. Odabirom autenti\u010dnih HP-ovih dijelova ula\u017eete u kvalitetu i pouzdanost multimedijske funkcije va\u0161eg prijenosnog ra\u010dunala.<\/p>\n<p>Nadogradite multimedijske mogu\u0107nosti svog prijenosnog ra\u010dunala s HP Pavilion G6 DVD UJ8D1 657534-TC2 opti\u010dkim pogonom &amp; Okvir SATA. U\u017eivajte u svestranom \u010ditanju i pisanju opti\u010dkih medija za oboga\u0107eno iskustvo zabave na va\u0161em Pavilion G6. Pobolj\u0161ajte svoje ra\u010dunalno iskustvo s ovim pouzdanim i u\u010dinkovitim pogonom i okvirom.<\/p>\n","protected":false},"excerpt":{"rendered":"<p>Pobolj\u0161ajte multimedijske mogu\u0107nosti prijenosnog ra\u010dunala HP Pavilion G6 s HP Pavilion G6 DVD UJ8D1 657534-TC2 opti\u010dkim pogonom &amp; Okvir SATA. U\u017eivajte u svestranom \u010ditanju i pisanju opti\u010dkih medija za oboga\u0107eno iskustvo zabave.<\/p>\n","protected":false},"featured_media":19986,"template":"","meta":[],"product_brand":[],"product_cat":[62],"product_tag":[60],"class_list":{"0":"post-19936","1":"product","2":"type-product","3":"status-publish","4":"has-post-thumbnail","6":"product_cat-motherboards-board-parts","7":"product_tag-hp","9":"first","10":"instock","11":"taxable","12":"shipping-taxable","13":"purchasable","14":"product-type-simple"},"_links":{"self":[{"href":"https:\/\/boreait.com\/hr\/wp-json\/wp\/v2\/product\/19936","targetHints":{"allow":["GET"]}}],"collection":[{"href":"https:\/\/boreait.com\/hr\/wp-json\/wp\/v2\/product"}],"about":[{"href":"https:\/\/boreait.com\/hr\/wp-json\/wp\/v2\/types\/product"}],"wp:featuredmedia":[{"embeddable":true,"href":"https:\/\/boreait.com\/hr\/wp-json\/wp\/v2\/media\/19986"}],"wp:attachment":[{"href":"https:\/\/boreait.com\/hr\/wp-json\/wp\/v2\/media?parent=19936"}],"wp:term":[{"taxonomy":"product_brand","embeddable":true,"href":"https:\/\/boreait.com\/hr\/wp-json\/wp\/v2\/product_brand?post=19936"},{"taxonomy":"product_cat","embeddable":true,"href":"https:\/\/boreait.com\/hr\/wp-json\/wp\/v2\/product_cat?post=19936"},{"taxonomy":"product_tag","embeddable":true,"href":"https:\/\/boreait.com\/hr\/wp-json\/wp\/v2\/product_tag?post=19936"}],"curies":[{"name":"wp","href":"https:\/\/api.w.org\/{rel}","templated":true}]}}