{"id":19935,"date":"2025-07-25T11:17:33","date_gmt":"2025-07-25T11:17:33","guid":{"rendered":"https:\/\/boreait.com\/hr\/?post_type=product&#038;p=19935"},"modified":"2025-07-25T11:18:14","modified_gmt":"2025-07-25T11:18:14","slug":"dell-sata-laptop-dvdcd-rewritable-drive-wbezel-ts-u633-v42f8-0v42f8-ph-0v42f8","status":"publish","type":"product","link":"https:\/\/boreait.com\/hr\/product\/dell-sata-laptop-dvdcd-rewritable-drive-wbezel-ts-u633-v42f8-0v42f8-ph-0v42f8\/","title":{"rendered":"Dell SATA Laptop DVDCD Rewritable Drive wBezel TS-U633 V42F8 0V42F8 PH-0V42F8"},"content":{"rendered":"<p>Nadogradite pohranu i medijske mogu\u0107nosti svog Dell prijenosnog ra\u010dunala s Dell SATA prijenosnim DVD\/CD diskom za ponovno upisivanje s okvirom TS-U633 V42F8 0V42F8 PH-0V42F8. Dizajniran za optimiziranje funkcionalnosti opti\u010dkog pogona va\u0161eg prijenosnog ra\u010dunala, ovaj originalni pogon s okvirom osigurava besprijekornu integraciju i pobolj\u0161anu svestranost za pobolj\u0161ano ra\u010dunalno iskustvo.<\/p>\n<p>Proizveden od strane Dell-a, pouzdanog imena u ra\u010dunalnoj tehnologiji, Dell SATA Laptop DVD\/CD pogon za ponovno upisivanje s okvirom TS-U633 V42F8 0V42F8 PH-0V42F8 je projektiran za pru\u017eanje pouzdanih DVD\/CD mogu\u0107nosti \u010ditanja i pisanja. Kao bitna komponenta internih sustava va\u0161eg prijenosnog ra\u010dunala, ovaj pogon vam omogu\u0107uje \u010ditanje i pisanje DVD-ova i CD-ova bez napora.<\/p>\n<p>Bilo da trebate gledati filmove, instalirati softver, stvarati sigurnosne kopije ili snimati glazbene CD-ove, ovaj pogon nudi pogodnost i u\u010dinkovitost koju tra\u017eite. Omogu\u0107uje vam da u\u017eivate u multimedijskom sadr\u017eaju, pro\u0161irite mogu\u0107nosti pohrane i pobolj\u0161ate svoju produktivnost.<\/p>\n<p>Instalacija je jednostavna zahvaljuju\u0107i okviru koji je uskla\u0111en s originalnim komponentama va\u0161eg prijenosnog ra\u010dunala. Odabirom autenti\u010dnih Dell dijelova ula\u017eete u kvalitetu i pouzdanost opti\u010dkog pogona va\u0161eg prijenosnog ra\u010dunala.<\/p>\n<p>Nadogradite pohranu i medijske mogu\u0107nosti svog prijenosnog ra\u010dunala s Dell SATA prijenosnim DVD\/CD diskom za ponovno snimanje s okvirom TS-U633 V42F8 0V42F8 PH-0V42F8. U\u017eivajte u DVD\/CD \u010ditanju i pisanju, pro\u0161irite mogu\u0107nosti pohrane i pobolj\u0161ajte svoje multimedijsko iskustvo na svom Dell prijenosnom ra\u010dunalu. Unaprijedite svoje ra\u010dunalno iskustvo s ovim pouzdanim i u\u010dinkovitim pogonom.<\/p>\n<p>Prije kupnje provjerite kompatibilnost s odre\u0111enim modelom prijenosnog ra\u010dunala.<\/p>\n","protected":false},"excerpt":{"rendered":"<p>Nadogradite pohranu i medijske mogu\u0107nosti svog Dell prijenosnog ra\u010dunala s Dell SATA prijenosnim DVD\/CD diskom za ponovno upisivanje s okvirom TS-U633 V42F8 0V42F8 PH-0V42F8. U\u017eivajte u pogodnostima \u010ditanja i pisanja DVD\/CD-ova.<\/p>\n","protected":false},"featured_media":19984,"template":"","meta":[],"product_brand":[],"product_cat":[62],"product_tag":[52],"class_list":{"0":"post-19935","1":"product","2":"type-product","3":"status-publish","4":"has-post-thumbnail","6":"product_cat-motherboards-board-parts","7":"product_tag-dell","9":"first","10":"instock","11":"taxable","12":"shipping-taxable","13":"purchasable","14":"product-type-simple"},"_links":{"self":[{"href":"https:\/\/boreait.com\/hr\/wp-json\/wp\/v2\/product\/19935","targetHints":{"allow":["GET"]}}],"collection":[{"href":"https:\/\/boreait.com\/hr\/wp-json\/wp\/v2\/product"}],"about":[{"href":"https:\/\/boreait.com\/hr\/wp-json\/wp\/v2\/types\/product"}],"wp:featuredmedia":[{"embeddable":true,"href":"https:\/\/boreait.com\/hr\/wp-json\/wp\/v2\/media\/19984"}],"wp:attachment":[{"href":"https:\/\/boreait.com\/hr\/wp-json\/wp\/v2\/media?parent=19935"}],"wp:term":[{"taxonomy":"product_brand","embeddable":true,"href":"https:\/\/boreait.com\/hr\/wp-json\/wp\/v2\/product_brand?post=19935"},{"taxonomy":"product_cat","embeddable":true,"href":"https:\/\/boreait.com\/hr\/wp-json\/wp\/v2\/product_cat?post=19935"},{"taxonomy":"product_tag","embeddable":true,"href":"https:\/\/boreait.com\/hr\/wp-json\/wp\/v2\/product_tag?post=19935"}],"curies":[{"name":"wp","href":"https:\/\/api.w.org\/{rel}","templated":true}]}}