{"id":19919,"date":"2025-07-25T11:17:12","date_gmt":"2025-07-25T11:17:12","guid":{"rendered":"https:\/\/boreait.com\/hr\/?post_type=product&#038;p=19919"},"modified":"2025-07-25T11:18:09","modified_gmt":"2025-07-25T11:18:09","slug":"gu90n-09m9fk-cd-dvd-snimac-za-dell","status":"publish","type":"product","link":"https:\/\/boreait.com\/hr\/product\/gu90n-09m9fk-cd-dvd-snimac-za-dell\/","title":{"rendered":"GU90N 09m9fk CD DVD snima\u010d za Dell"},"content":{"rendered":"<p>Pobolj\u0161ajte svoju Dell funkcionalnost s 09m9fk GU90N CD DVD snima\u010dem. Dizajniran za optimizaciju medijskih mogu\u0107nosti va\u0161eg ra\u010dunala, ovaj originalni pogon osigurava besprijekornu integraciju i pobolj\u0161anu svestranost za pobolj\u0161ano ra\u010dunalno iskustvo.<\/p>\n<p>Proizveden za Dell, pouzdanog lidera u ra\u010dunalnoj tehnologiji, GU90N CD DVD snima\u010d dizajniran je za pouzdanu reprodukciju medija i funkciju snimanja. Kao bitna komponenta internih sustava va\u0161eg ra\u010dunala, ovaj pogon igra klju\u010dnu ulogu u pro\u0161irenju va\u0161ih medijskih mogu\u0107nosti.<\/p>\n<p>Bilo da trebate \u010ditati CD ili DVD, snimati podatke ili medijske datoteke ili instalirati softver s opti\u010dkih diskova, ovaj pogon nudi pogodnost i u\u010dinkovitost koju tra\u017eite. Savr\u0161en je za profesionalce koji zahtijevaju svestrane mogu\u0107nosti medija ili korisnike koji cijene fleksibilnost opti\u010dkih medija.<\/p>\n<p>Instalacija je jednostavna zahvaljuju\u0107i dizajnu koji je uskla\u0111en s originalnim komponentama va\u0161eg ra\u010dunala. Odabirom autenti\u010dnih Dell dijelova ula\u017eete u kvalitetu i pouzdanost medijskih funkcija va\u0161eg ra\u010dunala.<\/p>\n","protected":false},"excerpt":{"rendered":"<p>Pobolj\u0161ajte medijske mogu\u0107nosti na va\u0161em Dell ra\u010dunalu s GU90N CD DVD snima\u010dem. U\u017eivajte u svestranom rukovanju medijima i funkcionalnosti opti\u010dkog diska.<\/p>\n","protected":false},"featured_media":19980,"template":"","meta":[],"product_brand":[],"product_cat":[62],"product_tag":[52],"class_list":{"0":"post-19919","1":"product","2":"type-product","3":"status-publish","4":"has-post-thumbnail","6":"product_cat-motherboards-board-parts","7":"product_tag-dell","9":"first","10":"instock","11":"taxable","12":"shipping-taxable","13":"purchasable","14":"product-type-simple"},"_links":{"self":[{"href":"https:\/\/boreait.com\/hr\/wp-json\/wp\/v2\/product\/19919","targetHints":{"allow":["GET"]}}],"collection":[{"href":"https:\/\/boreait.com\/hr\/wp-json\/wp\/v2\/product"}],"about":[{"href":"https:\/\/boreait.com\/hr\/wp-json\/wp\/v2\/types\/product"}],"wp:featuredmedia":[{"embeddable":true,"href":"https:\/\/boreait.com\/hr\/wp-json\/wp\/v2\/media\/19980"}],"wp:attachment":[{"href":"https:\/\/boreait.com\/hr\/wp-json\/wp\/v2\/media?parent=19919"}],"wp:term":[{"taxonomy":"product_brand","embeddable":true,"href":"https:\/\/boreait.com\/hr\/wp-json\/wp\/v2\/product_brand?post=19919"},{"taxonomy":"product_cat","embeddable":true,"href":"https:\/\/boreait.com\/hr\/wp-json\/wp\/v2\/product_cat?post=19919"},{"taxonomy":"product_tag","embeddable":true,"href":"https:\/\/boreait.com\/hr\/wp-json\/wp\/v2\/product_tag?post=19919"}],"curies":[{"name":"wp","href":"https:\/\/api.w.org\/{rel}","templated":true}]}}