{"id":19844,"date":"2025-07-25T11:16:00","date_gmt":"2025-07-25T11:16:00","guid":{"rendered":"https:\/\/boreait.com\/hr\/?post_type=product&#038;p=19844"},"modified":"2025-07-25T11:17:02","modified_gmt":"2025-07-25T11:17:02","slug":"manhattan-pi2009865x2a-serijska-2-portna-pci-kartica-ip-n45-5120-00-00012","status":"publish","type":"product","link":"https:\/\/boreait.com\/hr\/product\/manhattan-pi2009865x2a-serijska-2-portna-pci-kartica-ip-n45-5120-00-00012\/","title":{"rendered":"MANHATTAN PI2009865X2A SERIJSKA 2 PORTNA PCI KARTICA IP-N45-5120-00-00012"},"content":{"rendered":"<p>Pobolj\u0161ajte povezivost i pro\u0161irivost va\u0161eg stolnog ra\u010dunala s MANHATTAN PI2009865X2A serijskom 2 priklju\u010dkom PCI karticom IP-N45-5120-00-00012. Izra\u0111ena da optimizira mogu\u0107nosti povezivanja va\u0161eg ra\u010dunala, ova originalna PCI kartica nudi besprijekornu integraciju i pobolj\u0161anu funkcionalnost za pobolj\u0161ano ra\u010dunalno iskustvo.<\/p>\n<p>Proizveden od strane MANHATTAN-a, pouzdanog brenda za ra\u010dunalne periferije, MANHATTAN PI2009865X2A serijska 2-portna PCI kartica IP-N45-5120-00-00012 dizajnirana je za pru\u017eanje pouzdane serijske veze. Kao bitna komponenta pro\u0161irenja za va\u0161e stolno ra\u010dunalo, ova kartica igra klju\u010dnu ulogu u pro\u0161irenju va\u0161ih mogu\u0107nosti povezivanja.<\/p>\n<p>Bilo da trebate spojiti serijske ure\u0111aje, uspostaviti pouzdane komunikacijske veze ili pobolj\u0161ati industrijske i ugra\u0111ene aplikacije, ova PCI kartica nudi pogodnost i u\u010dinkovitost koju tra\u017eite. Dodavanje dvaju serijskih priklju\u010daka omogu\u0107uje vam spajanje raznih perifernih ure\u0111aja i ure\u0111aja na va\u0161e ra\u010dunalo radi pobolj\u0161ane funkcionalnosti.<\/p>\n<p>Instalacija je jednostavna zahvaljuju\u0107i dizajnu koji je uskla\u0111en s originalnim komponentama va\u0161eg ra\u010dunala. Odabirom autenti\u010dnih MANHATTAN dijelova ula\u017eete u kvalitetu i pouzdanost povezivosti va\u0161eg ra\u010dunala.<\/p>\n<p>Nadogradite povezivost i pro\u0161irivost va\u0161eg stolnog ra\u010dunala s MANHATTAN PI2009865X2A serijskom 2 priklju\u010dkom PCI karticom IP-N45-5120-00-00012. U\u017eivajte u pro\u0161irenoj serijskoj povezanosti, pobolj\u0161anoj komunikaciji i pobolj\u0161anoj funkcionalnosti za industrijske i ugra\u0111ene aplikacije. Pobolj\u0161ajte svoje ra\u010dunalno iskustvo s ovom pouzdanom i u\u010dinkovitom PCI karticom.<\/p>\n<p>Prije kupnje provjerite kompatibilnost s odre\u0111enim modelom stolnog ra\u010dunala.<\/p>\n","protected":false},"excerpt":{"rendered":"<p>Pro\u0161irite povezivost va\u0161eg stolnog ra\u010dunala s MANHATTAN PI2009865X2A serijskom 2 priklju\u010dkom PCI karticom IP-N45-5120-00-00012. Pove\u017eite serijske ure\u0111aje i pobolj\u0161ajte komunikacijske mogu\u0107nosti.<\/p>\n","protected":false},"featured_media":19904,"template":"","meta":[],"product_brand":[],"product_cat":[62],"product_tag":[],"class_list":{"0":"post-19844","1":"product","2":"type-product","3":"status-publish","4":"has-post-thumbnail","6":"product_cat-motherboards-board-parts","8":"first","9":"instock","10":"taxable","11":"shipping-taxable","12":"purchasable","13":"product-type-simple"},"_links":{"self":[{"href":"https:\/\/boreait.com\/hr\/wp-json\/wp\/v2\/product\/19844","targetHints":{"allow":["GET"]}}],"collection":[{"href":"https:\/\/boreait.com\/hr\/wp-json\/wp\/v2\/product"}],"about":[{"href":"https:\/\/boreait.com\/hr\/wp-json\/wp\/v2\/types\/product"}],"wp:featuredmedia":[{"embeddable":true,"href":"https:\/\/boreait.com\/hr\/wp-json\/wp\/v2\/media\/19904"}],"wp:attachment":[{"href":"https:\/\/boreait.com\/hr\/wp-json\/wp\/v2\/media?parent=19844"}],"wp:term":[{"taxonomy":"product_brand","embeddable":true,"href":"https:\/\/boreait.com\/hr\/wp-json\/wp\/v2\/product_brand?post=19844"},{"taxonomy":"product_cat","embeddable":true,"href":"https:\/\/boreait.com\/hr\/wp-json\/wp\/v2\/product_cat?post=19844"},{"taxonomy":"product_tag","embeddable":true,"href":"https:\/\/boreait.com\/hr\/wp-json\/wp\/v2\/product_tag?post=19844"}],"curies":[{"name":"wp","href":"https:\/\/api.w.org\/{rel}","templated":true}]}}