{"id":19698,"date":"2025-07-25T11:13:17","date_gmt":"2025-07-25T11:13:17","guid":{"rendered":"https:\/\/boreait.com\/hr\/?post_type=product&#038;p=19698"},"modified":"2025-07-25T11:14:48","modified_gmt":"2025-07-25T11:14:48","slug":"i5-hp-pavilion-17-f-srednji-poklopac-oslonca-za-dlanove-za-tipkovnicu-eay1700701a-eay1700701r","status":"publish","type":"product","link":"https:\/\/boreait.com\/hr\/product\/i5-hp-pavilion-17-f-srednji-poklopac-oslonca-za-dlanove-za-tipkovnicu-eay1700701a-eay1700701r\/","title":{"rendered":"i5 HP Pavilion 17-F Srednji poklopac oslonca za dlanove za tipkovnicu EAY1700701A EAY1700701R"},"content":{"rendered":"<p>Pove\u0107ajte performanse i estetsku privla\u010dnost svog HP Pavilion 17-F prijenosnog ra\u010dunala s i5 HP Pavilion 17-F srednjim poklopcem za oslonac za dlanove za tipkovnicu. Dizajnirana kako bi savr\u0161eno odgovarala modelu HP Pavilion 17-F, ova originalna zamjenska komponenta (Br. dijela: EAY1700701A \/ EAY1700701R) nudi kombinaciju stila, za\u0161tite i funkcionalnosti.<\/p>\n<p>Izra\u0111en imaju\u0107i na umu preciznost i izdr\u017eljivost, i5 HP Pavilion 17-F srednji poklopac za oslonac za dlanove za tipkovnicu \u0161titi tipkovnicu va\u0161eg prijenosnog ra\u010dunala i unutarnje komponente od pra\u0161ine, prolijevanja i svakodnevnog tro\u0161enja. Ova zamjenska maska jam\u010di da \u0107e va\u0161e prijenosno ra\u010dunalo ostati operativno i netaknuto, pove\u0107avaju\u0107i njegov cjelokupni \u017eivotni vijek.<\/p>\n<p>I5 HP Pavilion 17-F srednji poklopac za oslonac za dlanove za tipkovnicu ne samo da nudi pouzdanu za\u0161titu, ve\u0107 i pove\u0107ava vizualnu privla\u010dnost va\u0161eg prijenosnog ra\u010dunala. Dizajniran kako bi pobolj\u0161ao estetiku prijenosnog ra\u010dunala, ovaj zamjenski dio ima precizno postavljene izreze i otvore, osiguravaju\u0107i prakti\u010dan pristup bitnim priklju\u010dcima, priklju\u010dcima i tipkama.<\/p>\n<p>Instaliranje i5 HP Pavilion 17-F sredi\u0161njeg poklopca oslonca za dlanove za tipkovnicu je jednostavan postupak koji mo\u017ee revitalizirati izgled i za\u0161titu va\u0161eg prijenosnog ra\u010dunala. Odaberite ovu originalnu HP-ovu zamjensku komponentu kako biste svom prijenosnom ra\u010dunalu vratili izvornu estetiku i optimizirali njegovu izvedbu.<\/p>\n<p>Nadogradite izdr\u017eljivost, stil i za\u0161titu va\u0161eg HP Pavilion 17-F prijenosnog ra\u010dunala s i5 HP Pavilion 17-F sredi\u0161njim poklopcem za dlanove za tipkovnicu. Pobrinite se da va\u0161 ure\u0111aj nastavi raditi u najboljem izdanju, a da istovremeno zadr\u017ei elegantan i profesionalan izgled.<\/p>\n","protected":false},"excerpt":{"rendered":"<p>Transformirajte izgled i za\u0161titu va\u0161eg prijenosnog ra\u010dunala HP Pavilion 17-F s i5 HP Pavilion 17-F srednjim poklopcem za oslonac za dlanove za tipkovnicu (Br. dijela: EAY1700701A \/ EAY1700701R). Ova originalna zamjenska komponenta nudi pobolj\u0161anu izdr\u017eljivost, stil i funkcionalnost. Nadogradite performanse i estetiku svog prijenosnog ra\u010dunala s ovom zamjenskom maskom vrhunske kvalitete.<\/p>\n","protected":false},"featured_media":19772,"template":"","meta":[],"product_brand":[],"product_cat":[51],"product_tag":[],"class_list":{"0":"post-19698","1":"product","2":"type-product","3":"status-publish","4":"has-post-thumbnail","6":"product_cat-laptop-housing","8":"first","9":"instock","10":"taxable","11":"shipping-taxable","12":"purchasable","13":"product-type-simple"},"_links":{"self":[{"href":"https:\/\/boreait.com\/hr\/wp-json\/wp\/v2\/product\/19698","targetHints":{"allow":["GET"]}}],"collection":[{"href":"https:\/\/boreait.com\/hr\/wp-json\/wp\/v2\/product"}],"about":[{"href":"https:\/\/boreait.com\/hr\/wp-json\/wp\/v2\/types\/product"}],"wp:featuredmedia":[{"embeddable":true,"href":"https:\/\/boreait.com\/hr\/wp-json\/wp\/v2\/media\/19772"}],"wp:attachment":[{"href":"https:\/\/boreait.com\/hr\/wp-json\/wp\/v2\/media?parent=19698"}],"wp:term":[{"taxonomy":"product_brand","embeddable":true,"href":"https:\/\/boreait.com\/hr\/wp-json\/wp\/v2\/product_brand?post=19698"},{"taxonomy":"product_cat","embeddable":true,"href":"https:\/\/boreait.com\/hr\/wp-json\/wp\/v2\/product_cat?post=19698"},{"taxonomy":"product_tag","embeddable":true,"href":"https:\/\/boreait.com\/hr\/wp-json\/wp\/v2\/product_tag?post=19698"}],"curies":[{"name":"wp","href":"https:\/\/api.w.org\/{rel}","templated":true}]}}