{"id":19681,"date":"2025-07-25T11:12:56","date_gmt":"2025-07-25T11:12:56","guid":{"rendered":"https:\/\/boreait.com\/hr\/?post_type=product&#038;p=19681"},"modified":"2025-07-25T11:14:21","modified_gmt":"2025-07-25T11:14:21","slug":"hp-elitebook-820-g2-laptop-base-bottom-case-765603-001","status":"publish","type":"product","link":"https:\/\/boreait.com\/hr\/product\/hp-elitebook-820-g2-laptop-base-bottom-case-765603-001\/","title":{"rendered":"HP Elitebook 820 G2 Laptop Base Bottom Case 765603-001"},"content":{"rendered":"<p>Pove\u0107ajte izdr\u017eljivost i estetiku svog prijenosnog ra\u010dunala HP EliteBook 820 G2 zamjenom njegovog osnovnog donjeg ku\u0107i\u0161ta s HP 765603-001 osnovnim donjim ku\u0107i\u0161tem prijenosnog ra\u010dunala. Dizajnirano kao originalni HP-ov zamjenski dio, ovo osnovno donje ku\u0107i\u0161te dizajnirano je za besprijekornu integraciju s dizajnom i specifikacijama va\u0161eg prijenosnog ra\u010dunala.<\/p>\n<p>Izra\u0111eno od visokokvalitetnih materijala, donje ku\u0107i\u0161te baze prijenosnog ra\u010dunala HP 765603-001 osigurava pouzdanu za\u0161titu unutarnjih komponenti va\u0161eg prijenosnog ra\u010dunala, \u0161tite\u0107i ih od mogu\u0107ih o\u0161te\u0107enja. Precizni in\u017eenjering jam\u010di savr\u0161eno pristajanje i jednostavnu instalaciju, \u0161to ga \u010dini prikladnim izborom za DIY entuzijaste i profesionalce.<\/p>\n<p>Pobolj\u0161ajte ukupnu estetiku svog prijenosnog ra\u010dunala \u010distim i elegantnim dizajnom donjeg ku\u0107i\u0161ta baze prijenosnog ra\u010dunala HP 765603-001. Ne samo da dodaje da\u0161ak sofisticiranosti va\u0161em ure\u0111aju, ve\u0107 i odr\u017eava njegov vrhunski izgled, osiguravaju\u0107i dosljedan i profesionalan izgled.<\/p>\n<p>Zamjena donjeg ku\u0107i\u0161ta baze ne samo da pobolj\u0161ava vanjski izgled prijenosnog ra\u010dunala, ve\u0107 tako\u0111er pridonosi njegovoj funkcionalnosti. Precizni izrezi i dizajn ventilacije osiguravaju pravilan protok zraka, poma\u017eu\u0107i u odr\u017eavanju unutarnjih komponenti prijenosnog ra\u010dunala hladnim tijekom dulje upotrebe.<\/p>\n<p>Nadogradite za\u0161titu, izgled i funkcionalnost svog prijenosnog ra\u010dunala HP EliteBook 820 G2 pomo\u0107u donjeg ku\u0107i\u0161ta baze prijenosnog ra\u010dunala HP 765603-001. Iskusite samopouzdanje kori\u0161tenja originalnog HP-ovog zamjenskog dijela koji je izra\u0111en da zadovolji proizvo\u0111a\u010deve standarde visoke kvalitete i pobolj\u0161a ukupnu izvedbu va\u0161eg prijenosnog ra\u010dunala.<\/p>\n<p>Revitalizirajte vanj\u0161tinu svog prijenosnog ra\u010dunala HP EliteBook 820 G2 s donjim ku\u0107i\u0161tem baze prijenosnog ra\u010dunala HP 765603-001. Ovaj zamjenski dio nudi ne samo za\u0161titu i izdr\u017eljivost, ve\u0107 i elegantan izgled koji nadopunjuje dizajn va\u0161eg prijenosnog ra\u010dunala.<\/p>\n","protected":false},"excerpt":{"rendered":"<p>Pobolj\u0161ajte za\u0161titu, estetiku i funkcionalnost svog prijenosnog ra\u010dunala HP EliteBook 820 G2 pomo\u0107u donjeg ku\u0107i\u0161ta HP 765603-001 Laptop Base. Izra\u0111ena kao originalni HP-ov zamjenski dio, ova torbica jam\u010di savr\u0161eno pristajanje, izdr\u017eljivost i pobolj\u0161ani izgled. Nadogradite vanjski izgled svog prijenosnog ra\u010dunala ovim elegantnim i funkcionalnim dodatkom.<\/p>\n","protected":false},"featured_media":19751,"template":"","meta":[],"product_brand":[],"product_cat":[51],"product_tag":[60],"class_list":{"0":"post-19681","1":"product","2":"type-product","3":"status-publish","4":"has-post-thumbnail","6":"product_cat-laptop-housing","7":"product_tag-hp","9":"first","10":"instock","11":"taxable","12":"shipping-taxable","13":"purchasable","14":"product-type-simple"},"_links":{"self":[{"href":"https:\/\/boreait.com\/hr\/wp-json\/wp\/v2\/product\/19681","targetHints":{"allow":["GET"]}}],"collection":[{"href":"https:\/\/boreait.com\/hr\/wp-json\/wp\/v2\/product"}],"about":[{"href":"https:\/\/boreait.com\/hr\/wp-json\/wp\/v2\/types\/product"}],"wp:featuredmedia":[{"embeddable":true,"href":"https:\/\/boreait.com\/hr\/wp-json\/wp\/v2\/media\/19751"}],"wp:attachment":[{"href":"https:\/\/boreait.com\/hr\/wp-json\/wp\/v2\/media?parent=19681"}],"wp:term":[{"taxonomy":"product_brand","embeddable":true,"href":"https:\/\/boreait.com\/hr\/wp-json\/wp\/v2\/product_brand?post=19681"},{"taxonomy":"product_cat","embeddable":true,"href":"https:\/\/boreait.com\/hr\/wp-json\/wp\/v2\/product_cat?post=19681"},{"taxonomy":"product_tag","embeddable":true,"href":"https:\/\/boreait.com\/hr\/wp-json\/wp\/v2\/product_tag?post=19681"}],"curies":[{"name":"wp","href":"https:\/\/api.w.org\/{rel}","templated":true}]}}