{"id":19680,"date":"2025-07-25T11:12:56","date_gmt":"2025-07-25T11:12:56","guid":{"rendered":"https:\/\/boreait.com\/hr\/?post_type=product&#038;p=19680"},"modified":"2025-07-25T11:14:17","modified_gmt":"2025-07-25T11:14:17","slug":"lenovo-thinkpad-l540-poklopac-ram-diska","status":"publish","type":"product","link":"https:\/\/boreait.com\/hr\/product\/lenovo-thinkpad-l540-poklopac-ram-diska\/","title":{"rendered":"Lenovo Thinkpad L540 poklopac ram diska"},"content":{"rendered":"<p>Pobolj\u0161ajte funkcionalnost i izdr\u017eljivost svog prijenosnog ra\u010dunala Lenovo ThinkPad L540 s pokrovom Lenovo RAM diska. Izra\u0111en da se besprijekorno uklapa u dizajn va\u0161eg prijenosnog ra\u010dunala, ovaj poklopac omogu\u0107uje jednostavan pristup RAM modulu va\u0161eg prijenosnog ra\u010dunala i omogu\u0107uje vam da ga nadogradite ili zamijenite bez napora.<\/p>\n<p>RAM modul je klju\u010dna komponenta performansi va\u0161eg prijenosnog ra\u010dunala, koja utje\u010de na njegovu brzinu i mogu\u0107nosti multitaskinga. Poklopac diska Lenovo RAM dizajniran je kako bi osigurao odgovaraju\u0107u ventilaciju i hla\u0111enje RAM modula, optimiziraju\u0107i njegovu izvedbu i produ\u017euju\u0107i \u017eivotni vijek.<\/p>\n<p>Dizajniran kao autenti\u010dni Lenovo zamjenski dio, ovaj poklopac RAM diska jam\u010di kompatibilnost i pouzdanost. Njegova izdr\u017eljiva konstrukcija ne samo da \u0161titi unutarnje komponente va\u0161eg prijenosnog ra\u010dunala, ve\u0107 tako\u0111er odr\u017eava elegantan izgled va\u0161eg ThinkPada L540.<\/p>\n<p>Postupak instalacije je jednostavan, \u0161to ga \u010dini prikladnim i za DIY entuzijaste i za profesionalce. Kori\u0161tenjem Lenovo RAM disk poklopca, mo\u017eete odr\u017eavati visoke performanse i pouzdanost va\u0161eg ThinkPad L540, osiguravaju\u0107i da zadovoljava va\u0161e ra\u010dunalne potrebe u godinama koje dolaze.<\/p>\n<p>Nadogradite performanse i izgled va\u0161eg ThinkPad L540 s Lenovo RAM disk poklopcem. Iskusite optimizirane performanse, pobolj\u0161ano hla\u0111enje i jednostavno odr\u017eavanje s ovim originalnim Lenovo zamjenskim dijelom.<\/p>\n","protected":false},"excerpt":{"rendered":"<p>Optimizirajte performanse i hla\u0111enje va\u0161eg Lenovo ThinkPad L540 pomo\u0107u Lenovo RAM disk poklopca. Dizajniran za jednostavan pristup RAM modulu prijenosnog ra\u010dunala, ovaj originalni Lenovo zamjenski dio osigurava kompatibilnost, pouzdanost i odgovaraju\u0107u ventilaciju. Nadogradite performanse i izgled svog prijenosnog ra\u010dunala ovom bitnom komponentom.<\/p>\n","protected":false},"featured_media":19749,"template":"","meta":[],"product_brand":[],"product_cat":[51],"product_tag":[61],"class_list":{"0":"post-19680","1":"product","2":"type-product","3":"status-publish","4":"has-post-thumbnail","6":"product_cat-laptop-housing","7":"product_tag-lenovo","9":"first","10":"instock","11":"taxable","12":"shipping-taxable","13":"purchasable","14":"product-type-simple"},"_links":{"self":[{"href":"https:\/\/boreait.com\/hr\/wp-json\/wp\/v2\/product\/19680","targetHints":{"allow":["GET"]}}],"collection":[{"href":"https:\/\/boreait.com\/hr\/wp-json\/wp\/v2\/product"}],"about":[{"href":"https:\/\/boreait.com\/hr\/wp-json\/wp\/v2\/types\/product"}],"wp:featuredmedia":[{"embeddable":true,"href":"https:\/\/boreait.com\/hr\/wp-json\/wp\/v2\/media\/19749"}],"wp:attachment":[{"href":"https:\/\/boreait.com\/hr\/wp-json\/wp\/v2\/media?parent=19680"}],"wp:term":[{"taxonomy":"product_brand","embeddable":true,"href":"https:\/\/boreait.com\/hr\/wp-json\/wp\/v2\/product_brand?post=19680"},{"taxonomy":"product_cat","embeddable":true,"href":"https:\/\/boreait.com\/hr\/wp-json\/wp\/v2\/product_cat?post=19680"},{"taxonomy":"product_tag","embeddable":true,"href":"https:\/\/boreait.com\/hr\/wp-json\/wp\/v2\/product_tag?post=19680"}],"curies":[{"name":"wp","href":"https:\/\/api.w.org\/{rel}","templated":true}]}}