{"id":19679,"date":"2025-07-25T11:12:56","date_gmt":"2025-07-25T11:12:56","guid":{"rendered":"https:\/\/boreait.com\/hr\/?post_type=product&#038;p=19679"},"modified":"2025-07-25T11:14:13","modified_gmt":"2025-07-25T11:14:13","slug":"poklopac-baze-ram-wifi-acer-aspire-5742-ap0fo000500","status":"publish","type":"product","link":"https:\/\/boreait.com\/hr\/product\/poklopac-baze-ram-wifi-acer-aspire-5742-ap0fo000500\/","title":{"rendered":"Poklopac baze RAM WIFI Acer Aspire 5742 (Ap0Fo000500)"},"content":{"rendered":"<p>Revitalizirajte funkcionalnost i estetiku svog prijenosnog ra\u010dunala Acer Aspire 5742 s AP0FO000500 baznim poklopcem, dizajniranim za besprijekornu prilagodbu RAM-a i Wi-Fi komponenti va\u0161eg prijenosnog ra\u010dunala. Izradio ga je Acer kao autenti\u010dni zamjenski dio, ovaj osnovni poklopac nudi to\u010dno pristajanje i pouzdan rad, osiguravaju\u0107i da va\u0161e prijenosno ra\u010dunalo ostane u vrhunskom stanju.<\/p>\n<p>S vremenom se poklopac baze prijenosnog ra\u010dunala mo\u017ee istro\u0161iti zbog redovite uporabe. AP0FO000500 Base Cover predstavlja izvrsno rje\u0161enje ne samo za vra\u0107anje izvornog izgleda prijenosnog ra\u010dunala, ve\u0107 i za pru\u017eanje za\u0161titnog sloja za njegove unutarnje komponente. Izra\u0111ena od kvalitetnih materijala, ova zamjenska maska pobolj\u0161ava strukturalni integritet va\u0161eg prijenosnog ra\u010dunala dok zadr\u017eava ugla\u0111en i profesionalan izgled.<\/p>\n<p>Zamjena poklopca baze je jednostavan postupak koji zahtijeva minimalno tehni\u010dko znanje i iskustvo. Kori\u0161tenjem originalnih Acerovih zamjenskih dijelova kao \u0161to je AP0FO000500 osnovni poklopac, jam\u010dite kompatibilnost i pouzdanu izvedbu va\u0161eg prijenosnog ra\u010dunala.<\/p>\n<p>Nadogradite i izgled i za\u0161titu svog prijenosnog ra\u010dunala Acer Aspire 5742 s AP0FO000500 baznim poklopcem. Do\u017eivite prijenosno ra\u010dunalo koje prikazuje obnovljenu estetiku i dugotrajnu za\u0161titu, osiguravaju\u0107i da mo\u017ee dr\u017eati korak s va\u0161im dnevnim zahtjevima.<\/p>\n","protected":false},"excerpt":{"rendered":"<p>Preobrazite svoje prijenosno ra\u010dunalo Acer Aspire 5742 s AP0FO000500 baznim poklopcem, dizajniranim da savr\u0161eno smjesti RAM i Wi-Fi komponente. Autenti\u010dan Acerov zamjenski dio, ova maska ne samo da vra\u0107a izvorni izgled prijenosnog ra\u010dunala, ve\u0107 nudi i pobolj\u0161anu za\u0161titu i izdr\u017eljivost. Pobolj\u0161ajte estetiku i dugovje\u010dnost svog prijenosnog ra\u010dunala s ovom originalnom zamjenskom maskom.<\/p>\n","protected":false},"featured_media":19747,"template":"","meta":[],"product_brand":[],"product_cat":[51],"product_tag":[64],"class_list":{"0":"post-19679","1":"product","2":"type-product","3":"status-publish","4":"has-post-thumbnail","6":"product_cat-laptop-housing","7":"product_tag-acer","9":"first","10":"instock","11":"taxable","12":"shipping-taxable","13":"purchasable","14":"product-type-simple"},"_links":{"self":[{"href":"https:\/\/boreait.com\/hr\/wp-json\/wp\/v2\/product\/19679","targetHints":{"allow":["GET"]}}],"collection":[{"href":"https:\/\/boreait.com\/hr\/wp-json\/wp\/v2\/product"}],"about":[{"href":"https:\/\/boreait.com\/hr\/wp-json\/wp\/v2\/types\/product"}],"wp:featuredmedia":[{"embeddable":true,"href":"https:\/\/boreait.com\/hr\/wp-json\/wp\/v2\/media\/19747"}],"wp:attachment":[{"href":"https:\/\/boreait.com\/hr\/wp-json\/wp\/v2\/media?parent=19679"}],"wp:term":[{"taxonomy":"product_brand","embeddable":true,"href":"https:\/\/boreait.com\/hr\/wp-json\/wp\/v2\/product_brand?post=19679"},{"taxonomy":"product_cat","embeddable":true,"href":"https:\/\/boreait.com\/hr\/wp-json\/wp\/v2\/product_cat?post=19679"},{"taxonomy":"product_tag","embeddable":true,"href":"https:\/\/boreait.com\/hr\/wp-json\/wp\/v2\/product_tag?post=19679"}],"curies":[{"name":"wp","href":"https:\/\/api.w.org\/{rel}","templated":true}]}}