{"id":19665,"date":"2025-07-25T11:12:33","date_gmt":"2025-07-25T11:12:33","guid":{"rendered":"https:\/\/boreait.com\/hr\/?post_type=product&#038;p=19665"},"modified":"2025-07-25T11:14:11","modified_gmt":"2025-07-25T11:14:11","slug":"asus-x54h-s0165v-donja-skoljka-kucista-13gn7udap021-1","status":"publish","type":"product","link":"https:\/\/boreait.com\/hr\/product\/asus-x54h-s0165v-donja-skoljka-kucista-13gn7udap021-1\/","title":{"rendered":"ASUS X54H-S0165V donja \u0161koljka ku\u0107i\u0161ta 13GN7UDAP021-1"},"content":{"rendered":"<p>Obnovite izgled i strukturni integritet svog laptopa ASUS X54H-S0165V s donjom \u0161koljkom ku\u0107i\u0161ta 13GN7UDAP021-1. Napravljeno kao originalni zamjenski dio od strane ASUS-a, ovo donje ku\u0107i\u0161te dizajnirano je da savr\u0161eno pristaje va\u0161em modelu prijenosnog ra\u010dunala, vra\u0107aju\u0107i njegovu originalnu ugla\u0111enost i za\u0161titu.<\/p>\n<p>S vremenom se ku\u0107i\u0161te prijenosnog ra\u010dunala mo\u017ee istro\u0161iti, izgrebati ili o\u0161tetiti zbog svakodnevne upotrebe. Donji dio ku\u0107i\u0161ta 13GN7UDAP021-1 pru\u017ea idealno rje\u0161enje za osvje\u017eavanje izgleda i dojma va\u0161eg prijenosnog ra\u010dunala. Izra\u0111ena od izdr\u017eljivih materijala, ova zamjenska \u0161koljka ne samo da pobolj\u0161ava estetiku, ve\u0107 i oja\u010dava strukturni integritet va\u0161eg ure\u0111aja.<\/p>\n<p>Zamjena donje \u0161koljke ku\u0107i\u0161ta jednostavan je postupak koji ne zahtijeva napredne tehni\u010dke vje\u0161tine. S originalnim ASUS zamjenskim dijelovima mo\u017eete biti sigurni u kompatibilnost i kvalitetu komponenti koje koristite.<\/p>\n<p>Nadogradite izgled i za\u0161titu svog laptopa ASUS X54H-S0165V s donjom \u0161koljkom ku\u0107i\u0161ta 13GN7UDAP021-1. U\u017eivajte u prijenosnom ra\u010dunalu koje izgleda i na dojam je kao novo, a istovremeno osigurava njegovu dugoro\u010dnu izdr\u017eljivost i performanse.<\/p>\n","protected":false},"excerpt":{"rendered":"<p>Osvje\u017eite svoj laptop ASUS X54H-S0165V s donjom \u0161koljkom ku\u0107i\u0161ta 13GN7UDAP021-1. Izra\u0111ena kao originalna ASUS zamjena, ova \u0161koljka vra\u0107a va\u0161em prijenosnom ra\u010dunalu izgled i strukturni integritet. Recite zbogom ogrebotinama i habanju i u\u017eivajte u ure\u0111aju koji izgleda i na dojam je kao nov.<\/p>\n","protected":false},"featured_media":19745,"template":"","meta":[],"product_brand":[],"product_cat":[51],"product_tag":[65],"class_list":{"0":"post-19665","1":"product","2":"type-product","3":"status-publish","4":"has-post-thumbnail","6":"product_cat-laptop-housing","7":"product_tag-asus","9":"first","10":"instock","11":"taxable","12":"shipping-taxable","13":"purchasable","14":"product-type-simple"},"_links":{"self":[{"href":"https:\/\/boreait.com\/hr\/wp-json\/wp\/v2\/product\/19665","targetHints":{"allow":["GET"]}}],"collection":[{"href":"https:\/\/boreait.com\/hr\/wp-json\/wp\/v2\/product"}],"about":[{"href":"https:\/\/boreait.com\/hr\/wp-json\/wp\/v2\/types\/product"}],"wp:featuredmedia":[{"embeddable":true,"href":"https:\/\/boreait.com\/hr\/wp-json\/wp\/v2\/media\/19745"}],"wp:attachment":[{"href":"https:\/\/boreait.com\/hr\/wp-json\/wp\/v2\/media?parent=19665"}],"wp:term":[{"taxonomy":"product_brand","embeddable":true,"href":"https:\/\/boreait.com\/hr\/wp-json\/wp\/v2\/product_brand?post=19665"},{"taxonomy":"product_cat","embeddable":true,"href":"https:\/\/boreait.com\/hr\/wp-json\/wp\/v2\/product_cat?post=19665"},{"taxonomy":"product_tag","embeddable":true,"href":"https:\/\/boreait.com\/hr\/wp-json\/wp\/v2\/product_tag?post=19665"}],"curies":[{"name":"wp","href":"https:\/\/api.w.org\/{rel}","templated":true}]}}