{"id":19664,"date":"2025-07-25T11:12:32","date_gmt":"2025-07-25T11:12:32","guid":{"rendered":"https:\/\/boreait.com\/hr\/?post_type=product&#038;p=19664"},"modified":"2025-07-25T11:14:08","modified_gmt":"2025-07-25T11:14:08","slug":"lijeva-i-desna-tipka-misa-za-dell-latitude-5289-7389-7390-a167qf","status":"publish","type":"product","link":"https:\/\/boreait.com\/hr\/product\/lijeva-i-desna-tipka-misa-za-dell-latitude-5289-7389-7390-a167qf\/","title":{"rendered":"Lijeva i desna tipka mi\u0161a ZA DELL Latitude 5289 7389 7390 A167QF"},"content":{"rendered":"<p>Otkrijte savr\u0161enu zamjenu za tipku mi\u0161a na va\u0161em prijenosnom ra\u010dunalu uz na\u0161u originalnu lijevu i desnu tipku mi\u0161a posebno dizajniranu za DELL Latitude modele 5289, 7389 i 7390. Izra\u0111en s vrhunskom precizno\u0161\u0107u, ovaj proizvod A167QF osigurava da va\u0161e prijenosno ra\u010dunalo zadr\u017ei svoj elegantni izgled dok pru\u017ea taktilnu povratnu informaciju koju ste zavoljeli. Bilo da se radi o redovitom pregledavanju ili klju\u010dnim projektima, funkcionalna tipka mi\u0161a imperativ je za u\u010dinkovito kori\u0161tenje prijenosnog ra\u010dunala. Na\u0161 proizvod obe\u0107ava ne samo savr\u0161enu kompatibilnost, ve\u0107 i proces instalacije bez napora. Izra\u0111en da zadovolji europske standarde kvalitete, ovaj zamjenski gumb dokaz je na\u0161e predanosti izvrsnosti. Neka na\u0161 proizvod udahne novi \u017eivot u va\u0161e prijenosno ra\u010dunalo i unaprijedi va\u0161e iskustvo rada s ra\u010dunalom.<\/p>\n","protected":false},"excerpt":{"rendered":"<p>Lijevi &amp; Desna tipka mi\u0161a za DELL Latitude 5289, 7389, 7390. Model A167QF. Europski standardi, besprijekorno pristajanje i instalacija bez napora. Pobolj\u0161ajte u\u010dinkovitost svog prijenosnog ra\u010dunala danas!<\/p>\n","protected":false},"featured_media":19743,"template":"","meta":[],"product_brand":[],"product_cat":[77],"product_tag":[52],"class_list":{"0":"post-19664","1":"product","2":"type-product","3":"status-publish","4":"has-post-thumbnail","6":"product_cat-laptop-touchpads","7":"product_tag-dell","9":"first","10":"instock","11":"taxable","12":"shipping-taxable","13":"purchasable","14":"product-type-simple"},"_links":{"self":[{"href":"https:\/\/boreait.com\/hr\/wp-json\/wp\/v2\/product\/19664","targetHints":{"allow":["GET"]}}],"collection":[{"href":"https:\/\/boreait.com\/hr\/wp-json\/wp\/v2\/product"}],"about":[{"href":"https:\/\/boreait.com\/hr\/wp-json\/wp\/v2\/types\/product"}],"wp:featuredmedia":[{"embeddable":true,"href":"https:\/\/boreait.com\/hr\/wp-json\/wp\/v2\/media\/19743"}],"wp:attachment":[{"href":"https:\/\/boreait.com\/hr\/wp-json\/wp\/v2\/media?parent=19664"}],"wp:term":[{"taxonomy":"product_brand","embeddable":true,"href":"https:\/\/boreait.com\/hr\/wp-json\/wp\/v2\/product_brand?post=19664"},{"taxonomy":"product_cat","embeddable":true,"href":"https:\/\/boreait.com\/hr\/wp-json\/wp\/v2\/product_cat?post=19664"},{"taxonomy":"product_tag","embeddable":true,"href":"https:\/\/boreait.com\/hr\/wp-json\/wp\/v2\/product_tag?post=19664"}],"curies":[{"name":"wp","href":"https:\/\/api.w.org\/{rel}","templated":true}]}}