{"id":19660,"date":"2025-07-25T11:12:32","date_gmt":"2025-07-25T11:12:32","guid":{"rendered":"https:\/\/boreait.com\/hr\/?post_type=product&#038;p=19660"},"modified":"2025-07-25T11:13:55","modified_gmt":"2025-07-25T11:13:55","slug":"535796-001-6070b0347001-originalni-hp-gornji-poklopac-cpu-a-sasija-probook-4710s","status":"publish","type":"product","link":"https:\/\/boreait.com\/hr\/product\/535796-001-6070b0347001-originalni-hp-gornji-poklopac-cpu-a-sasija-probook-4710s\/","title":{"rendered":"535796-001 6070B0347001 ORIGINALNI HP GORNJI POKLOPAC CPU-A \u0160ASIJA PROBOOK 4710S"},"content":{"rendered":"<p>Nadogradite estetiku i za\u0161titu svog prijenosnog ra\u010dunala HP ProBook 4710S s autenti\u010dnim HP 535796-001 gornjim ku\u0107i\u0161tem CPU poklopca. Precizno izra\u0111en i dizajniran da besprijekorno pristane na vrh va\u0161eg prijenosnog ra\u010dunala, ovaj originalni HP-ov zamjenski dio nudi funkcionalna i vizualna pobolj\u0161anja.<\/p>\n<p>Izra\u0111eno od izdr\u017eljivih materijala, HP 535796-001 ku\u0107i\u0161te gornjeg poklopca procesora pru\u017ea pouzdanu za\u0161titu za unutarnje komponente va\u0161eg prijenosnog ra\u010dunala. Njegov precizan dizajn osigurava sigurno pristajanje koje se savr\u0161eno uskla\u0111uje s va\u0161im ure\u0111ajem, zadr\u017eavaju\u0107i svoju originalnu estetiku dizajna uz pove\u0107anu izdr\u017eljivost.<\/p>\n<p>Dizajniran da bude izravna zamjena, instaliranje HP 535796-001 gornjeg CPU poklopca ku\u0107i\u0161ta jednostavan je postupak. Uskla\u0111uje se s konstrukcijom va\u0161eg prijenosnog ra\u010dunala, pru\u017eaju\u0107i jednostavan pristup priklju\u010dcima, gumbima i drugim komponentama bez ugro\u017eavanja funkcionalnosti.<\/p>\n<p>Ulo\u017eite u autenti\u010dnost i kvalitetu HP-a odabirom 535796-001 gornjeg CPU poklopca ku\u0107i\u0161ta za va\u0161e prijenosno ra\u010dunalo ProBook 4710S. Pove\u0107ajte izdr\u017eljivost i vizualnu privla\u010dnost svog ure\u0111aja dok osiguravate sigurno i besprijekorno pristajanje koje mogu pru\u017eiti samo originalni HP-ovi zamjenski dijelovi.<\/p>\n","protected":false},"excerpt":{"rendered":"<p>Pobolj\u0161ajte za\u0161titu i izgled svog prijenosnog ra\u010dunala HP ProBook 4710S s autenti\u010dnim HP 535796-001 gornjim ku\u0107i\u0161tem CPU poklopca. Dizajniran da savr\u0161eno pristaje i pru\u017ei izdr\u017eljivost, ovaj originalni HP-ov zamjenski dio nudi pobolj\u0161anu estetiku i sigurnu za\u0161titu za unutarnje komponente va\u0161eg ure\u0111aja. Odaberite kvalitetu i autenti\u010dnost s HP-om.<\/p>\n","protected":false},"featured_media":19730,"template":"","meta":[],"product_brand":[],"product_cat":[51],"product_tag":[60],"class_list":{"0":"post-19660","1":"product","2":"type-product","3":"status-publish","4":"has-post-thumbnail","6":"product_cat-laptop-housing","7":"product_tag-hp","9":"first","10":"instock","11":"taxable","12":"shipping-taxable","13":"purchasable","14":"product-type-simple"},"_links":{"self":[{"href":"https:\/\/boreait.com\/hr\/wp-json\/wp\/v2\/product\/19660","targetHints":{"allow":["GET"]}}],"collection":[{"href":"https:\/\/boreait.com\/hr\/wp-json\/wp\/v2\/product"}],"about":[{"href":"https:\/\/boreait.com\/hr\/wp-json\/wp\/v2\/types\/product"}],"wp:featuredmedia":[{"embeddable":true,"href":"https:\/\/boreait.com\/hr\/wp-json\/wp\/v2\/media\/19730"}],"wp:attachment":[{"href":"https:\/\/boreait.com\/hr\/wp-json\/wp\/v2\/media?parent=19660"}],"wp:term":[{"taxonomy":"product_brand","embeddable":true,"href":"https:\/\/boreait.com\/hr\/wp-json\/wp\/v2\/product_brand?post=19660"},{"taxonomy":"product_cat","embeddable":true,"href":"https:\/\/boreait.com\/hr\/wp-json\/wp\/v2\/product_cat?post=19660"},{"taxonomy":"product_tag","embeddable":true,"href":"https:\/\/boreait.com\/hr\/wp-json\/wp\/v2\/product_tag?post=19660"}],"curies":[{"name":"wp","href":"https:\/\/api.w.org\/{rel}","templated":true}]}}