{"id":19659,"date":"2025-07-25T11:12:32","date_gmt":"2025-07-25T11:12:32","guid":{"rendered":"https:\/\/boreait.com\/hr\/?post_type=product&#038;p=19659"},"modified":"2025-07-25T11:13:52","modified_gmt":"2025-07-25T11:13:52","slug":"acer-aspire-5610-5630-bl50-15-4-originalno-donje-kuciste-s-vratima-poklopca-ap008002x00","status":"publish","type":"product","link":"https:\/\/boreait.com\/hr\/product\/acer-aspire-5610-5630-bl50-15-4-originalno-donje-kuciste-s-vratima-poklopca-ap008002x00\/","title":{"rendered":"Acer Aspire 5610 5630 bl50 15.4&#8243; originalno donje ku\u0107i\u0161te s vratima poklopca AP008002X00"},"content":{"rendered":"<p>Nadogradite i pobolj\u0161ajte svoje prijenosno ra\u010dunalo Acer Aspire 5610 ili 5630 s originalnim donjim ku\u0107i\u0161tem Acer AP008002X00. Precizno izra\u0111ena i dizajnirana da neprimjetno odgovara odre\u0111enim dimenzijama modela Aspire 5610 i 5630, ova zamjena za donje ku\u0107i\u0161te pru\u017ea elegantno i sigurno ku\u0107i\u0161te za unutarnje komponente va\u0161eg prijenosnog ra\u010dunala.<\/p>\n<p>Odlikuje se izdr\u017eljivom konstrukcijom, donje ku\u0107i\u0161te Acer AP008002X00 napravljeno je da izdr\u017ei surovost svakodnevne upotrebe, a istovremeno zadr\u017eava izvornu estetiku dizajna va\u0161eg prijenosnog ra\u010dunala. Prilo\u017eena pokrovna vrata dodaju funkcionalnost i prakti\u010dnost, omogu\u0107uju\u0107i jednostavan pristup bitnim priklju\u010dcima i komponentama kao \u0161to su memorija i tvrdi disk.<\/p>\n<p>Zamjena donjeg ku\u0107i\u0161ta va\u0161eg prijenosnog ra\u010dunala je laka uz ovaj originalni Acer zamjenski dio. Osigurava kompatibilnost, cjelovitost i besprijekornu integraciju s va\u0161im ure\u0111ajem. Odabirom donjeg ku\u0107i\u0161ta Acer AP008002X00, ula\u017eete u visokokvalitetnu zamjenu koja odr\u017eava Acerovu reputaciju izvrsnosti.<\/p>\n<p>Nadogradite svoje prijenosno ra\u010dunalo Acer Aspire 5610 ili 5630 s autenti\u010dnim donjim ku\u0107i\u0161tem Acer AP008002X00, zajedno s poklopcima. Pove\u0107ajte izdr\u017eljivost i estetiku svog ure\u0111aja dok u\u017eivate u jednostavnom pristupu bitnim komponentama. Do\u017eivite zadovoljstvo kori\u0161tenja originalnog Acerovog zamjenskog dijela koji je dizajniran da traje.<\/p>\n","protected":false},"excerpt":{"rendered":"<p>Pobolj\u0161ajte izdr\u017eljivost i funkcionalnost svog prijenosnog ra\u010dunala Acer Aspire 5610 ili 5630 s originalnim donjim ku\u0107i\u0161tem Acer AP008002X00. Dizajniran kako bi savr\u0161eno odgovarao i \u0161titio unutarnje komponente va\u0161eg ure\u0111aja, ovaj zamjenski dio dolazi zajedno s poklopcem za lak pristup. Unaprijedite iskustvo prijenosnog ra\u010dunala s Acerovom predano\u0161\u0107u kvaliteti.<\/p>\n","protected":false},"featured_media":19728,"template":"","meta":[],"product_brand":[],"product_cat":[51],"product_tag":[64],"class_list":{"0":"post-19659","1":"product","2":"type-product","3":"status-publish","4":"has-post-thumbnail","6":"product_cat-laptop-housing","7":"product_tag-acer","9":"first","10":"instock","11":"taxable","12":"shipping-taxable","13":"purchasable","14":"product-type-simple"},"_links":{"self":[{"href":"https:\/\/boreait.com\/hr\/wp-json\/wp\/v2\/product\/19659","targetHints":{"allow":["GET"]}}],"collection":[{"href":"https:\/\/boreait.com\/hr\/wp-json\/wp\/v2\/product"}],"about":[{"href":"https:\/\/boreait.com\/hr\/wp-json\/wp\/v2\/types\/product"}],"wp:featuredmedia":[{"embeddable":true,"href":"https:\/\/boreait.com\/hr\/wp-json\/wp\/v2\/media\/19728"}],"wp:attachment":[{"href":"https:\/\/boreait.com\/hr\/wp-json\/wp\/v2\/media?parent=19659"}],"wp:term":[{"taxonomy":"product_brand","embeddable":true,"href":"https:\/\/boreait.com\/hr\/wp-json\/wp\/v2\/product_brand?post=19659"},{"taxonomy":"product_cat","embeddable":true,"href":"https:\/\/boreait.com\/hr\/wp-json\/wp\/v2\/product_cat?post=19659"},{"taxonomy":"product_tag","embeddable":true,"href":"https:\/\/boreait.com\/hr\/wp-json\/wp\/v2\/product_tag?post=19659"}],"curies":[{"name":"wp","href":"https:\/\/api.w.org\/{rel}","templated":true}]}}