{"id":19658,"date":"2025-07-25T11:12:32","date_gmt":"2025-07-25T11:12:32","guid":{"rendered":"https:\/\/boreait.com\/hr\/?post_type=product&#038;p=19658"},"modified":"2025-07-25T11:13:48","modified_gmt":"2025-07-25T11:13:48","slug":"ap01k000400-originalni-acer-straznji-poklopac-lcd-aspire-5315","status":"publish","type":"product","link":"https:\/\/boreait.com\/hr\/product\/ap01k000400-originalni-acer-straznji-poklopac-lcd-aspire-5315\/","title":{"rendered":"AP01K000400 ORIGINALNI ACER STRA\u017dNJI POKLOPAC LCD ASPIRE 5315"},"content":{"rendered":"<p>Pove\u0107ajte vizualnu privla\u010dnost i izdr\u017eljivost svog prijenosnog ra\u010dunala Acer Aspire 5315 s autenti\u010dnim stra\u017enjim poklopcem LCD zaslona Acer AP01K000400. Dizajniran kako bi savr\u0161eno odgovarao specifikacijama modela Aspire 5315, ovaj originalni Acerov zamjenski dio pru\u017ea besprijekorno pristajanje i iznimne performanse.<\/p>\n<p>Izra\u0111en s precizno\u0161\u0107u i pa\u017enjom za detalje, Acer AP01K000400 LCD stra\u017enji poklopac mo\u017ee se pohvaliti elegantnim i modernim dizajnom koji pobolj\u0161ava ukupnu estetiku va\u0161eg prijenosnog ra\u010dunala. Ova zamjenska maska ne samo da dodaje da\u0161ak elegancije va\u0161em ure\u0111aju, ve\u0107 ga i \u0161titi od manjih ogrebotina, ogrebotina i svakodnevnog habanja.<\/p>\n<p>Zamjena stra\u017enjeg poklopca va\u0161eg prijenosnog ra\u010dunala jednostavan je postupak, a AP01K000400 nudi izravnu zamjenu koja zadr\u017eava izvornu estetiku i konstrukciju va\u0161eg Acer Aspire 5315. Ovaj originalni Acer dio osigurava kompatibilnost i integritet, pru\u017eaju\u0107i visoku kvalitetu po kojoj je Acer poznat.<\/p>\n<p>Ulo\u017eite u originalni stra\u017enji poklopac LCD zaslona Acer AP01K000400 kako biste pobolj\u0161ali vizualnu privla\u010dnost i dugovje\u010dnost svog prijenosnog ra\u010dunala Acer Aspire 5315. Odaberite autenti\u010dnost i do\u017eivite zadovoljstvo kori\u0161tenja zamjenskog dijela koji zadovoljava Acerove standarde izvrsnosti.<\/p>\n","protected":false},"excerpt":{"rendered":"<p>Pobolj\u0161ajte izgled i za\u0161titu svog prijenosnog ra\u010dunala Acer Aspire 5315 s autenti\u010dnim stra\u017enjim poklopcem LCD zaslona Acer AP01K000400. Dizajniran za besprijekorno pristajanje i iznimne performanse, ovaj originalni Acerov zamjenski dio dodaje eleganciju dok \u0161titi va\u0161e prijenosno ra\u010dunalo od svakodnevnog habanja.<\/p>\n","protected":false},"featured_media":19726,"template":"","meta":[],"product_brand":[],"product_cat":[51],"product_tag":[64],"class_list":{"0":"post-19658","1":"product","2":"type-product","3":"status-publish","4":"has-post-thumbnail","6":"product_cat-laptop-housing","7":"product_tag-acer","9":"first","10":"instock","11":"taxable","12":"shipping-taxable","13":"purchasable","14":"product-type-simple"},"_links":{"self":[{"href":"https:\/\/boreait.com\/hr\/wp-json\/wp\/v2\/product\/19658","targetHints":{"allow":["GET"]}}],"collection":[{"href":"https:\/\/boreait.com\/hr\/wp-json\/wp\/v2\/product"}],"about":[{"href":"https:\/\/boreait.com\/hr\/wp-json\/wp\/v2\/types\/product"}],"wp:featuredmedia":[{"embeddable":true,"href":"https:\/\/boreait.com\/hr\/wp-json\/wp\/v2\/media\/19726"}],"wp:attachment":[{"href":"https:\/\/boreait.com\/hr\/wp-json\/wp\/v2\/media?parent=19658"}],"wp:term":[{"taxonomy":"product_brand","embeddable":true,"href":"https:\/\/boreait.com\/hr\/wp-json\/wp\/v2\/product_brand?post=19658"},{"taxonomy":"product_cat","embeddable":true,"href":"https:\/\/boreait.com\/hr\/wp-json\/wp\/v2\/product_cat?post=19658"},{"taxonomy":"product_tag","embeddable":true,"href":"https:\/\/boreait.com\/hr\/wp-json\/wp\/v2\/product_tag?post=19658"}],"curies":[{"name":"wp","href":"https:\/\/api.w.org\/{rel}","templated":true}]}}