{"id":19657,"date":"2025-07-25T11:12:32","date_gmt":"2025-07-25T11:12:32","guid":{"rendered":"https:\/\/boreait.com\/hr\/?post_type=product&#038;p=19657"},"modified":"2025-07-25T11:13:45","modified_gmt":"2025-07-25T11:13:45","slug":"hp-elitebook-720-725-820-g1-g2-a-skoljkasti-zaslon-straznja-maska-730561-001","status":"publish","type":"product","link":"https:\/\/boreait.com\/hr\/product\/hp-elitebook-720-725-820-g1-g2-a-skoljkasti-zaslon-straznja-maska-730561-001\/","title":{"rendered":"HP EliteBook 720 725 820 G1 G2 A \u0161koljkasti zaslon STRA\u017dNJA maska 730561-001"},"content":{"rendered":"<p>Nadogradite estetiku i za\u0161titu svog prijenosnog ra\u010dunala HP EliteBook 720, 725 ili 820 G1\/G2 s originalnim HP 730561-001 A Shell Screen Cover stra\u017enjim poklopcem. Izra\u0111en da besprijekorno odgovara ovim specifi\u010dnim EliteBook modelima, ovaj zamjenski stra\u017enji poklopac pobolj\u0161ava i vizualnu privla\u010dnost i izdr\u017eljivost va\u0161eg prijenosnog ra\u010dunala.<\/p>\n<p>Odlikuje se elegantnim i modernim dizajnom, HP 730561-001 A Shell Screen stra\u017enji poklopac ne samo da dodaje da\u0161ak elegancije va\u0161em prijenosnom ra\u010dunalu, ve\u0107 ga i \u0161titi od manjih ogrebotina, ogrebotina i drugog svakodnevnog habanja. S preciznim pristajanjem, ovaj stra\u017enji poklopac \u010duva izvornu estetiku prijenosnog ra\u010dunala i dodaje sloj za\u0161tite.<\/p>\n<p>Zamjena stra\u017enjeg poklopca jednostavan je postupak koji vam omogu\u0107uje da jednostavno zamijenite postoje\u0107i poklopac na prijenosnom ra\u010dunalu EliteBook. Ovaj originalni HP-ov zamjenski dio osigurava kompatibilnost i odr\u017eava elegantan izgled prijenosnog ra\u010dunala, kao i cjelovitost njegove konstrukcije.<\/p>\n<p>Ulo\u017eite u originalni stra\u017enji poklopac HP 730561-001 A Shell Screen kako biste pobolj\u0161ali ukupni izgled i otpornost svog prijenosnog ra\u010dunala EliteBook 720, 725 ili 820 G1\/G2. Do\u017eivite zadovoljstvo kori\u0161tenja autenti\u010dnog zamjenskog dijela HP-a, marke poznate po predanosti kvaliteti i inovacijama.<\/p>\n","protected":false},"excerpt":{"rendered":"<p>Nadogradite izgled i za\u0161titu svog HP EliteBook 720, 725 ili 820 G1\/G2 prijenosnog ra\u010dunala s originalnim HP 730561-001 A Shell Screen Cover stra\u017enjim poklopcem. Dizajnirana za precizno pristajanje, ova zamjenska maska pobolj\u0161ava estetiku i \u0161titi va\u0161e prijenosno ra\u010dunalo od svakodnevnog habanja.<\/p>\n","protected":false},"featured_media":19724,"template":"","meta":[],"product_brand":[],"product_cat":[51],"product_tag":[60],"class_list":{"0":"post-19657","1":"product","2":"type-product","3":"status-publish","4":"has-post-thumbnail","6":"product_cat-laptop-housing","7":"product_tag-hp","9":"first","10":"instock","11":"taxable","12":"shipping-taxable","13":"purchasable","14":"product-type-simple"},"_links":{"self":[{"href":"https:\/\/boreait.com\/hr\/wp-json\/wp\/v2\/product\/19657","targetHints":{"allow":["GET"]}}],"collection":[{"href":"https:\/\/boreait.com\/hr\/wp-json\/wp\/v2\/product"}],"about":[{"href":"https:\/\/boreait.com\/hr\/wp-json\/wp\/v2\/types\/product"}],"wp:featuredmedia":[{"embeddable":true,"href":"https:\/\/boreait.com\/hr\/wp-json\/wp\/v2\/media\/19724"}],"wp:attachment":[{"href":"https:\/\/boreait.com\/hr\/wp-json\/wp\/v2\/media?parent=19657"}],"wp:term":[{"taxonomy":"product_brand","embeddable":true,"href":"https:\/\/boreait.com\/hr\/wp-json\/wp\/v2\/product_brand?post=19657"},{"taxonomy":"product_cat","embeddable":true,"href":"https:\/\/boreait.com\/hr\/wp-json\/wp\/v2\/product_cat?post=19657"},{"taxonomy":"product_tag","embeddable":true,"href":"https:\/\/boreait.com\/hr\/wp-json\/wp\/v2\/product_tag?post=19657"}],"curies":[{"name":"wp","href":"https:\/\/api.w.org\/{rel}","templated":true}]}}