{"id":19644,"date":"2025-07-25T11:12:09","date_gmt":"2025-07-25T11:12:09","guid":{"rendered":"https:\/\/boreait.com\/hr\/?post_type=product&#038;p=19644"},"modified":"2025-07-25T11:13:37","modified_gmt":"2025-07-25T11:13:37","slug":"gornja-skoljka-kucista-hp-probook-470-g2-oslonac-za-ruku-768390-001","status":"publish","type":"product","link":"https:\/\/boreait.com\/hr\/product\/gornja-skoljka-kucista-hp-probook-470-g2-oslonac-za-ruku-768390-001\/","title":{"rendered":"Gornja \u0161koljka ku\u0107i\u0161ta HP ProBook 470 G2 &#8211; oslonac za ruku 768390-001"},"content":{"rendered":"<p>Pobolj\u0161ajte izgled i za\u0161titu svog prijenosnog ra\u010dunala HP ProBook 470 G2 s originalnim HP 768390-001 osloncem za dlanove &#8211; gornjom \u0161koljkom ku\u0107i\u0161ta. Dizajnirana kako bi savr\u0161eno pristajala va\u0161em modelu prijenosnog ra\u010dunala, ova zamjena za gornju \u0161koljku nudi kombinaciju stilske estetike i izdr\u017eljive konstrukcije, osiguravaju\u0107i i vizualnu privla\u010dnost i pove\u0107anu otpornost.<\/p>\n<p>Gornja \u0161koljka ku\u0107i\u0161ta 768390-001 posebno je izra\u0111ena kako bi osigurala sigurno i precizno pristajanje za va\u0161 HP ProBook 470 G2, pru\u017eaju\u0107i za\u0161titni sloj koji \u0161titi unutarnje komponente od pra\u0161ine, krhotina i potencijalnih o\u0161te\u0107enja. Zamjenom gornje \u0161koljke mo\u017eete trenutno osvje\u017eiti izgled svog prijenosnog ra\u010dunala i zadr\u017eati njegov profesionalni izgled.<\/p>\n<p>Instaliranje originalne gornje \u0161koljke ku\u0107i\u0161ta HP 768390-001 jednostavan je postupak koji vam omogu\u0107uje da jednostavno nadogradite estetiku i za\u0161titu prijenosnog ra\u010dunala. Sa svojom visokokvalitetnom izradom, ova gornja \u0161koljka dizajnirana je da izdr\u017ei svakodnevnu upotrebu, a da zadr\u017ei svoju vrhunsku zavr\u0161nu obradu.<\/p>\n<p>Iskusite samopouzdanje kori\u0161tenja autenti\u010dnog HP-ovog zamjenskog dijela koji zadovoljava stroge standarde kvalitete marke. Unaprijedite izgled svog prijenosnog ra\u010dunala i za\u0161titite njegove unutarnje komponente s originalnom gornjom \u0161koljkom ku\u0107i\u0161ta HP 768390-001, koja nudi i stil i izdr\u017eljivost u jednom paketu.<\/p>\n","protected":false},"excerpt":{"rendered":"<p>Nadogradite izgled i za\u0161titu svog prijenosnog ra\u010dunala HP ProBook 470 G2 s originalnom gornjom \u0161koljkom ku\u0107i\u0161ta HP 768390-001. Dizajnirana da precizno pristaje i pobolj\u0161a estetiku i otpornost, ova zamjena za gornju \u0161koljku trenutno osvje\u017eava izgled prijenosnog ra\u010dunala dok istovremeno \u0161titi njegove unutarnje komponente.<\/p>\n","protected":false},"featured_media":19713,"template":"","meta":[],"product_brand":[],"product_cat":[51],"product_tag":[60],"class_list":{"0":"post-19644","1":"product","2":"type-product","3":"status-publish","4":"has-post-thumbnail","6":"product_cat-laptop-housing","7":"product_tag-hp","9":"first","10":"instock","11":"taxable","12":"shipping-taxable","13":"purchasable","14":"product-type-simple"},"_links":{"self":[{"href":"https:\/\/boreait.com\/hr\/wp-json\/wp\/v2\/product\/19644","targetHints":{"allow":["GET"]}}],"collection":[{"href":"https:\/\/boreait.com\/hr\/wp-json\/wp\/v2\/product"}],"about":[{"href":"https:\/\/boreait.com\/hr\/wp-json\/wp\/v2\/types\/product"}],"wp:featuredmedia":[{"embeddable":true,"href":"https:\/\/boreait.com\/hr\/wp-json\/wp\/v2\/media\/19713"}],"wp:attachment":[{"href":"https:\/\/boreait.com\/hr\/wp-json\/wp\/v2\/media?parent=19644"}],"wp:term":[{"taxonomy":"product_brand","embeddable":true,"href":"https:\/\/boreait.com\/hr\/wp-json\/wp\/v2\/product_brand?post=19644"},{"taxonomy":"product_cat","embeddable":true,"href":"https:\/\/boreait.com\/hr\/wp-json\/wp\/v2\/product_cat?post=19644"},{"taxonomy":"product_tag","embeddable":true,"href":"https:\/\/boreait.com\/hr\/wp-json\/wp\/v2\/product_tag?post=19644"}],"curies":[{"name":"wp","href":"https:\/\/api.w.org\/{rel}","templated":true}]}}