{"id":19642,"date":"2025-07-25T11:12:09","date_gmt":"2025-07-25T11:12:09","guid":{"rendered":"https:\/\/boreait.com\/hr\/?post_type=product&#038;p=19642"},"modified":"2025-07-25T11:13:30","modified_gmt":"2025-07-25T11:13:30","slug":"dell-latitude-5289-7389-sklop-dodirne-podloge-s-naslonom-za-ruku-fhvmh-0fhvmh","status":"publish","type":"product","link":"https:\/\/boreait.com\/hr\/product\/dell-latitude-5289-7389-sklop-dodirne-podloge-s-naslonom-za-ruku-fhvmh-0fhvmh\/","title":{"rendered":"Dell Latitude 5289 7389 Sklop dodirne podloge s naslonom za ruku FHVMH 0FHVMH"},"content":{"rendered":"<p>Nadogradite funkcionalnost i estetiku svog prijenosnog ra\u010dunala Dell Latitude 5289 ili 7389 s vrhunskim Dell Latitude 5289 7389 sklopom dodirne podloge s naslonom za dlan FHVMH 0FHVMH. Ovaj originalni Dell zamjenski dio kombinira elegantan dizajn s naprednom tehnologijom dodirne podloge, pru\u017eaju\u0107i vam pobolj\u0161ano ra\u010dunalno iskustvo.<\/p>\n<p>Dizajniran kako bi savr\u0161eno odgovarao modelima Dell Latitude 5289 i 7389, FHVMH 0FHVMH sklop dodirne podloge s naslonom za dlan nudi besprijekornu integraciju koja nadopunjuje cjelokupni izgled va\u0161eg prijenosnog ra\u010dunala. Sama dodirna podloga mo\u017ee se pohvaliti responzivnim multi-touch mogu\u0107nostima, omogu\u0107uju\u0107i vam navigaciju, pomicanje i interakciju s va\u0161im ure\u0111ajem bez napora.<\/p>\n<p>Zamjena sklopa dodirne podloge oslonca za dlan jednostavan je postupak i trenuta\u010dno mijenja izgled i upotrebljivost va\u0161eg prijenosnog ra\u010dunala. Sklop FHVMH 0FHVMH uklju\u010duje i oslonac za dlan i podlogu za dodir, \u0161to ga \u010dini prakti\u010dnim sve-u-jednom rje\u0161enjem za potpunu nadogradnju.<\/p>\n<p>Ovaj originalni Dell dio jam\u010di najvi\u0161e standarde kvalitete i performansi. Rigorozno testiran kako bi se osigurala pouzdanost i izdr\u017eljivost, Dell Latitude 5289 7389 sklop podloge s naslonom za dlanove FHVMH 0FHVMH napravljen je da izdr\u017ei svakodnevnu upotrebu uz optimalnu osjetljivost na dodir.<\/p>\n<p>Iskusite pobolj\u0161anu navigaciju dodirom, preciznu kontrolu i osvje\u017eeni izgled va\u0161eg prijenosnog ra\u010dunala s Dell Latitude 5289 7389 sklopom dodirne podloge s naslonom za dlan FHVMH 0FHVMH. Unaprijedite svoje ra\u010dunalno iskustvo i u\u017eivajte u pogodnostima originalnog Dell zamjenskog dijela koji je dizajniran da pru\u017ei pobolj\u0161ane performanse i stil.<\/p>\n","protected":false},"excerpt":{"rendered":"<p>Pobolj\u0161ajte performanse i estetiku svog prijenosnog ra\u010dunala Dell Latitude 5289 ili 7389 s originalnim Dell Latitude 5289 7389 sklopom dodirne podloge s naslonom za dlan FHVMH 0FHVMH. Zamijenite svoj postoje\u0107i sklop ovim visokokvalitetnim dijelom kako biste u\u017eivali u pobolj\u0161anoj navigaciji osjetljivoj na dodir, mogu\u0107nostima vi\u0161estrukog dodira i osvje\u017eenom izgledu prijenosnog ra\u010dunala.<\/p>\n","protected":false},"featured_media":19709,"template":"","meta":[],"product_brand":[],"product_cat":[51],"product_tag":[52],"class_list":{"0":"post-19642","1":"product","2":"type-product","3":"status-publish","4":"has-post-thumbnail","6":"product_cat-laptop-housing","7":"product_tag-dell","9":"first","10":"instock","11":"taxable","12":"shipping-taxable","13":"purchasable","14":"product-type-simple"},"_links":{"self":[{"href":"https:\/\/boreait.com\/hr\/wp-json\/wp\/v2\/product\/19642","targetHints":{"allow":["GET"]}}],"collection":[{"href":"https:\/\/boreait.com\/hr\/wp-json\/wp\/v2\/product"}],"about":[{"href":"https:\/\/boreait.com\/hr\/wp-json\/wp\/v2\/types\/product"}],"wp:featuredmedia":[{"embeddable":true,"href":"https:\/\/boreait.com\/hr\/wp-json\/wp\/v2\/media\/19709"}],"wp:attachment":[{"href":"https:\/\/boreait.com\/hr\/wp-json\/wp\/v2\/media?parent=19642"}],"wp:term":[{"taxonomy":"product_brand","embeddable":true,"href":"https:\/\/boreait.com\/hr\/wp-json\/wp\/v2\/product_brand?post=19642"},{"taxonomy":"product_cat","embeddable":true,"href":"https:\/\/boreait.com\/hr\/wp-json\/wp\/v2\/product_cat?post=19642"},{"taxonomy":"product_tag","embeddable":true,"href":"https:\/\/boreait.com\/hr\/wp-json\/wp\/v2\/product_tag?post=19642"}],"curies":[{"name":"wp","href":"https:\/\/api.w.org\/{rel}","templated":true}]}}