{"id":19641,"date":"2025-07-25T11:12:09","date_gmt":"2025-07-25T11:12:09","guid":{"rendered":"https:\/\/boreait.com\/hr\/?post_type=product&#038;p=19641"},"modified":"2026-01-07T13:57:11","modified_gmt":"2026-01-07T13:57:11","slug":"lenovo-n50-b50-30-b50-45-b50-70-b50-80-tipka-za-ukljucivanje-gumb-za-prekidac-ls-b098p","status":"publish","type":"product","link":"https:\/\/boreait.com\/hr\/product\/lenovo-n50-b50-30-b50-45-b50-70-b50-80-tipka-za-ukljucivanje-gumb-za-prekidac-ls-b098p\/","title":{"rendered":"LENOVO N50 B50-30 B50-45 B50-70 B50-80 TIPKA ZA UKLJU\u010cIVANJE GUMB ZA PREKIDA\u010c LS-B098P"},"content":{"rendered":"<p>Pobolj\u0161ajte upravljanje napajanjem va\u0161eg prijenosnog ra\u010dunala Lenovo N50, B50-30, B50-45, B50-70 ili B50-80 s pouzdanim LENOVO N50 B50-30 B50-45 B50-70 B50-80 GUMB ZA PREKIDA\u010c ZA NAPAJANJE LS-B098P. Ovaj originalni Lenovo zamjenski dio osigurava besprijekornu funkciju gumba za uklju\u010divanje, omogu\u0107uju\u0107i vam jednostavno uklju\u010divanje i isklju\u010divanje prijenosnog ra\u010dunala s precizno\u0161\u0107u.<\/p>\n<p>Dizajniran za savr\u0161enu integraciju s kompatibilnim modelima prijenosnih ra\u010dunala, LENOVO N50 B50-30 B50-45 B50-70 B50-80 GUMB ZA UKLJU\u010cIVANJE LS-B098P nudi osjetljivo i pouzdano iskustvo kontrole napajanja. Njegov ergonomski dizajn osigurava udobno tiskanje bez napora za lak\u0161e upravljanje energijom.<\/p>\n<p>Zamjena gumba prekida\u010da za uklju\u010divanje jednostavan je postupak koji ne zahtijeva veliko tehni\u010dko znanje. Uz katalo\u0161ki broj LS-B098P, ovaj zamjenski prekida\u010d savr\u0161eno odgovara sklopu kontrole napajanja va\u0161eg prijenosnog ra\u010dunala.<\/p>\n<p>Budite uvjereni da je ova tipka za uklju\u010divanje originalni Lenovo proizvod koji zadovoljava visoke standarde kvalitete i performansi koje je postavila marka. Strogo je testiran kako bi se osiguralo dosljedno i pouzdano upravljanje napajanjem, daju\u0107i vam bezbri\u017enost znaju\u0107i da \u0107e gumb za uklju\u010divanje va\u0161eg prijenosnog ra\u010dunala funkcionirati besprijekorno.<\/p>\n<p>Bez obzira na to da li gumb za uklju\u010divanje\/isklju\u010divanje va\u0161eg prijenosnog ra\u010dunala ne reagira prema o\u010dekivanjima ili se istro\u0161io, LENOVO N50 B50-30 B50-45 B50-70 B50-80 GUMB ZA PREKIDA\u010c ZA NAPAJANJE LS-B098P je rje\u0161enje koje vam je potrebno. Vratite punu funkciju upravljanja napajanjem svog prijenosnog ra\u010dunala i u\u017eivajte u u\u010dinkovitijem iskustvu rada s ra\u010dunalom.<\/p>\n<p>Nadogradite tipku za uklju\u010divanje\/isklju\u010divanje prijenosnog ra\u010dunala s LENOVO N50 B50-30 B50-45 B50-70 B50-80 GUMB ZA PREKIDA\u010c GUMB ZA UKLJU\u010cIVANJE LS-B098P i u\u017eivajte u glatkom upravljanju napajanjem i pobolj\u0161anoj kontroli.<\/p>\n","protected":false},"excerpt":{"rendered":"<p>Pobolj\u0161ajte kontrolu napajanja va\u0161eg prijenosnog ra\u010dunala Lenovo N50, B50-30, B50-45, B50-70 ili B50-80 s originalnim LENOVO N50 B50-30 B50-45 B50-70 B50-80 GUMB ZA PREKIDA\u010c GUMB ZA NAPAJANJE LS-B098P. Zamijenite svoj gumb za uklju\u010divanje\/isklju\u010divanje ovim visokokvalitetnim Lenovo zamjenskim dijelom kako biste u\u017eivali u glatkom upravljanju napajanjem i pobolj\u0161anoj kontroli.<\/p>\n","protected":false},"featured_media":19708,"template":"","meta":[],"product_brand":[],"product_cat":[62],"product_tag":[61],"class_list":{"0":"post-19641","1":"product","2":"type-product","3":"status-publish","4":"has-post-thumbnail","6":"product_cat-motherboards-board-parts","7":"product_tag-lenovo","9":"first","10":"instock","11":"taxable","12":"shipping-taxable","13":"purchasable","14":"product-type-simple"},"_links":{"self":[{"href":"https:\/\/boreait.com\/hr\/wp-json\/wp\/v2\/product\/19641","targetHints":{"allow":["GET"]}}],"collection":[{"href":"https:\/\/boreait.com\/hr\/wp-json\/wp\/v2\/product"}],"about":[{"href":"https:\/\/boreait.com\/hr\/wp-json\/wp\/v2\/types\/product"}],"wp:featuredmedia":[{"embeddable":true,"href":"https:\/\/boreait.com\/hr\/wp-json\/wp\/v2\/media\/19708"}],"wp:attachment":[{"href":"https:\/\/boreait.com\/hr\/wp-json\/wp\/v2\/media?parent=19641"}],"wp:term":[{"taxonomy":"product_brand","embeddable":true,"href":"https:\/\/boreait.com\/hr\/wp-json\/wp\/v2\/product_brand?post=19641"},{"taxonomy":"product_cat","embeddable":true,"href":"https:\/\/boreait.com\/hr\/wp-json\/wp\/v2\/product_cat?post=19641"},{"taxonomy":"product_tag","embeddable":true,"href":"https:\/\/boreait.com\/hr\/wp-json\/wp\/v2\/product_tag?post=19641"}],"curies":[{"name":"wp","href":"https:\/\/api.w.org\/{rel}","templated":true}]}}