{"id":19619,"date":"2025-07-25T11:11:46","date_gmt":"2025-07-25T11:11:46","guid":{"rendered":"https:\/\/boreait.com\/hr\/?post_type=product&#038;p=19619"},"modified":"2025-07-25T11:12:47","modified_gmt":"2025-07-25T11:12:47","slug":"hp-pavilion-dv6000-lcd-okvir-s-kucistem-za-prijenosno-racunalo-bez-web-kamere-446487-001-poklopac","status":"publish","type":"product","link":"https:\/\/boreait.com\/hr\/product\/hp-pavilion-dv6000-lcd-okvir-s-kucistem-za-prijenosno-racunalo-bez-web-kamere-446487-001-poklopac\/","title":{"rendered":"HP Pavilion dv6000 LCD okvir s KU\u0106I\u0160TEM za prijenosno ra\u010dunalo bez web kamere 446487-001 poklopac"},"content":{"rendered":"<p>Nadogradite i osvje\u017eite izgled svog prijenosnog ra\u010dunala HP Pavilion dv6000 pomo\u0107u LCD okvira prijenosnog ra\u010dunala HP Pavilion dv6000 s ku\u0107i\u0161tem ku\u0107i\u0161ta, dizajniranog da pru\u017ei i stil i funkcionalnost. Izra\u0111en s precizno\u0161\u0107u, ovaj okvir pru\u017ea \u010dist i ugla\u0111en izgled, daju\u0107i va\u0161em prijenosnom ra\u010dunalu obnovljeni osje\u0107aj sofisticiranosti.<\/p>\n<p>Lcd okvir prijenosnog ra\u010dunala HP Pavilion dv6000 s ku\u0107i\u0161tem ku\u0107i\u0161ta (Broj dijela: 446487-001) pa\u017eljivo je projektiran kako bi savr\u0161eno odgovarao zaslonu va\u0161eg prijenosnog ra\u010dunala, osiguravaju\u0107i besprijekorno i udobno pristajanje. Svojim elegantnim dizajnom i glatkom zavr\u0161nom obradom pobolj\u0161ava ukupnu estetiku va\u0161eg prijenosnog ra\u010dunala dok u\u010dinkovito \u0161titi plo\u010du zaslona od pra\u0161ine, ogrebotina i manjih udaraca.<\/p>\n<p>Dizajniran bez izreza za web kameru, ovaj okvir nudi aerodinami\u010dan i minimalisti\u010dki izgled koji je savr\u0161en za korisnike koji vole \u010dist i jednostavan dizajn. Nedostatak izreza za web kameru odr\u017eava elegantan profil i omogu\u0107uje fokusirano iskustvo prikaza.<\/p>\n<p>Zamjena okvira prijenosnog ra\u010dunala jednostavan je postupak koji se lako mo\u017ee izvr\u0161iti s osnovnim alatima. LCD okvir za prijenosno ra\u010dunalo HP Pavilion dv6000 s ku\u0107i\u0161tem ku\u0107i\u0161ta dizajniran je za jednostavnu instalaciju, \u0161to ga \u010dini idealnim izborom za DIY entuzijaste i profesionalce.<\/p>\n<p>Poja\u010dajte vizualnu privla\u010dnost svog prijenosnog ra\u010dunala HP Pavilion dv6000 dok \u0161titite njegov zaslon pomo\u0107u LCD okvira prijenosnog ra\u010dunala HP Pavilion dv6000 s ku\u0107i\u0161tem (Broj dijela: 446487-001). Nadogradite estetiku svog prijenosnog ra\u010dunala i u\u017eivajte u osvje\u017eenom izgledu koji se isti\u010de gdje god ga koristite.<\/p>\n<p>Imajte na umu da ovaj proizvod ne uklju\u010duje izrez za web kameru i kompatibilan je s prijenosnim ra\u010dunalima HP Pavilion dv6000. Obavezno provjerite kompatibilnost prije kupnje.<\/p>\n","protected":false},"excerpt":{"rendered":"<p>Dajte svom prijenosnom ra\u010dunalu HP Pavilion dv6000 svje\u017ei izgled s LCD okvirom prijenosnog ra\u010dunala HP Pavilion dv6000 s ku\u0107i\u0161tem (broj dijela: 446487-001). Izra\u0111en za udobno pristajanje i moderan izgled, ovaj okvir pobolj\u0161ava estetiku va\u0161eg prijenosnog ra\u010dunala dok istovremeno \u0161titi zaslon. Dizajniran bez izreza za web kameru, nudi \u010dist i pojednostavljen dizajn. Kompatibilan s prijenosnim ra\u010dunalima HP Pavilion dv6000, to je jednostavna nadogradnja za obnovljeno iskustvo prijenosnog ra\u010dunala.<\/p>\n","protected":false},"featured_media":19672,"template":"","meta":[],"product_brand":[],"product_cat":[51],"product_tag":[60],"class_list":{"0":"post-19619","1":"product","2":"type-product","3":"status-publish","4":"has-post-thumbnail","6":"product_cat-laptop-housing","7":"product_tag-hp","9":"first","10":"instock","11":"taxable","12":"shipping-taxable","13":"purchasable","14":"product-type-simple"},"_links":{"self":[{"href":"https:\/\/boreait.com\/hr\/wp-json\/wp\/v2\/product\/19619","targetHints":{"allow":["GET"]}}],"collection":[{"href":"https:\/\/boreait.com\/hr\/wp-json\/wp\/v2\/product"}],"about":[{"href":"https:\/\/boreait.com\/hr\/wp-json\/wp\/v2\/types\/product"}],"wp:featuredmedia":[{"embeddable":true,"href":"https:\/\/boreait.com\/hr\/wp-json\/wp\/v2\/media\/19672"}],"wp:attachment":[{"href":"https:\/\/boreait.com\/hr\/wp-json\/wp\/v2\/media?parent=19619"}],"wp:term":[{"taxonomy":"product_brand","embeddable":true,"href":"https:\/\/boreait.com\/hr\/wp-json\/wp\/v2\/product_brand?post=19619"},{"taxonomy":"product_cat","embeddable":true,"href":"https:\/\/boreait.com\/hr\/wp-json\/wp\/v2\/product_cat?post=19619"},{"taxonomy":"product_tag","embeddable":true,"href":"https:\/\/boreait.com\/hr\/wp-json\/wp\/v2\/product_tag?post=19619"}],"curies":[{"name":"wp","href":"https:\/\/api.w.org\/{rel}","templated":true}]}}