{"id":19594,"date":"2025-07-25T11:11:01","date_gmt":"2025-07-25T11:11:01","guid":{"rendered":"https:\/\/boreait.com\/hr\/?post_type=product&#038;p=19594"},"modified":"2025-07-25T11:12:24","modified_gmt":"2025-07-25T11:12:24","slug":"ploca-citaca-pametnih-kartica-hp-elitebook-840-g1-serije-6050a2560401-za-prijenosna-racunala","status":"publish","type":"product","link":"https:\/\/boreait.com\/hr\/product\/ploca-citaca-pametnih-kartica-hp-elitebook-840-g1-serije-6050a2560401-za-prijenosna-racunala\/","title":{"rendered":"Plo\u010da \u010dita\u010da pametnih kartica HP EliteBook 840 G1 serije 6050A2560401 za prijenosna ra\u010dunala"},"content":{"rendered":"<p>Nadogradite sigurnosne zna\u010dajke svog prijenosnog ra\u010dunala HP EliteBook 840 G1 serije s plo\u010dom \u010dita\u010da pametnih kartica. Ovaj originalni HP-ov zamjenski dio nudi dodatni sloj za\u0161tite i prakti\u010dnosti, omogu\u0107uju\u0107i vam da pobolj\u0161ate sigurnosne mjere va\u0161eg prijenosnog ra\u010dunala.<\/p>\n<p>Tehnologija pametnih kartica pru\u017ea sigurnu metodu za autentifikaciju i za\u0161titu podataka, \u0161to je \u010dini bitnom komponentom za pojedince i tvrtke kojima je sigurnost podataka prioritet. Plo\u010da \u010dita\u010da pametnih kartica dizajnirana je za besprijekornu integraciju u va\u0161 HP EliteBook 840 G1, omogu\u0107uju\u0107i vam jednostavan pristup prijenosnom ra\u010dunalu, a istovremeno \u010duvaju\u0107i va\u0161e osjetljive podatke.<\/p>\n<p>Uz njegovu preciznu konstrukciju i kompatibilnost s modelom va\u0161eg prijenosnog ra\u010dunala, instalacija je jednostavan proces. Nakon instalacije, mo\u017eete iskoristiti tehnologiju pametnih kartica za autentifikaciju korisnika i osigurati da samo ovla\u0161tene osobe imaju pristup va\u0161em prijenosnom ra\u010dunalu i njegovom sadr\u017eaju.<\/p>\n<p>Poja\u010dajte sigurnost i upotrebljivost svog prijenosnog ra\u010dunala s plo\u010dom \u010dita\u010da pametnih kartica za HP EliteBook 840 G1 seriju. Investirajte u pouzdano i pouzdano rje\u0161enje koje pru\u017ea bezbri\u017enost i pobolj\u0161anu za\u0161titu za va\u0161e vrijedne podatke.<\/p>\n","protected":false},"excerpt":{"rendered":"<p>Nadogradite sigurnost svog prijenosnog ra\u010dunala serije HP EliteBook 840 G1 s plo\u010dom \u010dita\u010da pametnih kartica. Pobolj\u0161ajte za\u0161titu podataka i autentifikaciju korisnika za dodatni mir.<\/p>\n","protected":false},"featured_media":19653,"template":"","meta":[],"product_brand":[],"product_cat":[62],"product_tag":[60],"class_list":{"0":"post-19594","1":"product","2":"type-product","3":"status-publish","4":"has-post-thumbnail","6":"product_cat-motherboards-board-parts","7":"product_tag-hp","9":"first","10":"instock","11":"taxable","12":"shipping-taxable","13":"purchasable","14":"product-type-simple"},"_links":{"self":[{"href":"https:\/\/boreait.com\/hr\/wp-json\/wp\/v2\/product\/19594","targetHints":{"allow":["GET"]}}],"collection":[{"href":"https:\/\/boreait.com\/hr\/wp-json\/wp\/v2\/product"}],"about":[{"href":"https:\/\/boreait.com\/hr\/wp-json\/wp\/v2\/types\/product"}],"wp:featuredmedia":[{"embeddable":true,"href":"https:\/\/boreait.com\/hr\/wp-json\/wp\/v2\/media\/19653"}],"wp:attachment":[{"href":"https:\/\/boreait.com\/hr\/wp-json\/wp\/v2\/media?parent=19594"}],"wp:term":[{"taxonomy":"product_brand","embeddable":true,"href":"https:\/\/boreait.com\/hr\/wp-json\/wp\/v2\/product_brand?post=19594"},{"taxonomy":"product_cat","embeddable":true,"href":"https:\/\/boreait.com\/hr\/wp-json\/wp\/v2\/product_cat?post=19594"},{"taxonomy":"product_tag","embeddable":true,"href":"https:\/\/boreait.com\/hr\/wp-json\/wp\/v2\/product_tag?post=19594"}],"curies":[{"name":"wp","href":"https:\/\/api.w.org\/{rel}","templated":true}]}}