{"id":19593,"date":"2025-07-25T11:11:00","date_gmt":"2025-07-25T11:11:00","guid":{"rendered":"https:\/\/boreait.com\/hr\/?post_type=product&#038;p=19593"},"modified":"2025-07-25T11:12:21","modified_gmt":"2025-07-25T11:12:21","slug":"za-dell-latitde-e5440-e5540-a133d2-a-shell-a-case-straznji-poklopac-cn-a133d2-2","status":"publish","type":"product","link":"https:\/\/boreait.com\/hr\/product\/za-dell-latitde-e5440-e5540-a133d2-a-shell-a-case-straznji-poklopac-cn-a133d2-2\/","title":{"rendered":"Za Dell Latitde E5440 E5540 A133D2 A Shell A Case Stra\u017enji poklopac CN-A133D2"},"content":{"rendered":"<p>Pobolj\u0161ajte izgled i izdr\u017eljivost svog prijenosnog ra\u010dunala Dell Latitude E5440 ili E5540 sa stra\u017enjim poklopcem ku\u0107i\u0161ta A133D2 A Shell A. Precizno izra\u0111en, ovaj originalni Dell zamjenski dio dizajniran je kako bi va\u0161em prijenosnom ra\u010dunalu pru\u017eio vrhunsku za\u0161titu i osvje\u017een izgled.<\/p>\n<p>Stra\u017enji poklopac va\u0161eg prijenosnog ra\u010dunala nije samo za\u0161titni \u0161tit za njegove osjetljive unutarnje komponente, ve\u0107 tako\u0111er doprinosi njegovoj cjelokupnoj estetici. S vremenom, istro\u0161enost mo\u017ee uzrokovati gubitak sjaja originalne stra\u017enje maske, zbog \u010dega \u0107e va\u0161e prijenosno ra\u010dunalo izgledati zastarjelo i izlizano. Stra\u017enji poklopac ku\u0107i\u0161ta A133D2 A Shell A savr\u0161eno je rje\u0161enje za revitalizaciju izgleda va\u0161eg prijenosnog ra\u010dunala.<\/p>\n<p>Izra\u0111en od visokokvalitetnih materijala i dizajniran da besprijekorno pristaje va\u0161em prijenosnom ra\u010dunalu Dell Latitude E5440 ili E5540, ovaj zamjenski stra\u017enji poklopac osigurava sigurno i udobno pristajanje. Proces instalacije je jednostavan za kori\u0161tenje, \u0161to olak\u0161ava promjenu izgleda va\u0161eg prijenosnog ra\u010dunala u tren oka.<\/p>\n<p>Odaberite stra\u017enji poklopac ku\u0107i\u0161ta A133D2 A Shell A kako biste svom Dell Latitude E5440 ili E5540 dali svje\u017eu i elegantnu nadogradnju. Iskusite obnovljeno povjerenje u izgled i za\u0161titu va\u0161eg prijenosnog ra\u010dunala.<\/p>\n","protected":false},"excerpt":{"rendered":"<p>Podignite estetiku i za\u0161titite svoje prijenosno ra\u010dunalo Dell Latitude E5440 ili E5540 sa stra\u017enjim poklopcem ku\u0107i\u0161ta A133D2 A Shell A. U\u017eivajte u pobolj\u0161anoj izdr\u017eljivosti i revitaliziranom izgledu.<\/p>\n","protected":false},"featured_media":19651,"template":"","meta":[],"product_brand":[],"product_cat":[51],"product_tag":[52],"class_list":{"0":"post-19593","1":"product","2":"type-product","3":"status-publish","4":"has-post-thumbnail","6":"product_cat-laptop-housing","7":"product_tag-dell","9":"first","10":"instock","11":"taxable","12":"shipping-taxable","13":"purchasable","14":"product-type-simple"},"_links":{"self":[{"href":"https:\/\/boreait.com\/hr\/wp-json\/wp\/v2\/product\/19593","targetHints":{"allow":["GET"]}}],"collection":[{"href":"https:\/\/boreait.com\/hr\/wp-json\/wp\/v2\/product"}],"about":[{"href":"https:\/\/boreait.com\/hr\/wp-json\/wp\/v2\/types\/product"}],"wp:featuredmedia":[{"embeddable":true,"href":"https:\/\/boreait.com\/hr\/wp-json\/wp\/v2\/media\/19651"}],"wp:attachment":[{"href":"https:\/\/boreait.com\/hr\/wp-json\/wp\/v2\/media?parent=19593"}],"wp:term":[{"taxonomy":"product_brand","embeddable":true,"href":"https:\/\/boreait.com\/hr\/wp-json\/wp\/v2\/product_brand?post=19593"},{"taxonomy":"product_cat","embeddable":true,"href":"https:\/\/boreait.com\/hr\/wp-json\/wp\/v2\/product_cat?post=19593"},{"taxonomy":"product_tag","embeddable":true,"href":"https:\/\/boreait.com\/hr\/wp-json\/wp\/v2\/product_tag?post=19593"}],"curies":[{"name":"wp","href":"https:\/\/api.w.org\/{rel}","templated":true}]}}