{"id":19592,"date":"2025-07-25T11:11:00","date_gmt":"2025-07-25T11:11:00","guid":{"rendered":"https:\/\/boreait.com\/hr\/?post_type=product&#038;p=19592"},"modified":"2025-07-25T11:12:18","modified_gmt":"2025-07-25T11:12:18","slug":"6050a2560301-za-hp-plocu-s-gumbom-za-ukljucivanje-elitebook-840-745-g1","status":"publish","type":"product","link":"https:\/\/boreait.com\/hr\/product\/6050a2560301-za-hp-plocu-s-gumbom-za-ukljucivanje-elitebook-840-745-g1\/","title":{"rendered":"6050A2560301 Za HP PLO\u010cU S GUMBOM ZA UKLJU\u010cIVANJE ELITEBOOK 840 745 G1"},"content":{"rendered":"<p>Nadogradite svoje prijenosno ra\u010dunalo HP EliteBook 840 ili 745 G1 s 6050A2560301 plo\u010dom gumba za napajanje. Ovaj originalni HP-ov zamjenski dio dizajniran je za vra\u0107anje funkcionalnosti gumba za uklju\u010divanje va\u0161eg prijenosnog ra\u010dunala, osiguravaju\u0107i nesmetan i brz rad.<\/p>\n<p>Gumb za uklju\u010divanje klju\u010dna je komponenta svakog prijenosnog ra\u010dunala koja vam omogu\u0107uje da bez napora uklju\u010dite i isklju\u010dite svoj ure\u0111aj. Tijekom vremena, istro\u0161enost mo\u017ee dovesti do smanjene u\u010dinkovitosti ili \u010dak kvara ovog klju\u010dnog gumba. S 6050A2560301 plo\u010dom gumba za uklju\u010divanje mo\u017eete udahnuti novi \u017eivot u svoje prijenosno ra\u010dunalo i vratiti mu punu funkcionalnost.<\/p>\n<p>Postupak instalacije je jednostavan, a ova plo\u010da s gumbom za uklju\u010divanje\/isklju\u010divanje projektirana je tako da savr\u0161eno pristaje u va\u0161e prijenosno ra\u010dunalo HP EliteBook 840 ili 745 G1, osiguravaju\u0107i besprijekornu integraciju u sustav. U\u017eivajte u pogodnosti i bezbri\u017enosti koje donosi pouzdana tipka za napajanje na dohvat ruke.<\/p>\n<p>Odaberite plo\u010du gumba za uklju\u010divanje 6050A2560301 za prijenosna ra\u010dunala HP EliteBook 840 i 745 G1 i osigurajte iskustvo upravljanja napajanjem bez muke u godinama koje dolaze.<\/p>\n","protected":false},"excerpt":{"rendered":"<p>O\u017eivite svoje prijenosno ra\u010dunalo HP EliteBook 840 ili 745 G1 s 6050A2560301 plo\u010dom gumba za uklju\u010divanje. Vratite glatku i brzu funkciju gumba za napajanje.<\/p>\n","protected":false},"featured_media":19650,"template":"","meta":[],"product_brand":[],"product_cat":[62],"product_tag":[60],"class_list":{"0":"post-19592","1":"product","2":"type-product","3":"status-publish","4":"has-post-thumbnail","6":"product_cat-motherboards-board-parts","7":"product_tag-hp","9":"first","10":"instock","11":"taxable","12":"shipping-taxable","13":"purchasable","14":"product-type-simple"},"_links":{"self":[{"href":"https:\/\/boreait.com\/hr\/wp-json\/wp\/v2\/product\/19592","targetHints":{"allow":["GET"]}}],"collection":[{"href":"https:\/\/boreait.com\/hr\/wp-json\/wp\/v2\/product"}],"about":[{"href":"https:\/\/boreait.com\/hr\/wp-json\/wp\/v2\/types\/product"}],"wp:featuredmedia":[{"embeddable":true,"href":"https:\/\/boreait.com\/hr\/wp-json\/wp\/v2\/media\/19650"}],"wp:attachment":[{"href":"https:\/\/boreait.com\/hr\/wp-json\/wp\/v2\/media?parent=19592"}],"wp:term":[{"taxonomy":"product_brand","embeddable":true,"href":"https:\/\/boreait.com\/hr\/wp-json\/wp\/v2\/product_brand?post=19592"},{"taxonomy":"product_cat","embeddable":true,"href":"https:\/\/boreait.com\/hr\/wp-json\/wp\/v2\/product_cat?post=19592"},{"taxonomy":"product_tag","embeddable":true,"href":"https:\/\/boreait.com\/hr\/wp-json\/wp\/v2\/product_tag?post=19592"}],"curies":[{"name":"wp","href":"https:\/\/api.w.org\/{rel}","templated":true}]}}